{"id":13041,"date":"2023-03-10T14:22:32","date_gmt":"2023-03-10T12:22:32","guid":{"rendered":"https:\/\/abpolar-ee.vserver.zonevs.eu\/?page_id=13041"},"modified":"2024-02-15T09:26:11","modified_gmt":"2024-02-15T07:26:11","slug":"tietosuojakaytanto","status":"publish","type":"page","link":"https:\/\/abpolar.ee\/fi\/tietosuojakaytanto\/","title":{"rendered":"Tietosuojak\u00e4yt\u00e4nt\u00f6"},"content":{"rendered":"\n<h2 class=\"wp-block-heading wp-el\">1. Milloin tietosuojaehdot ovat voimassa?<\/h2>\n\n\n\n<ul class=\"wp-el wp-block-list\">\n<li>tilaat tavaramme s\u00e4hk\u00f6postitse tai paikan p\u00e4\u00e4ll\u00e4 myym\u00e4l\u00e4ss\u00e4mme;;<\/li>\n\n\n\n<li>l\u00e4het\u00e4t tietopyynn\u00f6n s\u00e4hk\u00f6postitse;<\/li>\n\n\n\n<li>tavaroiden tomittamiseen;<\/li>\n\n\n\n<li>laskujen laatimiseen;<\/li>\n\n\n\n<li>kommunikoimaan kanssasi tilaukseen ja sen toteuttamiseen, niiden k\u00e4sittelyyn ja ratkaisemiseen liittyviss\u00e4 asioissa<\/li>\n<\/ul>\n\n\n\n<h3 class=\"wp-block-heading wp-el\">Kuka on henkil\u00f6tietojesi rekisterinpit\u00e4j\u00e4?<\/h3>\n\n\n\n<p class=\"wp-el\">Henkil\u00f6tietojen rekisterinpit\u00e4j\u00e4 : AB Polar O\u00dc, registrikood 11487689, Harju maakond, Tallinn, Haabersti linnaosa, Veerme tn 40, 11625 , e-post info@abpolar.ee.<\/p>\n\n\n\n<h3 class=\"wp-block-heading wp-el\">Millaisia \u200b\u200bhenkil\u00f6tietoja ker\u00e4\u00e4mme ja mist\u00e4 l\u00e4hteist\u00e4?<\/h3>\n\n\n\n<p class=\"wp-el\">Riippuen siit\u00e4, kuka olet \u2013 asiakas, kuluttaja, toimittaja, liike- tai muu yhteisty\u00f6kumppani \u2013 ja miten olet kanssamme vuorovaikutuksessa (esimerkiksi myym\u00e4l\u00e4ss\u00e4mme, s\u00e4hk\u00f6postitse tai puhelimitse jne.), saatamme k\u00e4sitell\u00e4 erilaisia \u200b\u200bsinua koskevia tietoja. . Saatamme esimerkiksi ker\u00e4t\u00e4 tietojasi, kun vierailet tai k\u00e4yt\u00e4t verkkosivustoamme, kun ostat ja k\u00e4yt\u00e4t tuotteitamme, kun tarjoat meille tuotteitasi tai palveluitasi, kun otat yhteytt\u00e4 asiakastukeen tai muuten kommunikoit kanssamme. Viestinn\u00e4n tavasta ja syyst\u00e4 riippuen my\u00f6s ker\u00e4tt\u00e4v\u00e4t tiedot ovat erilaisia, koska tietojen k\u00e4ytt\u00f6tarkoitukset ovat erilaiset.<\/p>\n\n\n\n<p class=\"wp-el\"><\/p>\n\n\n\n<p class=\"wp-el\"><\/p>\n\n\n\n<h2 class=\"wp-block-heading wp-el\">Ev\u00e4stek\u00e4yt\u00e4nt\u00f6<\/h2>\n\n\n\n<ol class=\"wp-el wp-block-list\">\n<li><strong>Mit\u00e4 ev\u00e4steet ovat?<\/strong><br>Ev\u00e4steet ovat pieni\u00e4 tekstitiedostoja, jotka tallentuvat tietokoneellesi, kun vierailet verkkosivustolla. Nyky\u00e4\u00e4n ev\u00e4steit\u00e4 k\u00e4ytet\u00e4\u00e4n l\u00e4hes kaikilla verkkosivustoilla. Ev\u00e4steiden avulla verkkopalvelimemme tunnistaa k\u00e4ytt\u00e4j\u00e4n ja s\u00e4\u00e4t\u00e4\u00e4 sis\u00e4lt\u00f6\u00e4 automaattisesti verkkosivustolla vierailevan k\u00e4ytt\u00e4j\u00e4n tarpeiden mukaan. Ne tarjoavat meille k\u00e4ytt\u00f6tilastoja, joiden avulla voimme mitata ja parantaa verkkosivustomme suorituskyky\u00e4 ja varmistaa siten palvelun paremman k\u00e4ytt\u00f6kokemuksen.<\/li>\n<\/ol>\n\n\n\n<p class=\"wp-el\">Ev\u00e4steet eiv\u00e4t tallenna henkil\u00f6tietoja ja n\u00e4m\u00e4 tiedot ovat anonyymej\u00e4. Suosittelemme pit\u00e4m\u00e4\u00e4n ev\u00e4steet aktiivisina, sill\u00e4 niiden poistaminen k\u00e4yt\u00f6st\u00e4 voi vaikuttaa selauskokemukseesi.<\/p>\n\n\n\n<ol start=\"2\" class=\"wp-el wp-block-list\">\n<li><strong>Verkkosivustollamme k\u00e4ytetyt ev\u00e4steet<\/strong><br>Tekniset ev\u00e4steet varmistavat sivuston toiminnan, ilman niit\u00e4 sivun t\u00e4rkeit\u00e4 osia ei voida k\u00e4ytt\u00e4\u00e4.<br>Toiminnalliset ev\u00e4steet ovat v\u00e4ltt\u00e4m\u00e4tt\u00f6mi\u00e4 verkkosivuilla liikkumiseen ja mahdollistavat erikoistoimintojen tarjoamisen ja verkkosivuston personoinnin.<br>Analyyttiset ev\u00e4steet ker\u00e4\u00e4v\u00e4t ei-personoimattomassa muodossa tietoja verkkosivuston vierailijoista ja verkkosivuston k\u00e4yt\u00f6st\u00e4 mitatakseen ja parantaakseen verkkosivuston suorituskyky\u00e4.<br>Markkinointiev\u00e4steiden avulla voimme n\u00e4ytt\u00e4\u00e4 sivuston vierailijalle relevantteja mainoksia, mitata mainoskampanjoiden vaikutusta ja luoda profiilin, jonka perusteella kiinnostuksen kohteet vastaavat mainokset voidaan n\u00e4ytt\u00e4\u00e4 my\u00f6s muilla sivustoilla.<\/li>\n\n\n\n<li><strong>Ev\u00e4steiden hallinta<\/strong><br>Voit aina valita, haluatko sallia ev\u00e4steet verkkosivustollasi vai et. Jos et halua sallia ev\u00e4steit\u00e4, voit automaattisesti poistaa ev\u00e4steet k\u00e4yt\u00f6st\u00e4 verkkoselaimen asetuksista tai saada jokaisessa yksitt\u00e4istapauksessa ilmoituksen, jos verkkosivusto vaatii ev\u00e4steen lis\u00e4\u00e4mist\u00e4. Ev\u00e4steiden est\u00e4minen et ehk\u00e4 voi k\u00e4ytt\u00e4\u00e4 verkkosivustomme osaa, toimintoja tai verkkosivustoa kokonaisuudessaan.<\/li>\n\n\n\n<li><strong>Muutokset ev\u00e4stek\u00e4yt\u00e4nt\u00f6\u00f6n<\/strong><br>Pid\u00e4t\u00e4mme oikeuden muuttaa t\u00e4t\u00e4 ev\u00e4stek\u00e4yt\u00e4nt\u00f6\u00e4 milloin tahansa. Julkaisemme muuttuneen ev\u00e4stek\u00e4yt\u00e4nn\u00f6n verkkosivuillamme korostamalla asiaa koskevan ilmoituksen selaimessa.<\/li>\n<\/ol>\n\n\n\n<p class=\"wp-el\">L\u00f6yd\u00e4t lis\u00e4tietoja ev\u00e4steist\u00e4, niiden hallinnasta ja poistamisesta osoitteista www.allaboutcookies.org, www.youronlinechoices.com ja selaimesi &#8221;Ohje&#8221;-osiosta.<\/p>\n\n\n\n<p class=\"wp-el\"><\/p>\n\n\n\n<p class=\"wp-el\"><\/p>\n","protected":false},"excerpt":{"rendered":"<p>1. Milloin tietosuojaehdot ovat voimassa? Kuka on henkil\u00f6tietojesi rekisterinpit\u00e4j\u00e4? Henkil\u00f6tietojen rekisterinpit\u00e4j\u00e4 : AB Polar O\u00dc,&#8230;<\/p>\n","protected":false},"author":1,"featured_media":0,"parent":0,"menu_order":9991,"comment_status":"closed","ping_status":"closed","template":"","meta":{"_acf_changed":false,"inline_featured_image":false,"footnotes":""},"class_list":["post-13041","page","type-page","status-publish","hentry"],"acf":[],"_links":{"self":[{"href":"https:\/\/abpolar.ee\/fi\/wp-json\/wp\/v2\/pages\/13041","targetHints":{"allow":["GET"]}}],"collection":[{"href":"https:\/\/abpolar.ee\/fi\/wp-json\/wp\/v2\/pages"}],"about":[{"href":"https:\/\/abpolar.ee\/fi\/wp-json\/wp\/v2\/types\/page"}],"author":[{"embeddable":true,"href":"https:\/\/abpolar.ee\/fi\/wp-json\/wp\/v2\/users\/1"}],"replies":[{"embeddable":true,"href":"https:\/\/abpolar.ee\/fi\/wp-json\/wp\/v2\/comments?post=13041"}],"version-history":[{"count":2,"href":"https:\/\/abpolar.ee\/fi\/wp-json\/wp\/v2\/pages\/13041\/revisions"}],"predecessor-version":[{"id":13044,"href":"https:\/\/abpolar.ee\/fi\/wp-json\/wp\/v2\/pages\/13041\/revisions\/13044"}],"wp:attachment":[{"href":"https:\/\/abpolar.ee\/fi\/wp-json\/wp\/v2\/media?parent=13041"}],"curies":[{"name":"wp","href":"https:\/\/api.w.org\/{rel}","templated":true}]}}