{"id":16135,"date":"2025-01-28T13:33:38","date_gmt":"2025-01-28T11:33:38","guid":{"rendered":"https:\/\/abpolar.ee\/?page_id=16135"},"modified":"2025-01-28T13:56:43","modified_gmt":"2025-01-28T11:56:43","slug":"elektroniikan-havitys","status":"publish","type":"page","link":"https:\/\/abpolar.ee\/fi\/elektroniikan-havitys\/","title":{"rendered":"Elektroniikan h\u00e4vitys"},"content":{"rendered":"\n<p class=\"wp-el\">Mihin vied\u00e4\u00e4n s\u00e4hk\u00f6- ja elektroniikkaromu?<\/p>\n\n\n\n<p class=\"wp-el\">Voit palauttaa kodin\u00a0<strong>s\u00e4hk\u00f6<\/strong>&#8211; ja elektroniikkalaitteet valtakunnalliseen SER-ker\u00e4yspisteverkostoon maksutta. HSY:lle s\u00e4hk\u00f6laitteita voi tuoda Sortti-asemille ja Sortti-ker\u00e4ysautoon.<\/p>\n\n\n\n<p class=\"wp-el\"><a href=\"https:\/\/elektroonikaromu.ee\/en\/collection-points-for-electronic-waste-and-old-batteries-and-used-accumulators\/\" data-type=\"link\" data-id=\"https:\/\/elektroonikaromu.ee\/en\/collection-points-for-electronic-waste-and-old-batteries-and-used-accumulators\/\" target=\"_blank\" rel=\"noopener\">Ker\u00e4yspisteet Virossa <\/a><\/p>\n\n\n\n<p class=\"wp-el\"><\/p>\n","protected":false},"excerpt":{"rendered":"<p>Mihin vied\u00e4\u00e4n s\u00e4hk\u00f6- ja elektroniikkaromu? Voit palauttaa kodin\u00a0s\u00e4hk\u00f6&#8211; ja elektroniikkalaitteet valtakunnalliseen SER-ker\u00e4yspisteverkostoon maksutta. HSY:lle s\u00e4hk\u00f6laitteita&#8230;<\/p>\n","protected":false},"author":1,"featured_media":0,"parent":0,"menu_order":0,"comment_status":"closed","ping_status":"closed","template":"","meta":{"_acf_changed":false,"inline_featured_image":false,"footnotes":""},"class_list":["post-16135","page","type-page","status-publish","hentry"],"acf":[],"_links":{"self":[{"href":"https:\/\/abpolar.ee\/fi\/wp-json\/wp\/v2\/pages\/16135","targetHints":{"allow":["GET"]}}],"collection":[{"href":"https:\/\/abpolar.ee\/fi\/wp-json\/wp\/v2\/pages"}],"about":[{"href":"https:\/\/abpolar.ee\/fi\/wp-json\/wp\/v2\/types\/page"}],"author":[{"embeddable":true,"href":"https:\/\/abpolar.ee\/fi\/wp-json\/wp\/v2\/users\/1"}],"replies":[{"embeddable":true,"href":"https:\/\/abpolar.ee\/fi\/wp-json\/wp\/v2\/comments?post=16135"}],"version-history":[{"count":1,"href":"https:\/\/abpolar.ee\/fi\/wp-json\/wp\/v2\/pages\/16135\/revisions"}],"predecessor-version":[{"id":16136,"href":"https:\/\/abpolar.ee\/fi\/wp-json\/wp\/v2\/pages\/16135\/revisions\/16136"}],"wp:attachment":[{"href":"https:\/\/abpolar.ee\/fi\/wp-json\/wp\/v2\/media?parent=16135"}],"curies":[{"name":"wp","href":"https:\/\/api.w.org\/{rel}","templated":true}]}}