{"id":12510,"date":"2024-01-30T13:02:46","date_gmt":"2024-01-30T11:02:46","guid":{"rendered":"https:\/\/abpolar-ee.vserver.zonevs.eu\/?post_type=product&#038;p=12510"},"modified":"2025-02-17T11:01:39","modified_gmt":"2025-02-17T09:01:39","slug":"paviljonki-palram-canopia-martinique-4300-3x43m-harmaa","status":"publish","type":"product","link":"https:\/\/abpolar.ee\/fi\/paviljonki-palram-canopia-martinique-4300-3x43m-harmaa\/","title":{"rendered":"Paviljonki Palram-Canopia Martinique 4300, 3&#215;4,3m harmaa"},"content":{"rendered":"<h2 class=\"page-title\"><span class=\"base\" data-ui-id=\"page-title-wrapper\">Paviljonki Palram-Canopia Martinique 4300, 3&#215;4,3m harmaa<\/span><\/h2>\n<p>Paviljonki Palram-Canopia Martinique 4300 harmaa on puutarhasi uusi keskipiste. My\u00f6s pergolaksi ja puutarhakatokseksi kutsuttu paviljonki Martinique luo elegantin, tyylikk\u00e4\u00e4n oleskelutilan, jota voit k\u00e4ytt\u00e4\u00e4 vuoden ymp\u00e4ri. Runko on pulverimaalattu tyylikk\u00e4\u00e4n harmaaksi ja kattopaneelit ovat pronssin v\u00e4riseksi s\u00e4vytettyj\u00e4. T\u00e4m\u00e4 ruostumaton ja huoltovapaa oleskelutila n\u00e4ytt\u00e4\u00e4 tyylikk\u00e4\u00e4lt\u00e4 jokaisessa puutarhassa. Vankka rakenne perustuu alumiiniprofiilipalkkeihin ja kaksisein\u00e4m\u00e4isiin 6 mm polykarbonaattipaneeleihin, jotka suojaavat paitsi ihmisi\u00e4 niin my\u00f6s esimerkiksi huonekaluja haitalliselta UV-s\u00e4teilylt\u00e4, raekuuroilta ja lumelta.<\/p>\n<p>Palram-Canopia Martiniquella luot helposti viihtyis\u00e4n ja elegantin oleskelutilan pihaasi. Eritt\u00e4in kest\u00e4v\u00e4 alumiinirunko on ruostevapaa ja antaa jo materiaalinsa puolesta elegantin vaikutelman puutarhaasi samalla, kun pronssiin s\u00e4vytetyt paneelit luovat aurinkoista tunnelmaa pilvisen\u00e4kin p\u00e4iv\u00e4n\u00e4 ja varjostavat sopivasti helteell\u00e4. Rakenteeseen integroidut r\u00e4yst\u00e4skourut ja veden ohjaimet mahdollistavat sadeveden ker\u00e4\u00e4misen niin haluttaessa. Rakenne on tehty kest\u00e4m\u00e4\u00e4n ankariakin s\u00e4\u00e4olosuhteita, eik\u00e4 paneeleita tarvitse poistaa talveksi. Paviljongissa on my\u00f6s ilmanvaihtoa auttava koristeellinen tuulen ja savun kanavointi keskell\u00e4 kattoa.<\/p>\n<p>Paviljongin pystytys sujuu helposti kahdelta ihmiselt\u00e4. Rakenteissa on valmiiksi poratut rei\u00e4t paikoillaan, paneelit on valmiiksi leikattu ja kaikki ruuvit sek\u00e4 muut asennustarvikkeet ovat pakkauksessa mukana. Katoksen nelj\u00e4 j\u00e4m\u00e4kk\u00e4\u00e4 jalkaa voidaan ankkuroida mihin tahansa alustaan ja tarvittaessa my\u00f6s siirt\u00e4\u00e4 ja ankkuroida uuteen paikkaan.<\/p>\n<h4>TUOTTEEN MITAT:<\/h4>\n<ul>\n<li><strong>Korkeus : 274,5 cm<\/strong><\/li>\n<li><strong>Leveys : 295,5 cm<\/strong><\/li>\n<li><strong>Syvyys : 430 cm<\/strong><\/li>\n<li><strong>Koko: 3 x 4,3 m<\/strong><\/li>\n<li><strong>Tuotteen paino : 87,8 kg<\/strong><\/li>\n<\/ul>\n<h4>TUOTTEEN OMINAISUUDET:<\/h4>\n<ul>\n<li><strong>V\u00e4ri: Harmaa<\/strong><\/li>\n<li><strong>V\u00e4rin tarkenne: Harmaa RAL 7016<\/strong><\/li>\n<li><strong>Materiaali: Alumiini, Polykarbonaatti<\/strong><\/li>\n<li><strong>Materiaalin tarkenne: Pulverimaalattu alumiinirunko, katto 6 mm polykarbonaattia<\/strong><\/li>\n<li><strong>Korkeus r\u00e4yst\u00e4skouruun: 217 cm<\/strong><\/li>\n<li><strong>Lumikuormankest\u00e4vyys: 75 kg\/m\u00b2<\/strong><\/li>\n<li><strong>Tuulenkest\u00e4vyys: 25 m\/s<\/strong><\/li>\n<li><strong>Pinta-ala: 12,7 m\u00b2<\/strong><\/li>\n<li><strong>Kattopaneelien v\u00e4ri: Harmaa<\/strong><\/li>\n<\/ul>\n<p>LUMIKUORMA<br \/>\nKatoilta on aina poistettava liika lumikuorma. Takuu ei kata lumikuorman ylipainosta johtuvaa katon romahtamista.<\/p>\n<div data-fullscreen=\"disabled\" data-mode=\"normal\" data-oembed=\"1\" data-provider=\"youtube\" data-reset-after-played id=\"arve-youtube-oszk3dlxfpy\" class=\"arve\">\n<div class=\"arve-inner\">\n<div style=\"aspect-ratio:585\/329\" class=\"arve-embed arve-embed--has-aspect-ratio\">\n<div class=\"arve-ar\" style=\"padding-top:56.239316%\"><\/div>\n<p>\t\t\t<iframe allow=\"accelerometer &apos;none&apos;;autoplay &apos;none&apos;;bluetooth &apos;none&apos;;browsing-topics &apos;none&apos;;camera &apos;none&apos;;clipboard-read &apos;none&apos;;clipboard-write;display-capture &apos;none&apos;;encrypted-media &apos;none&apos;;gamepad &apos;none&apos;;geolocation &apos;none&apos;;gyroscope &apos;none&apos;;hid &apos;none&apos;;identity-credentials-get &apos;none&apos;;idle-detection &apos;none&apos;;keyboard-map &apos;none&apos;;local-fonts;magnetometer &apos;none&apos;;microphone &apos;none&apos;;midi &apos;none&apos;;otp-credentials &apos;none&apos;;payment &apos;none&apos;;picture-in-picture;publickey-credentials-create &apos;none&apos;;publickey-credentials-get &apos;none&apos;;screen-wake-lock &apos;none&apos;;serial &apos;none&apos;;summarizer &apos;none&apos;;sync-xhr;usb &apos;none&apos;;web-share;window-management &apos;none&apos;;xr-spatial-tracking &apos;none&apos;;\" allowfullscreen=\"\" class=\"arve-iframe fitvidsignore\" credentialless data-arve=\"arve-youtube-oszk3dlxfpy\" data-lenis-prevent=\"\" data-src-no-ap=\"https:\/\/www.youtube-nocookie.com\/embed\/oSZK3DLxfPY?feature=oembed&amp;iv_load_policy=3&amp;modestbranding=1&amp;rel=0&amp;autohide=1&amp;playsinline=0&amp;autoplay=0&amp;enablejsapi=1\" frameborder=\"0\" height=\"0\" loading=\"lazy\" name=\"\" referrerpolicy=\"strict-origin-when-cross-origin\" sandbox=\"allow-scripts allow-same-origin allow-presentation allow-popups allow-popups-to-escape-sandbox\" scrolling=\"no\" src=\"https:\/\/www.youtube-nocookie.com\/embed\/oSZK3DLxfPY?feature=oembed&#038;iv_load_policy=3&#038;modestbranding=1&#038;rel=0&#038;autohide=1&#038;playsinline=0&#038;autoplay=0&#038;enablejsapi=1\" title=\"How to Assemble Martinique Garden Gazebo | Canopia by Palram [FULL GUIDE]\" width=\"0\"><\/iframe><\/p><\/div>\n<\/p><\/div>\n<p>\t<script type=\"application\/ld+json\">{\"@context\":\"http:\\\/\\\/schema.org\\\/\",\"@id\":\"https:\\\/\\\/abpolar.ee\\\/fi\\\/paviljonki-palram-canopia-martinique-4300-3x43m-harmaa\\\/#arve-youtube-oszk3dlxfpy\",\"type\":\"VideoObject\",\"embedURL\":\"https:\\\/\\\/www.youtube-nocookie.com\\\/embed\\\/oSZK3DLxfPY?feature=oembed&iv_load_policy=3&modestbranding=1&rel=0&autohide=1&playsinline=0&autoplay=0&enablejsapi=1\",\"name\":\"How to Assemble Martinique Garden Gazebo | Canopia by Palram [FULL GUIDE]\",\"thumbnailUrl\":\"https:\\\/\\\/i.ytimg.com\\\/vi\\\/oSZK3DLxfPY\\\/hqdefault.jpg\",\"uploadDate\":\"2020-02-25T08:31:07Z\",\"author\":\"Canopia by Palram\",\"description\":\"In this video, we'll show you how to assemble the Martinique\\u2122 Hardtop Garden Gazebo and make your outdoor space even more stunning.\\n\\n\\ud83d\\udd58Timestamps:\\n00:00 Intro\\n1:09  Roof Frame Assembly \\n2:44 Poles Assembly\\n3:41 Roof Panels assembly\\n\\nHighly durable, elegant garden gazebo Firm, rust-resistant aluminum structure, engineered to withstand harsh weather conditions Lifetime twin-wall bronze tinted polycarbonate roofing; does not turn yellow or become brittle over time Proprietary screw-free glazing assembly system, specially developed to prevent rain\\\/dew leaks 100% protection from harmful sun rays (UV) allows endless recreation time outdoor Maintenance-free and built-to-last thanks to outstandingly durable materials Made with 100% recyclable components \\n\\n--------------------------------------------------------------------\\n\\nPurchase here: \\n\\n\\u25b6\\ufe0f Learn more about Martinique\\u2122 Garden Gazebo: \\n\\n\\ud83c\\udfac Get Inspired by Martinique\\u2122: \\n\\n\\ud83d\\udd14 SUBSCRIBE to Canopia by Palram: \\n\\n--------------------------------------------------------------------\\n\\nFollow Us & Stay Tuned\\n\\n\\u2705 Website: \\n\\u2705 Facebook: \\n\\u2705 Twitter: \\n\\u2705 Instagram: \\n\\u2705 Pinterest: \\n\\u2705 Linkedin: \\n\\u2705 TikTok: \\n\\n#canopia #hardtopgardengazebo #howtoassemble\"}<\/script><\/p>\n<\/div>\n<p>&nbsp;<\/p>\n","protected":false},"excerpt":{"rendered":"<p>Paviljonki Palram-Canopia Martinique 4300, 3&#215;4,3m harmaa Paviljonki Palram-Canopia Martinique 4300 harmaa on puutarhasi uusi keskipiste&#8230;.<\/p>\n","protected":false},"featured_media":12492,"template":"","meta":{"_acf_changed":false,"inline_featured_image":false},"product_brand":[],"product_cat":[220,212,558],"product_tag":[],"class_list":{"0":"post-12510","1":"product","2":"type-product","3":"status-publish","4":"has-post-thumbnail","6":"product_cat-piha","7":"product_cat-puutarhakatokset","8":"product_cat-terassikatokset","10":"first","11":"instock","12":"sale","13":"taxable","14":"shipping-taxable","15":"purchasable","16":"product-type-simple"},"acf":[],"_links":{"self":[{"href":"https:\/\/abpolar.ee\/fi\/wp-json\/wp\/v2\/product\/12510","targetHints":{"allow":["GET"]}}],"collection":[{"href":"https:\/\/abpolar.ee\/fi\/wp-json\/wp\/v2\/product"}],"about":[{"href":"https:\/\/abpolar.ee\/fi\/wp-json\/wp\/v2\/types\/product"}],"wp:featuredmedia":[{"embeddable":true,"href":"https:\/\/abpolar.ee\/fi\/wp-json\/wp\/v2\/media\/12492"}],"wp:attachment":[{"href":"https:\/\/abpolar.ee\/fi\/wp-json\/wp\/v2\/media?parent=12510"}],"wp:term":[{"taxonomy":"product_brand","embeddable":true,"href":"https:\/\/abpolar.ee\/fi\/wp-json\/wp\/v2\/product_brand?post=12510"},{"taxonomy":"product_cat","embeddable":true,"href":"https:\/\/abpolar.ee\/fi\/wp-json\/wp\/v2\/product_cat?post=12510"},{"taxonomy":"product_tag","embeddable":true,"href":"https:\/\/abpolar.ee\/fi\/wp-json\/wp\/v2\/product_tag?post=12510"}],"curies":[{"name":"wp","href":"https:\/\/api.w.org\/{rel}","templated":true}]}}