{"id":12556,"date":"2024-01-30T13:03:07","date_gmt":"2024-01-30T11:03:07","guid":{"rendered":"https:\/\/abpolar-ee.vserver.zonevs.eu\/?post_type=product&#038;p=12556"},"modified":"2024-01-31T16:26:21","modified_gmt":"2024-01-31T14:26:21","slug":"terassikatos-palram-canopia-olympia-3x546m-harmaa-pronssi","status":"publish","type":"product","link":"https:\/\/abpolar.ee\/fi\/terassikatos-palram-canopia-olympia-3x546m-harmaa-pronssi\/","title":{"rendered":"Terassikatos Palram-Canopia Olympia, 3\u00d75,46m, harmaa\/pronssi"},"content":{"rendered":"<h2 class=\"page-title\"><span class=\"base\" data-ui-id=\"page-title-wrapper\">Terassikatos Palram-Canopia Olympia, 3\u00d75,46m, harmaa\/pronssi<\/span><\/h2>\n<p>Rentoudu ja nauti ulkoilmasta Palram-Canopia 3\u00d75,46-metrisen Olympia-terassikatoksen alla. Katos on suunniteltu kest\u00e4m\u00e4\u00e4n ankaria s\u00e4\u00e4olosuhteita, raskaita lumikuormia ja kovaa tuulta. K\u00e4yt\u00e4nn\u00f6ss\u00e4 s\u00e4rkym\u00e4tt\u00f6m\u00e4t 16 mm:n polykarbonaattikennolevyst\u00e4 valmistetut kattopaneelit ovat 100-prosenttisesti UV-suojattuja, ja ne est\u00e4v\u00e4t haitallisen UV-s\u00e4teilyn. Asennus onnistuu itse turvallisesti, nopeasti ja helposti liukuasennettavien kattopaneelien ja valmiiksi porattujen profiilien avulla. Ruuvit sis\u00e4ltyv\u00e4t toimitukseen.<\/p>\n<p>Katoksessa on s\u00e4\u00e4dett\u00e4v\u00e4 sein\u00e4liitos ja vapaasti sijoitettavat, tukevat 8\u00d78 cm etutolpat. Tukeva rakenne koostuu lujatekoisista ja korroosionkest\u00e4vist\u00e4 jauhemaalatuista alumiiniprofiileista ja galvanoiduista ter\u00e4sliitoksista. Toimitus sis\u00e4lt\u00e4\u00e4 ankkurointi- ja jalkalevyt, joilla voit kiinnitt\u00e4\u00e4 terassikatoksen valitsemallesi alustalle. Integroitu 50 mm r\u00e4yst\u00e4sj\u00e4rjestelm\u00e4 mahdollistaa sadeveden kanavoinnin ja ker\u00e4\u00e4misen kasteluj\u00e4rjestelm\u00e4\u00e4 varten. Huoltovapaa katos ei ruostu, lahoa tai lohkeile.<\/p>\n<h4>TUOTTEEN MITAT:<\/h4>\n<ul>\n<li><strong>Harjakorkeus : 305 cm<\/strong><\/li>\n<li><strong>R\u00e4yst\u00e4skorkeus : 210 cm<\/strong><\/li>\n<li><strong>Leveys : 546 cm<\/strong><\/li>\n<li><strong>Syvyys : 295 cm<\/strong><\/li>\n<li><strong>Pinta-ala :\u00a0 16,1 m\u00b2<\/strong><\/li>\n<\/ul>\n<h4>TUOTTEEN OMINAISUUDET:<\/h4>\n<ul>\n<li><strong>V\u00e4ri: Harmaa<\/strong><\/li>\n<li><strong>Materiaali: Alumiini<\/strong><\/li>\n<li><strong>Pintak\u00e4sittely: Pulverimaalattu<\/strong><\/li>\n<li><strong>Kattomalli: Pulpettikatto<\/strong><\/li>\n<li><strong>Katon pinta-ala : 16,1 m\u00b2<\/strong><\/li>\n<li><strong>Takuuaika: 12 vuotta<\/strong><\/li>\n<li><strong>Tuulenkest\u00e4vyys: 120 km\/h<\/strong><\/li>\n<li><strong>Valonl\u00e4p\u00e4isy: pronssi, 10 %<\/strong><\/li>\n<li><strong>Paino: 96,7 kg<\/strong><\/li>\n<li><strong>Liukuasennettavat paneelit<\/strong><\/li>\n<li><strong>Sis\u00e4lt\u00e4\u00e4 r\u00e4yst\u00e4skourut ja -putket<\/strong><\/li>\n<li><strong>Vapaasti sijoitettavat tolpat<\/strong><\/li>\n<li><strong>Sis\u00e4lt\u00e4\u00e4 ankkurointi- ja jalkalevyt<\/strong><\/li>\n<li><strong><i>Tarkennus mittatiedoista: Harjakorkeus tarkoittaa katon korkeinta kohtaa ja r\u00e4yst\u00e4skorkeus katon alinta kohtaa.<\/i><\/strong><\/li>\n<\/ul>\n","protected":false},"excerpt":{"rendered":"<p>Terassikatos Palram-Canopia Olympia, 3\u00d75,46m, harmaa\/pronssi Rentoudu ja nauti ulkoilmasta Palram-Canopia 3\u00d75,46-metrisen Olympia-terassikatoksen alla. Katos on&#8230;<\/p>\n","protected":false},"featured_media":12546,"template":"","meta":{"_acf_changed":false,"inline_featured_image":false},"product_brand":[],"product_cat":[220,212,558],"product_tag":[],"class_list":{"0":"post-12556","1":"product","2":"type-product","3":"status-publish","4":"has-post-thumbnail","6":"product_cat-piha","7":"product_cat-puutarhakatokset","8":"product_cat-terassikatokset","10":"first","11":"instock","12":"sale","13":"taxable","14":"shipping-taxable","15":"purchasable","16":"product-type-simple"},"acf":[],"_links":{"self":[{"href":"https:\/\/abpolar.ee\/fi\/wp-json\/wp\/v2\/product\/12556","targetHints":{"allow":["GET"]}}],"collection":[{"href":"https:\/\/abpolar.ee\/fi\/wp-json\/wp\/v2\/product"}],"about":[{"href":"https:\/\/abpolar.ee\/fi\/wp-json\/wp\/v2\/types\/product"}],"wp:featuredmedia":[{"embeddable":true,"href":"https:\/\/abpolar.ee\/fi\/wp-json\/wp\/v2\/media\/12546"}],"wp:attachment":[{"href":"https:\/\/abpolar.ee\/fi\/wp-json\/wp\/v2\/media?parent=12556"}],"wp:term":[{"taxonomy":"product_brand","embeddable":true,"href":"https:\/\/abpolar.ee\/fi\/wp-json\/wp\/v2\/product_brand?post=12556"},{"taxonomy":"product_cat","embeddable":true,"href":"https:\/\/abpolar.ee\/fi\/wp-json\/wp\/v2\/product_cat?post=12556"},{"taxonomy":"product_tag","embeddable":true,"href":"https:\/\/abpolar.ee\/fi\/wp-json\/wp\/v2\/product_tag?post=12556"}],"curies":[{"name":"wp","href":"https:\/\/api.w.org\/{rel}","templated":true}]}}