{"id":12633,"date":"2024-01-30T13:02:57","date_gmt":"2024-01-30T11:02:57","guid":{"rendered":"https:\/\/abpolar-ee.vserver.zonevs.eu\/?post_type=product&#038;p=12633"},"modified":"2024-01-31T16:26:37","modified_gmt":"2024-01-31T14:26:37","slug":"terassikatos-palram-canopia-feria-3x3m-valkoinen-kirkas","status":"publish","type":"product","link":"https:\/\/abpolar.ee\/fi\/terassikatos-palram-canopia-feria-3x3m-valkoinen-kirkas\/","title":{"rendered":"Terassikatos Palram-Canopia Feria 3x3m, valkoinen\/kirkas"},"content":{"rendered":"<h2>Terassikatos Palram-Canopia Feria 3x3m, valkoinen\/kirkas<\/h2>\n<p>Palram-Canopia Feria terassikatos on suunniteltu tee-se-itse periaatteella ja sen kokoaminen on helppoa. 2 henkil\u00f6\u00e4 kokoaa terassikatoksen n\u00e4pp\u00e4r\u00e4sti ja tuotteen paina &amp; lukitse -systeemi tekee koko prosessista turvallisen ja helpon. Ei katolla kiipeily\u00e4! Katto on 100% UV-suojattu 8 mm polykarbonaattikennolevy\u00e4. Terassikatoksessa on my\u00f6s tukeva ja kest\u00e4v\u00e4 pulverimaalattu alumiinirunko.<\/p>\n<h4>TUOTTEEN MITAT:<\/h4>\n<ul>\n<li>Harjakorkeus : 305 cm<\/li>\n<li>R\u00e4yst\u00e4skorkeus : 210 cm<\/li>\n<li>Leveys : 307 cm<\/li>\n<li>Syvyys : 295 cm<\/li>\n<li>Pinta-ala : 9 m\u00b2<\/li>\n<li>Katon pinta-ala : 9 m\u00b2<\/li>\n<\/ul>\n<h4>TUOTTEEN OMINAISUUDET:<\/h4>\n<ul>\n<li>V\u00e4ri: Valkoinen<\/li>\n<li>Materiaali: Alumiini, Metalli, Muovi, Polykarbonaatti<\/li>\n<li>Materiaalin tarkenne: Metalli|Muovi<\/li>\n<li>Pintak\u00e4sittely: Pulverimaalattu<\/li>\n<li>Kattomalli: Pulpettikatto<\/li>\n<li>Sis\u00e4lt\u00e4\u00e4 vesikatemateriaalin: Kyll\u00e4<\/li>\n<li>Sis\u00e4lt\u00e4\u00e4 lattian: Ei<\/li>\n<li>S\u00e4\u00e4dett\u00e4v\u00e4 korkeus: 260-305 cm<\/li>\n<li>Katto: 8mm polykarbonaattikennolevy<\/li>\n<li><i>Tarkennus mittatiedoista: Harjakorkeus tarkoittaa katon korkeinta kohtaa ja r\u00e4yst\u00e4skorkeus katon alinta kohtaa.<\/i><\/li>\n<\/ul>\n<h4>TUOTTEEN TEKNISET TIEDOT:<\/h4>\n<ul>\n<li>Lumikuorma (kg\/m\u00b2): 150<\/li>\n<\/ul>\n<h4>LUMIKUORMA<\/h4>\n<p>Katoilta on aina poistettava liika lumikuorma. Takuu ei kata lumikuorman ylipainosta johtuvaa katon romahtamista.<\/p>\n<p>&nbsp;<\/p>\n<div data-fullscreen=\"disabled\" data-mode=\"normal\" data-oembed=\"1\" data-provider=\"youtube\" data-reset-after-played id=\"arve-youtube-fp_xgogttg4\" class=\"arve\">\n<div class=\"arve-inner\">\n<div style=\"aspect-ratio:585\/329\" class=\"arve-embed arve-embed--has-aspect-ratio\">\n<div class=\"arve-ar\" style=\"padding-top:56.239316%\"><\/div>\n<p>\t\t\t<iframe allow=\"accelerometer &apos;none&apos;;autoplay &apos;none&apos;;bluetooth &apos;none&apos;;browsing-topics &apos;none&apos;;camera &apos;none&apos;;clipboard-read &apos;none&apos;;clipboard-write;display-capture &apos;none&apos;;encrypted-media &apos;none&apos;;gamepad &apos;none&apos;;geolocation &apos;none&apos;;gyroscope &apos;none&apos;;hid &apos;none&apos;;identity-credentials-get &apos;none&apos;;idle-detection &apos;none&apos;;keyboard-map &apos;none&apos;;local-fonts;magnetometer &apos;none&apos;;microphone &apos;none&apos;;midi &apos;none&apos;;otp-credentials &apos;none&apos;;payment &apos;none&apos;;picture-in-picture;publickey-credentials-create &apos;none&apos;;publickey-credentials-get &apos;none&apos;;screen-wake-lock &apos;none&apos;;serial &apos;none&apos;;summarizer &apos;none&apos;;sync-xhr;usb &apos;none&apos;;web-share;window-management &apos;none&apos;;xr-spatial-tracking &apos;none&apos;;\" allowfullscreen=\"\" class=\"arve-iframe fitvidsignore\" credentialless data-arve=\"arve-youtube-fp_xgogttg4\" data-lenis-prevent=\"\" data-src-no-ap=\"https:\/\/www.youtube-nocookie.com\/embed\/fP_XGOgTTg4?list=PLiCzLT-PxNSAMaFZc0yxsfA2A9Jo7RfP2&amp;iv_load_policy=3&amp;modestbranding=1&amp;rel=0&amp;autohide=1&amp;playsinline=0&amp;autoplay=0&amp;enablejsapi=1\" frameborder=\"0\" height=\"0\" loading=\"lazy\" name=\"\" referrerpolicy=\"strict-origin-when-cross-origin\" sandbox=\"allow-scripts allow-same-origin allow-presentation allow-popups allow-popups-to-escape-sandbox\" scrolling=\"no\" src=\"https:\/\/www.youtube-nocookie.com\/embed\/fP_XGOgTTg4?list=PLiCzLT-PxNSAMaFZc0yxsfA2A9Jo7RfP2&#038;iv_load_policy=3&#038;modestbranding=1&#038;rel=0&#038;autohide=1&#038;playsinline=0&#038;autoplay=0&#038;enablejsapi=1\" title=\"How to Assemble Feria\u2122 Patio Cover | Canopia by Palram\" width=\"0\"><\/iframe><\/p><\/div>\n<\/p><\/div>\n<p>\t<script type=\"application\/ld+json\">{\"@context\":\"http:\\\/\\\/schema.org\\\/\",\"@id\":\"https:\\\/\\\/abpolar.ee\\\/fi\\\/terassikatos-palram-canopia-feria-3x3m-valkoinen-kirkas\\\/#arve-youtube-fp_xgogttg4\",\"type\":\"VideoObject\",\"embedURL\":\"https:\\\/\\\/www.youtube-nocookie.com\\\/embed\\\/fP_XGOgTTg4?list=PLiCzLT-PxNSAMaFZc0yxsfA2A9Jo7RfP2&iv_load_policy=3&modestbranding=1&rel=0&autohide=1&playsinline=0&autoplay=0&enablejsapi=1\",\"name\":\"How to Assemble Feria\\u2122 Patio Cover | Canopia by Palram\",\"thumbnailUrl\":\"https:\\\/\\\/i.ytimg.com\\\/vi\\\/fP_XGOgTTg4\\\/hqdefault.jpg\",\"uploadDate\":\"2015-08-03T05:04:56Z\",\"author\":\"Canopia by Palram\",\"description\":\"This video will show you how to assemble the Feria\\u2122 patio cover. Make your patio the center of your outdoor relaxation with a Feria patio cover. \\n\\nAesthetic roofing solution \\u2013 allows for various outdoor usage, patio cover, carport or sun lounge area\\n\\u2714\\ufe0f Designed and constructed with weather proof, waterproof & maintenance-free materials\\ncreating a beautiful outdoor space\\n\\u2714\\ufe0f Poles & wall mounting plate are adjustable to meet your specific needs\\n\\u2714\\ufe0f Virtually unbreakable, UV resistant 6mm polycarbonate roof panels\\n\\u2714\\ufe0f Panels options: clear \\\/ grey\\n\\u2714\\ufe0f Non yellowing UV protected roof panels\\n\\u2714\\ufe0f Highly durable & corrosion resistant powder coated aluminum profiles & galvanized\\nsteel connector\\n\\u2714\\ufe0f Built-in rain gutter & adjustable gutter heads (dia. 50 mm \\\/ 2\\u201d)\\n\\u2714\\ufe0f Anchoring & foot-pads kit included\\n\\u2714\\ufe0f Simple DIY assembly \\u2013 Sliding roof panels\\u2019 installation\\n\\u2714\\ufe0f A wide range of sizes available\\n\\u2714\\ufe0f Add a spot of brightness to your space with the Lighting System (sold separately)\\n\\n--------------------------------------------------------------------\\n\\n\\u25b6\\ufe0f Learn more about Feria\\u2122 Patio Cover\\n10 Ft. Series: \\n13 Ft. Series: \\n\\n\\ud83c\\udfac Watch more about Feria\\u2122: \\n\\n\\ud83c\\udfac Watch more about our Patio Covers:  \\n\\n\\ud83d\\udd14 SUBSCRIBE to Canopia by Palram: \\n\\n--------------------------------------------------------------------\\n\\nFollow Us & Stay Tuned\\n\\n\\u2705 Website: \\n\\u2705 Facebook: \\n\\u2705 Twitter: \\n\\u2705 Instagram: \\n\\u2705 Pinterest: \\n\\u2705 Linkedin: \\n\\u2705 TikTok: \\n\\n#canopia #patiocover #howtoassemble\"}<\/script><\/p>\n<\/div>\n<p>&nbsp;<\/p>\n<p>&nbsp;<\/p>\n","protected":false},"excerpt":{"rendered":"<p>Terassikatos Palram-Canopia Feria 3x3m, valkoinen\/kirkas Palram-Canopia Feria terassikatos on suunniteltu tee-se-itse periaatteella ja sen kokoaminen&#8230;<\/p>\n","protected":false},"featured_media":12636,"template":"","meta":{"_acf_changed":false,"inline_featured_image":false},"product_brand":[],"product_cat":[220,212,558],"product_tag":[],"class_list":{"0":"post-12633","1":"product","2":"type-product","3":"status-publish","4":"has-post-thumbnail","6":"product_cat-piha","7":"product_cat-puutarhakatokset","8":"product_cat-terassikatokset","10":"first","11":"instock","12":"taxable","13":"shipping-taxable","14":"purchasable","15":"product-type-simple"},"acf":[],"_links":{"self":[{"href":"https:\/\/abpolar.ee\/fi\/wp-json\/wp\/v2\/product\/12633","targetHints":{"allow":["GET"]}}],"collection":[{"href":"https:\/\/abpolar.ee\/fi\/wp-json\/wp\/v2\/product"}],"about":[{"href":"https:\/\/abpolar.ee\/fi\/wp-json\/wp\/v2\/types\/product"}],"wp:featuredmedia":[{"embeddable":true,"href":"https:\/\/abpolar.ee\/fi\/wp-json\/wp\/v2\/media\/12636"}],"wp:attachment":[{"href":"https:\/\/abpolar.ee\/fi\/wp-json\/wp\/v2\/media?parent=12633"}],"wp:term":[{"taxonomy":"product_brand","embeddable":true,"href":"https:\/\/abpolar.ee\/fi\/wp-json\/wp\/v2\/product_brand?post=12633"},{"taxonomy":"product_cat","embeddable":true,"href":"https:\/\/abpolar.ee\/fi\/wp-json\/wp\/v2\/product_cat?post=12633"},{"taxonomy":"product_tag","embeddable":true,"href":"https:\/\/abpolar.ee\/fi\/wp-json\/wp\/v2\/product_tag?post=12633"}],"curies":[{"name":"wp","href":"https:\/\/api.w.org\/{rel}","templated":true}]}}