{"id":12698,"date":"2024-01-30T13:02:54","date_gmt":"2024-01-30T11:02:54","guid":{"rendered":"https:\/\/abpolar-ee.vserver.zonevs.eu\/?post_type=product&#038;p=12698"},"modified":"2024-01-31T16:26:41","modified_gmt":"2024-01-31T14:26:41","slug":"terassikatos-palram-canopia-feria-3x5-5m-harmaa-kirkas","status":"publish","type":"product","link":"https:\/\/abpolar.ee\/fi\/terassikatos-palram-canopia-feria-3x5-5m-harmaa-kirkas\/","title":{"rendered":"Terassikatos Palram-Canopia Feria 3&#215;5,46m, harmaa\/kirkas"},"content":{"rendered":"<h2>Terassikatos Palram-Canopia Feria 3&#215;5,46m, harmaa\/kirkas<\/h2>\n<p>Tyylik\u00e4s Palram-Canopia Feria 3&#215;5,5m on laadukas ja helposti koottava terassikatos. Kokoaminen onnistuu kahdelta henkil\u00f6lt\u00e4 helposti ja katoksen n\u00e4pp\u00e4r\u00e4 paina ja lukitse-systeemi tekee kokoamisprosessista turvallisen. Katoksessa on kest\u00e4v\u00e4 ja eritt\u00e4in tukeva alumiinirunko, joka on pulverimaalattu harmaaksi. Katoksen kirkas katto on 8 mm paksua ja eritt\u00e4in kest\u00e4v\u00e4\u00e4 polykarbonaattikennolevy\u00e4, joka on my\u00f6s 100% UV-suojattu.<\/p>\n<h4><strong>TUOTTEEN MITAT:<\/strong><\/h4>\n<ul>\n<li><strong>Harjakorkeus : 305 cm<\/strong><\/li>\n<li><strong>R\u00e4yst\u00e4skorkeus : 210 cm<\/strong><\/li>\n<li><strong>Leveys : 546 cm<\/strong><\/li>\n<li><strong>Syvyys : 300 cm<\/strong><\/li>\n<li><strong>Pinta-ala : 16,1 m\u00b2<\/strong><\/li>\n<li><strong>Katon pinta-ala : 16 m\u00b2<\/strong><\/li>\n<\/ul>\n<h4><strong>TUOTTEEN OMINAISUUDET:<\/strong><\/h4>\n<ul>\n<li><strong>V\u00e4ri: Harmaa<\/strong><\/li>\n<li><strong>Materiaali: Alumiini, Metalli, Muovi, Polykarbonaatti<\/strong><\/li>\n<li><strong>Materiaalin tarkenne: Metalli|Muovi<\/strong><\/li>\n<li><strong>Pintak\u00e4sittely: Pulverimaalattu<\/strong><\/li>\n<li><strong>Kattomalli: Pulpettikatto<\/strong><\/li>\n<li><strong>Sis\u00e4lt\u00e4\u00e4 vesikatemateriaalin: Kyll\u00e4<\/strong><\/li>\n<li><strong>Sis\u00e4lt\u00e4\u00e4 lattian: Ei<\/strong><\/li>\n<li><strong>S\u00e4\u00e4dett\u00e4v\u00e4 korkeus: 260-305 cm<\/strong><\/li>\n<li><strong>Katto: 8mm polykarbonaattikennolevy<\/strong><\/li>\n<li><strong><i>Tarkennus mittatiedoista: Harjakorkeus tarkoittaa katon korkeinta kohtaa ja r\u00e4yst\u00e4skorkeus katon alinta kohtaa.<\/i><\/strong><\/li>\n<\/ul>\n<h4><strong>TUOTTEEN TEKNISET TIEDOT:<\/strong><\/h4>\n<ul>\n<li><strong>Lumikuorma (kg\/m\u00b2): 150<\/strong><\/li>\n<\/ul>\n<h4>LUMIKUORMA<\/h4>\n<p>Katoilta on aina poistettava liika lumikuorma. Takuu ei kata lumikuorman ylipainosta johtuvaa katon romahtamista.<\/p>\n<div id=\"arve-youtube-fp_xgogttg465ba379049f9e521572966\" class=\"arve arve-hover-effect-darken\" data-mode=\"lazyload\" data-oembed=\"1\" data-provider=\"youtube\" data-reset-after-played=\"\" data-fullscreen=\"disabled\" data-volume=\"100\"><span class=\"arve-inner\"><span class=\"arve-embed arve-embed--has-aspect-ratio\"><img decoding=\"async\" class=\"arve-thumbnail\" src=\"https:\/\/i.ytimg.com\/vi\/fP_XGOgTTg4\/hqdefault.jpg\" srcset=\"https:\/\/i.ytimg.com\/vi\/fP_XGOgTTg4\/mqdefault.jpg 320w, https:\/\/i.ytimg.com\/vi\/fP_XGOgTTg4\/hqdefault.jpg 480w, https:\/\/i.ytimg.com\/vi\/fP_XGOgTTg4\/sddefault.jpg 640w, https:\/\/i.ytimg.com\/vi\/fP_XGOgTTg4\/maxresdefault.jpg 1280w\" alt=\"How to Assemble Feria\u2122 Patio Cover | Canopia by Palram\" width=\"480\" height=\"360\" \/><\/span><\/span><\/div>\n","protected":false},"excerpt":{"rendered":"<p>Terassikatos Palram-Canopia Feria 3&#215;5,46m, harmaa\/kirkas Tyylik\u00e4s Palram-Canopia Feria 3&#215;5,5m on laadukas ja helposti koottava terassikatos&#8230;.<\/p>\n","protected":false},"featured_media":12668,"template":"","meta":{"_acf_changed":false,"inline_featured_image":false},"product_brand":[],"product_cat":[220,212,558],"product_tag":[],"class_list":{"0":"post-12698","1":"product","2":"type-product","3":"status-publish","4":"has-post-thumbnail","6":"product_cat-piha","7":"product_cat-puutarhakatokset","8":"product_cat-terassikatokset","10":"first","11":"instock","12":"taxable","13":"shipping-taxable","14":"purchasable","15":"product-type-simple"},"acf":[],"_links":{"self":[{"href":"https:\/\/abpolar.ee\/fi\/wp-json\/wp\/v2\/product\/12698","targetHints":{"allow":["GET"]}}],"collection":[{"href":"https:\/\/abpolar.ee\/fi\/wp-json\/wp\/v2\/product"}],"about":[{"href":"https:\/\/abpolar.ee\/fi\/wp-json\/wp\/v2\/types\/product"}],"wp:featuredmedia":[{"embeddable":true,"href":"https:\/\/abpolar.ee\/fi\/wp-json\/wp\/v2\/media\/12668"}],"wp:attachment":[{"href":"https:\/\/abpolar.ee\/fi\/wp-json\/wp\/v2\/media?parent=12698"}],"wp:term":[{"taxonomy":"product_brand","embeddable":true,"href":"https:\/\/abpolar.ee\/fi\/wp-json\/wp\/v2\/product_brand?post=12698"},{"taxonomy":"product_cat","embeddable":true,"href":"https:\/\/abpolar.ee\/fi\/wp-json\/wp\/v2\/product_cat?post=12698"},{"taxonomy":"product_tag","embeddable":true,"href":"https:\/\/abpolar.ee\/fi\/wp-json\/wp\/v2\/product_tag?post=12698"}],"curies":[{"name":"wp","href":"https:\/\/api.w.org\/{rel}","templated":true}]}}