{"id":12758,"date":"2024-02-01T16:02:14","date_gmt":"2024-02-01T14:02:14","guid":{"rendered":"https:\/\/abpolar-ee.vserver.zonevs.eu\/?post_type=product&#038;p=12758"},"modified":"2025-08-09T21:24:47","modified_gmt":"2025-08-09T18:24:47","slug":"kolmilanka-aitaelementti-2d-6-5-6-ral9005-musta","status":"publish","type":"product","link":"https:\/\/abpolar.ee\/fi\/kolmilanka-aitaelementti-2d-6-5-6-ral9005-musta\/","title":{"rendered":"Kolmilanka-aitaelementti 2D 6\/5\/6 RAL9005 musta"},"content":{"rendered":"<p>2D-aitaelementit nopeuttavat ja helpottavat aidan rakentamista huomattavasti.<\/p>\n<p>Elementeist\u00e4 rakentaminen k\u00e4y aloittelijaltakin vikkel\u00e4sti. Lis\u00e4ksi elementtiaidan huoltaminen on vaivatonta: jos yksi elementti sattuisi menem\u00e4\u00e4n rikki, riitt\u00e4\u00e4, ett\u00e4 vaihdat kyseisen elementin uuteen.<\/p>\n<p>2D-elementeiss\u00e4 on kest\u00e4v\u00e4 kolmilankarakenne, jossa viiden millimetrin pystylanka kulkee kahden kuuden millimetrin vaakalangan v\u00e4liss\u00e4. T\u00e4m\u00e4 rakenne tuo aitaan j\u00e4m\u00e4kkyytt\u00e4. Aidan pinta on jauhemaalattu ja sinkitty, mik\u00e4 tekee aidan pinnasta sile\u00e4n ja turvallisen. 2D-elementtiaita on pitk\u00e4ik\u00e4inen, kest\u00e4v\u00e4 ja eritt\u00e4in helppo asentaa.<\/p>\n<p><strong>Kun haluat nopean ja vaivattoman tavan rakentaa aita, pyyd\u00e4 tarjous aitaelementeist\u00e4, tolpista ja kiinnikkeist\u00e4 jo t\u00e4n\u00e4\u00e4n!<\/strong><\/p>\n<ul>\n<li>V\u00e4ri: RAL9005 musta<\/li>\n<li>Materiaali: metalli<\/li>\n<li>Materiaalin tarkenne: kest\u00e4v\u00e4 kolmilankarakenne, kahden 6 mm vaakalangan v\u00e4liss\u00e4 5 mm pystylanka<\/li>\n<li>Silm\u00e4koko: 50 x 200 mm<\/li>\n<li>Pintak\u00e4sittely: sinkitty, jauhemaalattu<\/li>\n<li>Pystylangat: 5 mm<\/li>\n<li>Vaakalangat: 6 mm<\/li>\n<\/ul>\n<p><strong>Elementtiaidan asennuksen esivalmistelut:<\/strong><\/p>\n<ul>\n<li>Selvit\u00e4 mahdollisen luvan tarve rakennusvalvonnasta.<\/li>\n<li>Sovi aidasta kirjallisesti naapureiden kanssa, mik\u00e4li aita tulee tontin rajalle.<\/li>\n<li>Valitse sopiva aidan korkeus.<\/li>\n<li>Mittaa aidan kokonaispituus.<\/li>\n<li>Laske tarvittavien tolppien ja kiinnikkeiden m\u00e4\u00e4r\u00e4.<\/li>\n<li>Mieti porttien lukum\u00e4\u00e4r\u00e4 ja leveys &amp; mieti niiden sijainti.<\/li>\n<li>Laadi luonnos, johon merkitset aidan eri osien pituudet, portit ja nurkkien lukum\u00e4\u00e4r\u00e4n.<\/li>\n<li>Mieti, kuinka kiinnit\u00e4t tolpat maahan. Suosittelemme betonivalua.<\/li>\n<li>Pyyd\u00e4 tarjous!<\/li>\n<\/ul>\n","protected":false},"excerpt":{"rendered":"<p>2D-aitaelementit nopeuttavat ja helpottavat aidan rakentamista huomattavasti. Elementeist\u00e4 rakentaminen k\u00e4y aloittelijaltakin vikkel\u00e4sti. Lis\u00e4ksi elementtiaidan huoltaminen&#8230;<\/p>\n","protected":false},"featured_media":12747,"template":"","meta":{"_acf_changed":false,"inline_featured_image":false},"product_brand":[],"product_cat":[190,187,327],"product_tag":[],"class_list":{"0":"post-12758","1":"product","2":"type-product","3":"status-publish","4":"has-post-thumbnail","6":"product_cat-2d-kolmilanka-aitaelementit","7":"product_cat-aidat-ja-portit","8":"product_cat-aitaelementit","10":"first","11":"instock","12":"taxable","13":"shipping-taxable","14":"purchasable","15":"product-type-variable","16":"has-default-attributes"},"acf":[],"_links":{"self":[{"href":"https:\/\/abpolar.ee\/fi\/wp-json\/wp\/v2\/product\/12758","targetHints":{"allow":["GET"]}}],"collection":[{"href":"https:\/\/abpolar.ee\/fi\/wp-json\/wp\/v2\/product"}],"about":[{"href":"https:\/\/abpolar.ee\/fi\/wp-json\/wp\/v2\/types\/product"}],"wp:featuredmedia":[{"embeddable":true,"href":"https:\/\/abpolar.ee\/fi\/wp-json\/wp\/v2\/media\/12747"}],"wp:attachment":[{"href":"https:\/\/abpolar.ee\/fi\/wp-json\/wp\/v2\/media?parent=12758"}],"wp:term":[{"taxonomy":"product_brand","embeddable":true,"href":"https:\/\/abpolar.ee\/fi\/wp-json\/wp\/v2\/product_brand?post=12758"},{"taxonomy":"product_cat","embeddable":true,"href":"https:\/\/abpolar.ee\/fi\/wp-json\/wp\/v2\/product_cat?post=12758"},{"taxonomy":"product_tag","embeddable":true,"href":"https:\/\/abpolar.ee\/fi\/wp-json\/wp\/v2\/product_tag?post=12758"}],"curies":[{"name":"wp","href":"https:\/\/api.w.org\/{rel}","templated":true}]}}