{"id":13218,"date":"2024-03-01T17:04:13","date_gmt":"2024-03-01T15:04:13","guid":{"rendered":"https:\/\/abpolar-ee.vserver.zonevs.eu\/?post_type=product&#038;p=13218"},"modified":"2024-03-06T16:32:48","modified_gmt":"2024-03-06T14:32:48","slug":"kasvihuone-klassik-3x4m-polykarbonaatti-6mm","status":"publish","type":"product","link":"https:\/\/abpolar.ee\/fi\/kasvihuone-klassik-3x4m-polykarbonaatti-6mm\/","title":{"rendered":"Kasvihuone KLASSIK 3x4m, polykarbonaatti 6mm"},"content":{"rendered":"<div class=\"classic-editor\">\n<h2>Kasvihuone KLASSIK 3x4m, polykarbonaatti 6mm<\/h2>\n<p>Harjakattoinen kasvihuone Klassik on valmistettu galvanoidusta ter\u00e4sprofiilista 40x40mm. Sinkkipinnoite suojaa kasvihuoneen runkoa t\u00e4ydellisesti korroosiolta.<br \/>\nKasvihuoneessa on 6 mm paksu hunajakennopolykarbonaatti, joka on leikattu osittain mitoitukseen.<br \/>\nSarja sis\u00e4lt\u00e4\u00e4 kaiken tarvittavan peitemateriaalin kiinnitt\u00e4miseen. Kasvihuonetta voidaan laajentaa 2 metrin laajennuksilla.<br \/>\nKasvihuoneessa on kokonaan tai osittain avoin ovi edess\u00e4 ja ikkuna takana.<br \/>\nOn mahdollista ostaa lis\u00e4ovi ja kattoikkuna.<\/p>\n<p><strong>Leveys: 3m<\/strong><br \/>\n<strong>Pituus: 4m<\/strong><br \/>\n<strong>Korkeus: 2,50m<\/strong><br \/>\n<strong>Sein\u00e4n korkeus: 1,70 m<\/strong><br \/>\n<strong>Polykarbonaatti 6 mm<\/strong><br \/>\n<strong>Ovet: 1 kpl<\/strong><br \/>\n<strong>Ikkunat: 2 kpl (takapuolella ja etuovessa)<\/strong><\/p>\n<p>On mahdollista ostaa lis\u00e4ovi ja ikkuna kattoon<\/p>\n<p>Lumikuorma 160 kg\/m\u00b2 (vastaa 30-40 cm lumipeitett\u00e4)<br \/>\nPitk\u00e4n lumisateen aikana lumenpoisto on suositeltavaa.<\/p>\n<\/div>\n<div class=\"posted_in\">Osasto:\u00a0<a href=\"https:\/\/abpolar.ee\/fi\/harjakattoiset-kasvihuoneet\/\" rel=\"tag\">Harjakattoiset kasvihuoneet<\/a><\/div>\n","protected":false},"excerpt":{"rendered":"<p>Kasvihuone KLASSIK 3x4m, polykarbonaatti 6mm Harjakattoinen kasvihuone Klassik on valmistettu galvanoidusta ter\u00e4sprofiilista 40x40mm. Sinkkipinnoite suojaa&#8230;<\/p>\n","protected":false},"featured_media":13153,"template":"","meta":{"_acf_changed":false,"inline_featured_image":false},"product_brand":[],"product_cat":[210,204],"product_tag":[],"class_list":{"0":"post-13218","1":"product","2":"type-product","3":"status-publish","4":"has-post-thumbnail","6":"product_cat-harjakattoiset-kasvihuoneet","7":"product_cat-kasvihuoneet","8":"product_shipping_class-eur-fi","10":"first","11":"instock","12":"taxable","13":"shipping-taxable","14":"purchasable","15":"product-type-simple"},"acf":[],"_links":{"self":[{"href":"https:\/\/abpolar.ee\/fi\/wp-json\/wp\/v2\/product\/13218","targetHints":{"allow":["GET"]}}],"collection":[{"href":"https:\/\/abpolar.ee\/fi\/wp-json\/wp\/v2\/product"}],"about":[{"href":"https:\/\/abpolar.ee\/fi\/wp-json\/wp\/v2\/types\/product"}],"wp:featuredmedia":[{"embeddable":true,"href":"https:\/\/abpolar.ee\/fi\/wp-json\/wp\/v2\/media\/13153"}],"wp:attachment":[{"href":"https:\/\/abpolar.ee\/fi\/wp-json\/wp\/v2\/media?parent=13218"}],"wp:term":[{"taxonomy":"product_brand","embeddable":true,"href":"https:\/\/abpolar.ee\/fi\/wp-json\/wp\/v2\/product_brand?post=13218"},{"taxonomy":"product_cat","embeddable":true,"href":"https:\/\/abpolar.ee\/fi\/wp-json\/wp\/v2\/product_cat?post=13218"},{"taxonomy":"product_tag","embeddable":true,"href":"https:\/\/abpolar.ee\/fi\/wp-json\/wp\/v2\/product_tag?post=13218"}],"curies":[{"name":"wp","href":"https:\/\/api.w.org\/{rel}","templated":true}]}}