{"id":13222,"date":"2024-03-01T13:06:12","date_gmt":"2024-03-01T11:06:12","guid":{"rendered":"https:\/\/abpolar-ee.vserver.zonevs.eu\/?post_type=product&#038;p=13222"},"modified":"2024-03-06T15:31:45","modified_gmt":"2024-03-06T13:31:45","slug":"ovi-kasvihuoneeseen-classic","status":"publish","type":"product","link":"https:\/\/abpolar.ee\/fi\/ovi-kasvihuoneeseen-classic\/","title":{"rendered":"Ovi kasvihuoneeseen CLASSIC"},"content":{"rendered":"<p>Ovi kasvihuoneeseen CLASSIC<\/p>\n<p>Kasvihuoneeseen CLASSIC\u00a0 on mahdollista lis\u00e4t\u00e4 lis\u00e4ovi.<\/p>\n","protected":false},"excerpt":{"rendered":"<p>Ovi kasvihuoneeseen CLASSIC Kasvihuoneeseen CLASSIC\u00a0 on mahdollista lis\u00e4t\u00e4 lis\u00e4ovi.<\/p>\n","protected":false},"featured_media":13212,"template":"","meta":{"_acf_changed":false,"inline_featured_image":false},"product_brand":[],"product_cat":[207],"product_tag":[],"class_list":{"0":"post-13222","1":"product","2":"type-product","3":"status-publish","4":"has-post-thumbnail","6":"product_cat-kasvihuoneiden-lisatarvikkeet","7":"product_shipping_class-pakk-kuni-30kg-fi","9":"first","10":"instock","11":"taxable","12":"shipping-taxable","13":"purchasable","14":"product-type-simple"},"acf":[],"_links":{"self":[{"href":"https:\/\/abpolar.ee\/fi\/wp-json\/wp\/v2\/product\/13222","targetHints":{"allow":["GET"]}}],"collection":[{"href":"https:\/\/abpolar.ee\/fi\/wp-json\/wp\/v2\/product"}],"about":[{"href":"https:\/\/abpolar.ee\/fi\/wp-json\/wp\/v2\/types\/product"}],"wp:featuredmedia":[{"embeddable":true,"href":"https:\/\/abpolar.ee\/fi\/wp-json\/wp\/v2\/media\/13212"}],"wp:attachment":[{"href":"https:\/\/abpolar.ee\/fi\/wp-json\/wp\/v2\/media?parent=13222"}],"wp:term":[{"taxonomy":"product_brand","embeddable":true,"href":"https:\/\/abpolar.ee\/fi\/wp-json\/wp\/v2\/product_brand?post=13222"},{"taxonomy":"product_cat","embeddable":true,"href":"https:\/\/abpolar.ee\/fi\/wp-json\/wp\/v2\/product_cat?post=13222"},{"taxonomy":"product_tag","embeddable":true,"href":"https:\/\/abpolar.ee\/fi\/wp-json\/wp\/v2\/product_tag?post=13222"}],"curies":[{"name":"wp","href":"https:\/\/api.w.org\/{rel}","templated":true}]}}