{"id":13225,"date":"2024-03-01T13:06:06","date_gmt":"2024-03-01T11:06:06","guid":{"rendered":"https:\/\/abpolar-ee.vserver.zonevs.eu\/?post_type=product&#038;p=13225"},"modified":"2024-03-06T15:34:42","modified_gmt":"2024-03-06T13:34:42","slug":"kattoikkuna-kasvihuoneeseen-classic","status":"publish","type":"product","link":"https:\/\/abpolar.ee\/fi\/kattoikkuna-kasvihuoneeseen-classic\/","title":{"rendered":"Kattoikkuna kasvihuoneeseen CLASSIC"},"content":{"rendered":"<h2>Kattoikkuna kasvihuoneeseen CLASSIC<\/h2>\n<p>Kasvihuonetta voidaan t\u00e4ydent\u00e4\u00e4 kattoikkunalla ilmanvaihdon parantamiseksi.<\/p>\n","protected":false},"excerpt":{"rendered":"<p>Kattoikkuna kasvihuoneeseen CLASSIC Kasvihuonetta voidaan t\u00e4ydent\u00e4\u00e4 kattoikkunalla ilmanvaihdon parantamiseksi.<\/p>\n","protected":false},"featured_media":13170,"template":"","meta":{"_acf_changed":false,"inline_featured_image":false},"product_brand":[],"product_cat":[207],"product_tag":[],"class_list":{"0":"post-13225","1":"product","2":"type-product","3":"status-publish","4":"has-post-thumbnail","6":"product_cat-kasvihuoneiden-lisatarvikkeet","7":"product_shipping_class-pakk-kuni-30kg-fi","9":"first","10":"instock","11":"taxable","12":"shipping-taxable","13":"purchasable","14":"product-type-simple"},"acf":[],"_links":{"self":[{"href":"https:\/\/abpolar.ee\/fi\/wp-json\/wp\/v2\/product\/13225","targetHints":{"allow":["GET"]}}],"collection":[{"href":"https:\/\/abpolar.ee\/fi\/wp-json\/wp\/v2\/product"}],"about":[{"href":"https:\/\/abpolar.ee\/fi\/wp-json\/wp\/v2\/types\/product"}],"wp:featuredmedia":[{"embeddable":true,"href":"https:\/\/abpolar.ee\/fi\/wp-json\/wp\/v2\/media\/13170"}],"wp:attachment":[{"href":"https:\/\/abpolar.ee\/fi\/wp-json\/wp\/v2\/media?parent=13225"}],"wp:term":[{"taxonomy":"product_brand","embeddable":true,"href":"https:\/\/abpolar.ee\/fi\/wp-json\/wp\/v2\/product_brand?post=13225"},{"taxonomy":"product_cat","embeddable":true,"href":"https:\/\/abpolar.ee\/fi\/wp-json\/wp\/v2\/product_cat?post=13225"},{"taxonomy":"product_tag","embeddable":true,"href":"https:\/\/abpolar.ee\/fi\/wp-json\/wp\/v2\/product_tag?post=13225"}],"curies":[{"name":"wp","href":"https:\/\/api.w.org\/{rel}","templated":true}]}}