{"id":13231,"date":"2024-03-01T13:05:54","date_gmt":"2024-03-01T11:05:54","guid":{"rendered":"https:\/\/abpolar-ee.vserver.zonevs.eu\/?post_type=product&#038;p=13231"},"modified":"2024-03-06T15:50:44","modified_gmt":"2024-03-06T13:50:44","slug":"kasvihuoneen-classic-pohjarungon-jatke","status":"publish","type":"product","link":"https:\/\/abpolar.ee\/fi\/kasvihuoneen-classic-pohjarungon-jatke\/","title":{"rendered":"Kasvihuoneen CLASSIC-pohjarungon jatke"},"content":{"rendered":"<h2>Kasvihuoneen CLASSIC-pohjarungon jatke<\/h2>\n<p>T\u00e4m\u00e4 tuote soveltuu kasvihuoneen Klassik-pohjarungon pident\u00e4miseen. Sopii sek\u00e4 2,5m ett\u00e4 3m leve\u00e4\u00e4n Klassik-kasvihuoneeseen<br \/>\nOsta jatko, jos ostat my\u00f6s jatkoja kasvihuoneeseen ja rungon p\u00e4\u00e4osaan.<\/p>\n","protected":false},"excerpt":{"rendered":"<p>Kasvihuoneen CLASSIC-pohjarungon jatke T\u00e4m\u00e4 tuote soveltuu kasvihuoneen Klassik-pohjarungon pident\u00e4miseen. Sopii sek\u00e4 2,5m ett\u00e4 3m leve\u00e4\u00e4n&#8230;<\/p>\n","protected":false},"featured_media":13183,"template":"","meta":{"_acf_changed":false,"inline_featured_image":false},"product_brand":[],"product_cat":[210,204,207],"product_tag":[],"class_list":{"0":"post-13231","1":"product","2":"type-product","3":"status-publish","4":"has-post-thumbnail","6":"product_cat-harjakattoiset-kasvihuoneet","7":"product_cat-kasvihuoneet","8":"product_cat-kasvihuoneiden-lisatarvikkeet","9":"product_shipping_class-pakk-kuni-30kg-fi","11":"first","12":"instock","13":"taxable","14":"shipping-taxable","15":"purchasable","16":"product-type-simple"},"acf":[],"_links":{"self":[{"href":"https:\/\/abpolar.ee\/fi\/wp-json\/wp\/v2\/product\/13231","targetHints":{"allow":["GET"]}}],"collection":[{"href":"https:\/\/abpolar.ee\/fi\/wp-json\/wp\/v2\/product"}],"about":[{"href":"https:\/\/abpolar.ee\/fi\/wp-json\/wp\/v2\/types\/product"}],"wp:featuredmedia":[{"embeddable":true,"href":"https:\/\/abpolar.ee\/fi\/wp-json\/wp\/v2\/media\/13183"}],"wp:attachment":[{"href":"https:\/\/abpolar.ee\/fi\/wp-json\/wp\/v2\/media?parent=13231"}],"wp:term":[{"taxonomy":"product_brand","embeddable":true,"href":"https:\/\/abpolar.ee\/fi\/wp-json\/wp\/v2\/product_brand?post=13231"},{"taxonomy":"product_cat","embeddable":true,"href":"https:\/\/abpolar.ee\/fi\/wp-json\/wp\/v2\/product_cat?post=13231"},{"taxonomy":"product_tag","embeddable":true,"href":"https:\/\/abpolar.ee\/fi\/wp-json\/wp\/v2\/product_tag?post=13231"}],"curies":[{"name":"wp","href":"https:\/\/api.w.org\/{rel}","templated":true}]}}