{"id":13235,"date":"2024-03-01T13:05:17","date_gmt":"2024-03-01T11:05:17","guid":{"rendered":"https:\/\/abpolar-ee.vserver.zonevs.eu\/?post_type=product&#038;p=13235"},"modified":"2024-03-06T15:59:28","modified_gmt":"2024-03-06T13:59:28","slug":"jatke-kasvihuoneeseen-classic-polykarbonaatti-4mm","status":"publish","type":"product","link":"https:\/\/abpolar.ee\/fi\/jatke-kasvihuoneeseen-classic-polykarbonaatti-4mm\/","title":{"rendered":"Jatke kasvihuoneeseen Classic, polykarbonaatti 4mm"},"content":{"rendered":"<h2><strong>Jatke kasvihuoneeseen Classic, polykarbonaatti 4mm<\/strong><\/h2>\n<p>Kaarikasvihuone Classik laajennus tai lis\u00e4moduuli, joka mahdollistaa 2 m laajennuksen. Enint\u00e4\u00e4n 3 lis\u00e4moduulia voidaan k\u00e4ytt\u00e4\u00e4, mik\u00e4 antaa kasvihuoneen pituudeksi 3 x 10 m. Kasvihuoneen runko on galvanoitua ter\u00e4sprofiilia 40x40mm. Jatkossa on 4 mm paksu hunajakennopolykarbonaattia, joka on leikattu osittain mitoitukseen.<br \/>\nSarja sis\u00e4lt\u00e4\u00e4 kaiken tarvittavan peitemateriaalin kiinnitt\u00e4miseen.<\/p>\n<p>HUOM! Kasvihuoneessa ei ole p\u00e4\u00e4tyseini\u00e4, osta t\u00e4m\u00e4 laajennus p\u00e4\u00e4osan lis\u00e4ksi!<\/p>\n<p><strong>Leveys: 3m<\/strong><br \/>\n<strong>Pituus: 2m<\/strong><br \/>\n<strong>Polykarbonaatti 4 mm<\/strong><\/p>\n","protected":false},"excerpt":{"rendered":"<p>Jatke kasvihuoneeseen Classic, polykarbonaatti 4mm Kaarikasvihuone Classik laajennus tai lis\u00e4moduuli, joka mahdollistaa 2 m laajennuksen&#8230;.<\/p>\n","protected":false},"featured_media":13194,"template":"","meta":{"_acf_changed":false,"inline_featured_image":false},"product_brand":[],"product_cat":[210,204,207],"product_tag":[],"class_list":{"0":"post-13235","1":"product","2":"type-product","3":"status-publish","4":"has-post-thumbnail","6":"product_cat-harjakattoiset-kasvihuoneet","7":"product_cat-kasvihuoneet","8":"product_cat-kasvihuoneiden-lisatarvikkeet","9":"product_shipping_class-eur-fi","11":"first","12":"instock","13":"taxable","14":"shipping-taxable","15":"purchasable","16":"product-type-simple"},"acf":[],"_links":{"self":[{"href":"https:\/\/abpolar.ee\/fi\/wp-json\/wp\/v2\/product\/13235","targetHints":{"allow":["GET"]}}],"collection":[{"href":"https:\/\/abpolar.ee\/fi\/wp-json\/wp\/v2\/product"}],"about":[{"href":"https:\/\/abpolar.ee\/fi\/wp-json\/wp\/v2\/types\/product"}],"wp:featuredmedia":[{"embeddable":true,"href":"https:\/\/abpolar.ee\/fi\/wp-json\/wp\/v2\/media\/13194"}],"wp:attachment":[{"href":"https:\/\/abpolar.ee\/fi\/wp-json\/wp\/v2\/media?parent=13235"}],"wp:term":[{"taxonomy":"product_brand","embeddable":true,"href":"https:\/\/abpolar.ee\/fi\/wp-json\/wp\/v2\/product_brand?post=13235"},{"taxonomy":"product_cat","embeddable":true,"href":"https:\/\/abpolar.ee\/fi\/wp-json\/wp\/v2\/product_cat?post=13235"},{"taxonomy":"product_tag","embeddable":true,"href":"https:\/\/abpolar.ee\/fi\/wp-json\/wp\/v2\/product_tag?post=13235"}],"curies":[{"name":"wp","href":"https:\/\/api.w.org\/{rel}","templated":true}]}}