{"id":13257,"date":"2024-03-01T13:05:23","date_gmt":"2024-03-01T11:05:23","guid":{"rendered":"https:\/\/abpolar-ee.vserver.zonevs.eu\/?post_type=product&#038;p=13257"},"modified":"2025-04-17T17:09:49","modified_gmt":"2025-04-17T14:09:49","slug":"kasvihuone-classic-25x4m-polykarbonaatti-4-mm","status":"publish","type":"product","link":"https:\/\/abpolar.ee\/fi\/kasvihuone-classic-25x4m-polykarbonaatti-4-mm\/","title":{"rendered":"Kasvihuone CLASSIC 2,5x4m, polykarbonaatti 4 mm"},"content":{"rendered":"<h2>Kasvihuone CLASSIC 2,5x4m, polykarbonaatti 4 mm<\/h2>\n<p>Harjakattoinen kasvihuone Klassik on valmistettu galvanoidusta ter\u00e4sprofiilista 40x40mm. Sinkkipinnoite suojaa kasvihuoneen runkoa t\u00e4ydellisesti korroosiolta.<br \/>\nKasvihuoneessa on 4mm paksu hunajakennopolykarbonaatti, joka on leikattu osittain mitoiksi.<br \/>\nSarja sis\u00e4lt\u00e4\u00e4 kaiken tarvittavan peitemateriaalin kiinnitt\u00e4miseen. Kasvihuonetta voidaan laajentaa 2 metrin laajennuksilla.<br \/>\nKasvihuoneessa on kokonaan tai osittain avoin ovi edess\u00e4 ja ikkuna takana.<br \/>\nOn mahdollista ostaa lis\u00e4ovi ja kattoikkuna.<\/p>\n<p><strong>Leveys: 2,5 m<\/strong><br \/>\n<strong>Pituus: 4m<\/strong><br \/>\n<strong>Korkeus: 2,20m<\/strong><br \/>\n<strong>Sein\u00e4n korkeus: 1,50 m<\/strong><br \/>\n<strong>Polykarbonaatti 4 mm<\/strong><br \/>\n<strong>Ovet: 1 kpl<\/strong><br \/>\n<strong>Ikkunat: 2 kpl (takapuolella ja etuovessa)<\/strong><\/p>\n<p>On mahdollista ostaa lis\u00e4ovi ja ikkuna kattoon<\/p>\n<p>Lumikuorma 160 kg\/m\u00b2 (vastaa 30-40 cm lumipeitett\u00e4)<br \/>\nPitk\u00e4n lumisateen aikana lumenpoisto on suositeltavaa.<\/p>\n","protected":false},"excerpt":{"rendered":"<p>Kasvihuone CLASSIC 2,5x4m, polykarbonaatti 4 mm Harjakattoinen kasvihuone Klassik on valmistettu galvanoidusta ter\u00e4sprofiilista 40x40mm. Sinkkipinnoite&#8230;<\/p>\n","protected":false},"featured_media":13240,"template":"","meta":{"_acf_changed":false,"inline_featured_image":false},"product_brand":[],"product_cat":[210,204],"product_tag":[],"class_list":{"0":"post-13257","1":"product","2":"type-product","3":"status-publish","4":"has-post-thumbnail","6":"product_cat-harjakattoiset-kasvihuoneet","7":"product_cat-kasvihuoneet","8":"product_shipping_class-eur-fi","10":"first","11":"instock","12":"taxable","13":"shipping-taxable","14":"purchasable","15":"product-type-simple"},"acf":[],"_links":{"self":[{"href":"https:\/\/abpolar.ee\/fi\/wp-json\/wp\/v2\/product\/13257","targetHints":{"allow":["GET"]}}],"collection":[{"href":"https:\/\/abpolar.ee\/fi\/wp-json\/wp\/v2\/product"}],"about":[{"href":"https:\/\/abpolar.ee\/fi\/wp-json\/wp\/v2\/types\/product"}],"wp:featuredmedia":[{"embeddable":true,"href":"https:\/\/abpolar.ee\/fi\/wp-json\/wp\/v2\/media\/13240"}],"wp:attachment":[{"href":"https:\/\/abpolar.ee\/fi\/wp-json\/wp\/v2\/media?parent=13257"}],"wp:term":[{"taxonomy":"product_brand","embeddable":true,"href":"https:\/\/abpolar.ee\/fi\/wp-json\/wp\/v2\/product_brand?post=13257"},{"taxonomy":"product_cat","embeddable":true,"href":"https:\/\/abpolar.ee\/fi\/wp-json\/wp\/v2\/product_cat?post=13257"},{"taxonomy":"product_tag","embeddable":true,"href":"https:\/\/abpolar.ee\/fi\/wp-json\/wp\/v2\/product_tag?post=13257"}],"curies":[{"name":"wp","href":"https:\/\/api.w.org\/{rel}","templated":true}]}}