{"id":14289,"date":"2024-05-16T14:01:08","date_gmt":"2024-05-16T11:01:08","guid":{"rendered":"https:\/\/abpolar-ee.vserver.zonevs.eu\/?post_type=product&#038;p=14289"},"modified":"2024-05-16T14:55:16","modified_gmt":"2024-05-16T11:55:16","slug":"maanrakennuskangas-90gr-m2-11x50m","status":"publish","type":"product","link":"https:\/\/abpolar.ee\/fi\/maanrakennuskangas-90gr-m2-11x50m\/","title":{"rendered":"Maanrakennuskangas 90gr\/m2 1,1x50m"},"content":{"rendered":"<h2>Maanrakennuskangas\u00a090gr\/m2 1,1x50m<\/h2>\n<ul class=\"list-disc ml-2 mr-3\" data-v-b4b16f92=\"\">\n<li data-v-b4b16f92=\"\">Suodatinkangas (90 g\/m\u00b2) on valmistettu polypropeenista ja sopii kasvupinnan multaukseen<\/li>\n<li data-v-b4b16f92=\"\">Mitat: 1,1&#215;50 m<\/li>\n<li data-v-b4b16f92=\"\">Levitet\u00e4\u00e4n maahan ennen istuttamista, kankaaseen leikataan ristikk\u00e4isi\u00e4 istutusaukkoja<\/li>\n<li data-v-b4b16f92=\"\">Tukeva UV-suojattu kangas s\u00e4ilytt\u00e4\u00e4 hyvin kosteuden ja est\u00e4\u00e4 rikkaruohojen levi\u00e4mist\u00e4<\/li>\n<li data-v-b4b16f92=\"\">Kangas p\u00e4\u00e4st\u00e4\u00e4 hyvin l\u00e4pi ilman ja sadeveden muuttumatta umpinaiseksi<\/li>\n<\/ul>\n","protected":false},"excerpt":{"rendered":"<p>Maanrakennuskangas\u00a090gr\/m2 1,1x50m Suodatinkangas (90 g\/m\u00b2) on valmistettu polypropeenista ja sopii kasvupinnan multaukseen Mitat: 1,1&#215;50 m&#8230;<\/p>\n","protected":false},"featured_media":14294,"template":"","meta":{"_acf_changed":false,"inline_featured_image":false},"product_brand":[],"product_cat":[248,247,189],"product_tag":[],"class_list":{"0":"post-14289","1":"product","2":"type-product","3":"status-publish","4":"has-post-thumbnail","6":"product_cat-maaperat-turvet","7":"product_cat-nurmikon-reunukset","8":"product_cat-puutarhatuotteet","9":"product_shipping_class-pakk-kuni-30kg-fi","11":"first","12":"instock","13":"taxable","14":"shipping-taxable","15":"purchasable","16":"product-type-simple"},"acf":[],"_links":{"self":[{"href":"https:\/\/abpolar.ee\/fi\/wp-json\/wp\/v2\/product\/14289","targetHints":{"allow":["GET"]}}],"collection":[{"href":"https:\/\/abpolar.ee\/fi\/wp-json\/wp\/v2\/product"}],"about":[{"href":"https:\/\/abpolar.ee\/fi\/wp-json\/wp\/v2\/types\/product"}],"wp:featuredmedia":[{"embeddable":true,"href":"https:\/\/abpolar.ee\/fi\/wp-json\/wp\/v2\/media\/14294"}],"wp:attachment":[{"href":"https:\/\/abpolar.ee\/fi\/wp-json\/wp\/v2\/media?parent=14289"}],"wp:term":[{"taxonomy":"product_brand","embeddable":true,"href":"https:\/\/abpolar.ee\/fi\/wp-json\/wp\/v2\/product_brand?post=14289"},{"taxonomy":"product_cat","embeddable":true,"href":"https:\/\/abpolar.ee\/fi\/wp-json\/wp\/v2\/product_cat?post=14289"},{"taxonomy":"product_tag","embeddable":true,"href":"https:\/\/abpolar.ee\/fi\/wp-json\/wp\/v2\/product_tag?post=14289"}],"curies":[{"name":"wp","href":"https:\/\/api.w.org\/{rel}","templated":true}]}}