{"id":14421,"date":"2024-06-04T15:00:58","date_gmt":"2024-06-04T12:00:58","guid":{"rendered":"https:\/\/abpolar-ee.vserver.zonevs.eu\/?post_type=product&#038;p=14421"},"modified":"2025-09-10T13:38:53","modified_gmt":"2025-09-10T10:38:53","slug":"puutolppa-60x1500mm","status":"publish","type":"product","link":"https:\/\/abpolar.ee\/fi\/puutolppa-60x1500mm\/","title":{"rendered":"Puutolppa 60x1500mm"},"content":{"rendered":"<h2>Puutolppa 60 x 1500 mm<\/h2>\n<p>Kyll\u00e4stetty puutolppa soveltuu hyvin esimerkiksi karja-aitauksen tolpaksi. Puutolpan kest\u00e4vyytt\u00e4 on parannettu kyll\u00e4st\u00e4m\u00e4ll\u00e4 se. Kest\u00e4v\u00e4st\u00e4 kuusipuusta valmistettu tolppa sopii hyvin my\u00f6s puuaidan tolpaksi, t\u00e4ydent\u00e4m\u00e4\u00e4n luonnollista tyyli\u00e4.<\/p>\n<p>Hanki aitatolppien lis\u00e4ksi aitaverkko ja kiinnikkeet. Suosittelemme tolppien asennukseen betonivalua, aina kun se on mahdollista. T\u00e4m\u00e4 tapa varmistaa, ett\u00e4 aita pysyy varmasti tukevasti pystyss\u00e4.<\/p>\n<p>Kun haluat edullisen ja luonnollisen aitatolpan, hanki puutolppa!<\/p>\n<h3>Tuotteen ominaisuudet:<\/h3>\n<ul>\n<li>Syv\u00e4kyll\u00e4stetty kuusipuuaitatolppa<\/li>\n<li>Kyll\u00e4stysluokka HC4<\/li>\n<li>Mitat: 60 \u00d7 1500 mm<\/li>\n<\/ul>\n","protected":false},"excerpt":{"rendered":"<p>Puutolppa 60 x 1500 mm Kyll\u00e4stetty puutolppa soveltuu hyvin esimerkiksi karja-aitauksen tolpaksi. Puutolpan kest\u00e4vyytt\u00e4 on&#8230;<\/p>\n","protected":false},"featured_media":3939,"template":"","meta":{"_acf_changed":false,"inline_featured_image":false},"product_brand":[],"product_cat":[187,200],"product_tag":[],"class_list":{"0":"post-14421","1":"product","2":"type-product","3":"status-publish","4":"has-post-thumbnail","6":"product_cat-aidat-ja-portit","7":"product_cat-aitatolpat","8":"product_shipping_class-pakk-kuni-30kg-fi","10":"first","11":"instock","12":"taxable","13":"shipping-taxable","14":"purchasable","15":"product-type-simple"},"acf":[],"_links":{"self":[{"href":"https:\/\/abpolar.ee\/fi\/wp-json\/wp\/v2\/product\/14421","targetHints":{"allow":["GET"]}}],"collection":[{"href":"https:\/\/abpolar.ee\/fi\/wp-json\/wp\/v2\/product"}],"about":[{"href":"https:\/\/abpolar.ee\/fi\/wp-json\/wp\/v2\/types\/product"}],"wp:featuredmedia":[{"embeddable":true,"href":"https:\/\/abpolar.ee\/fi\/wp-json\/wp\/v2\/media\/3939"}],"wp:attachment":[{"href":"https:\/\/abpolar.ee\/fi\/wp-json\/wp\/v2\/media?parent=14421"}],"wp:term":[{"taxonomy":"product_brand","embeddable":true,"href":"https:\/\/abpolar.ee\/fi\/wp-json\/wp\/v2\/product_brand?post=14421"},{"taxonomy":"product_cat","embeddable":true,"href":"https:\/\/abpolar.ee\/fi\/wp-json\/wp\/v2\/product_cat?post=14421"},{"taxonomy":"product_tag","embeddable":true,"href":"https:\/\/abpolar.ee\/fi\/wp-json\/wp\/v2\/product_tag?post=14421"}],"curies":[{"name":"wp","href":"https:\/\/api.w.org\/{rel}","templated":true}]}}