{"id":14545,"date":"2024-06-10T12:00:14","date_gmt":"2024-06-10T09:00:14","guid":{"rendered":"https:\/\/abpolar-ee.vserver.zonevs.eu\/?post_type=product&#038;p=14545"},"modified":"2025-08-30T13:43:19","modified_gmt":"2025-08-30T10:43:19","slug":"kaantoporttiautomaation-pysaytin-bk200","status":"publish","type":"product","link":"https:\/\/abpolar.ee\/fi\/kaantoporttiautomaation-pysaytin-bk200\/","title":{"rendered":"K\u00e4\u00e4nt\u00f6porttiautomaation pys\u00e4ytin, BK200"},"content":{"rendered":"<h2>K\u00e4\u00e4nt\u00f6porttikoneiston pys\u00e4ytin, BK200 (2 kpl pakkaus)<\/h2>\n<p>Haluatko helpottaa el\u00e4m\u00e4\u00e4si k\u00e4tev\u00e4n porttiautomatiikan avulla? Kun hankit porttiisi automaattisen avaajan, ei tarvitse en\u00e4\u00e4 nousta autosta avaamaan porttia! Voit sen sijaan avata portin k\u00e4tev\u00e4sti kaukos\u00e4\u00e4timell\u00e4.<\/p>\n<p>Mekaaninen pys\u00e4ytin soveltuu Kingsgate-k\u00e4\u00e4nt\u00f6porttikoneiston automatiikalle. Tuotepakkaus sis\u00e4lt\u00e4\u00e4 kaksi pys\u00e4ytint\u00e4, molemmille portin oville.<\/p>\n<p>Kun haluat liikkua vaivattomasti, hanki porttiautomaattikoneisto lis\u00e4tarvikkeineen!<\/p>\n","protected":false},"excerpt":{"rendered":"<p>K\u00e4\u00e4nt\u00f6porttikoneiston pys\u00e4ytin, BK200 (2 kpl pakkaus) Haluatko helpottaa el\u00e4m\u00e4\u00e4si k\u00e4tev\u00e4n porttiautomatiikan avulla? Kun hankit porttiisi&#8230;<\/p>\n","protected":false},"featured_media":14542,"template":"","meta":{"_acf_changed":false,"inline_featured_image":false},"product_brand":[],"product_cat":[252],"product_tag":[],"class_list":{"0":"post-14545","1":"product","2":"type-product","3":"status-publish","4":"has-post-thumbnail","6":"product_cat-porttiautomatiikka","7":"product_shipping_class-vaike-pakk-fi","9":"first","10":"instock","11":"taxable","12":"shipping-taxable","13":"purchasable","14":"product-type-simple"},"acf":[],"_links":{"self":[{"href":"https:\/\/abpolar.ee\/fi\/wp-json\/wp\/v2\/product\/14545","targetHints":{"allow":["GET"]}}],"collection":[{"href":"https:\/\/abpolar.ee\/fi\/wp-json\/wp\/v2\/product"}],"about":[{"href":"https:\/\/abpolar.ee\/fi\/wp-json\/wp\/v2\/types\/product"}],"wp:featuredmedia":[{"embeddable":true,"href":"https:\/\/abpolar.ee\/fi\/wp-json\/wp\/v2\/media\/14542"}],"wp:attachment":[{"href":"https:\/\/abpolar.ee\/fi\/wp-json\/wp\/v2\/media?parent=14545"}],"wp:term":[{"taxonomy":"product_brand","embeddable":true,"href":"https:\/\/abpolar.ee\/fi\/wp-json\/wp\/v2\/product_brand?post=14545"},{"taxonomy":"product_cat","embeddable":true,"href":"https:\/\/abpolar.ee\/fi\/wp-json\/wp\/v2\/product_cat?post=14545"},{"taxonomy":"product_tag","embeddable":true,"href":"https:\/\/abpolar.ee\/fi\/wp-json\/wp\/v2\/product_tag?post=14545"}],"curies":[{"name":"wp","href":"https:\/\/api.w.org\/{rel}","templated":true}]}}