{"id":14770,"date":"2024-07-10T15:01:04","date_gmt":"2024-07-10T12:01:04","guid":{"rendered":"https:\/\/abpolar-ee.vserver.zonevs.eu\/?post_type=product&#038;p=14770"},"modified":"2025-09-21T16:43:09","modified_gmt":"2025-09-21T13:43:09","slug":"piikkilanka-nato-concertina-o900mm-10-12m","status":"publish","type":"product","link":"https:\/\/abpolar.ee\/fi\/piikkilanka-nato-concertina-o900mm-10-12m\/","title":{"rendered":"Piikkilanka NATO Concertina \u00d8900mm 10-12m"},"content":{"rendered":"<h2>Piikkilanka NATO Concertina \u00d8900 mm<\/h2>\n<p>10-12 m<\/p>\n<p>NATO-piikkilanka on tehokas valinta esimerkiksi kodin tai liiketilan suojaamiseen. Sit\u00e4 voidaan k\u00e4ytt\u00e4\u00e4 jopa armeijan tukikohtien, vankiloiden ja valtion laitosten suojaamiseen. Piikkilanka sopii sek\u00e4 yksityiseen ett\u00e4 kaupalliseen k\u00e4ytt\u00f6\u00f6n.<\/p>\n<p>Kuumasinkityst\u00e4 ter\u00e4ksest\u00e4 valmistettu piikkilankaker\u00e4n pituus on 10-12 m, ja se voidaan kiert\u00e4\u00e4 esimerkiksi puutarha-aidan ymp\u00e4rille tuomaan lis\u00e4suojaa. Terien muotoilu pit\u00e4\u00e4 takuuvarmasti ei-toivotut vieraat poissa pihasta.<\/p>\n<p>Piikkilanka on valmistettu korkealaatuisesta ter\u00e4ksest\u00e4, joka on s\u00e4\u00e4nkest\u00e4v\u00e4\u00e4 ja eritt\u00e4in lujatekoista materiaalia. Huomaathan, ett\u00e4 el\u00e4imille tarkoitetussa aitauksessa ei saa k\u00e4ytt\u00e4\u00e4 piikkilankaa.<\/p>\n<p>Kun tarvitset lis\u00e4suojaa aitaasi, ymp\u00e4r\u00f6i se NATO-langalla!<\/p>\n<h3>Tuotteen ominaisuudet:<\/h3>\n<ul>\n<li>V\u00e4ri: ter\u00e4s<\/li>\n<li>Materiaali: ter\u00e4s<\/li>\n<li>Materiaalin tarkenne: ter\u00e4s, HDG pinnoite (kuumasinkitty ter\u00e4s)<\/li>\n<li>Telan halkaisija: \u00d8900 mm<\/li>\n<li>Ter\u00e4n koko: 22&#215;15 mm<\/li>\n<li>Kierrosten m\u00e4\u00e4r\u00e4 ker\u00e4ss\u00e4: 65<\/li>\n<li>Terien v\u00e4linen et\u00e4isyys: 39 mm<\/li>\n<li>Langan halkaisija: 2,5 mm<\/li>\n<li>Paino: 16 kg<\/li>\n<\/ul>\n","protected":false},"excerpt":{"rendered":"<p>Piikkilanka NATO Concertina \u00d8900 mm 10-12 m NATO-piikkilanka on tehokas valinta esimerkiksi kodin tai liiketilan&#8230;<\/p>\n","protected":false},"featured_media":14617,"template":"","meta":{"_acf_changed":false,"inline_featured_image":false},"product_brand":[],"product_cat":[140],"product_tag":[],"class_list":{"0":"post-14770","1":"product","2":"type-product","3":"status-publish","4":"has-post-thumbnail","6":"product_cat-aitojen-porttien-tarvikkeet","7":"product_shipping_class-pakk-kuni-30kg-fi","9":"first","10":"instock","11":"taxable","12":"shipping-taxable","13":"purchasable","14":"product-type-simple"},"acf":[],"_links":{"self":[{"href":"https:\/\/abpolar.ee\/fi\/wp-json\/wp\/v2\/product\/14770","targetHints":{"allow":["GET"]}}],"collection":[{"href":"https:\/\/abpolar.ee\/fi\/wp-json\/wp\/v2\/product"}],"about":[{"href":"https:\/\/abpolar.ee\/fi\/wp-json\/wp\/v2\/types\/product"}],"wp:featuredmedia":[{"embeddable":true,"href":"https:\/\/abpolar.ee\/fi\/wp-json\/wp\/v2\/media\/14617"}],"wp:attachment":[{"href":"https:\/\/abpolar.ee\/fi\/wp-json\/wp\/v2\/media?parent=14770"}],"wp:term":[{"taxonomy":"product_brand","embeddable":true,"href":"https:\/\/abpolar.ee\/fi\/wp-json\/wp\/v2\/product_brand?post=14770"},{"taxonomy":"product_cat","embeddable":true,"href":"https:\/\/abpolar.ee\/fi\/wp-json\/wp\/v2\/product_cat?post=14770"},{"taxonomy":"product_tag","embeddable":true,"href":"https:\/\/abpolar.ee\/fi\/wp-json\/wp\/v2\/product_tag?post=14770"}],"curies":[{"name":"wp","href":"https:\/\/api.w.org\/{rel}","templated":true}]}}