{"id":15134,"date":"2024-09-17T13:01:34","date_gmt":"2024-09-17T10:01:34","guid":{"rendered":"https:\/\/abpolar.ee\/?post_type=product&#038;p=15134"},"modified":"2024-09-17T16:23:48","modified_gmt":"2024-09-17T13:23:48","slug":"maakellari-357x220x260cm-7500l","status":"publish","type":"product","link":"https:\/\/abpolar.ee\/fi\/maakellari-357x220x260cm-7500l\/","title":{"rendered":"Maakellari 357x220x260cm 7500L"},"content":{"rendered":"<h2>Maakellari 357x220x260cm 7500L<\/h2>\n<p>Puutarhakellari 357 x 220 x 260 cm vino sis\u00e4\u00e4nk\u00e4ynti. Paras tapa s\u00e4ilytt\u00e4\u00e4 vihanneksia, hedelmi\u00e4, kotitekoisia s\u00e4ilykkeit\u00e4 tai alkoholia.<br \/>\nMaanalaisessa kellarissa vallitsevat l\u00e4mp\u00f6tilaolosuhteet mahdollistavat sek\u00e4 s\u00e4ilykkeiden, tuoreiden vihannesten ett\u00e4 viinien s\u00e4ilytyksen. T\u00e4m\u00e4n ansiosta kellarikerros antaa meille mitattavissa olevia taloudellisia etuja, kuten s\u00e4hk\u00f6laskujen merkitt\u00e4v\u00e4n pienenemisen. Se on loistava vaihtoehto ylim\u00e4\u00e4r\u00e4iselle s\u00e4ilytystilalle asunnonomistajille, joilla ei ole kellaria tai ruokakomeroa.<\/p>\n<p>Kellarin kokoaminen on eritt\u00e4in helppoa ja kest\u00e4\u00e4 noin 5 tuntia. Tarvitset n. 5m2 rakentamatonta tilaa puutarhassasi t\u00e4m\u00e4n modernin kellarin asentamiseen. Valmistuksessa k\u00e4ytetty materiaali takaa korkean kest\u00e4vyyden ja kosteudenkest\u00e4vyyden. Suuren tiheytens\u00e4 ansiosta se est\u00e4\u00e4 my\u00f6s ei-toivottujen vieraiden, kuten jyrsij\u00f6iden, p\u00e4\u00e4syn sis\u00e4\u00e4n.<\/p>\n<p>Painovoimainen ilmanvaihto mahdollistaa vapaan ilmanvaihdon eik\u00e4 vaadi mit\u00e4\u00e4n mekanismeja toimiakseen. Ilmanvaihto tapahtuu l\u00e4mp\u00f6tilaerojen vaikutuksesta.<\/p>\n<p>Lukuisten toiminnallisten hyllyjen ansiosta sisustus tarjoaa meille t\u00e4ydellisen helppok\u00e4ytt\u00f6isyyden. Erityisesti suunniteltu viiniteline, jolla kellari on varustettu, mahdollistaa suosikkiviinien s\u00e4ilytt\u00e4misen ihanteellisissa olosuhteissa. Lis\u00e4etuna on vihannesten s\u00e4ilytystila, jossa on mahdollisuus s\u00e4ilytt\u00e4\u00e4 niit\u00e4 hiekassa, mik\u00e4 parantaa merkitt\u00e4v\u00e4sti niiden tuoreutta ja makua.<\/p>\n<p><strong>Pituus: 357 cm<br \/>\nLeveys: 220 cm<\/strong><br \/>\n<strong>Korkeus: 260 cm<\/strong><br \/>\n<strong>Tilavuus: 7500L<\/strong><\/p>\n<h3>HUOM! Ei varastotuote. Tilausaika 2-3 viikkoa<\/h3>\n","protected":false},"excerpt":{"rendered":"<p>Maakellari 357x220x260cm 7500L Puutarhakellari 357 x 220 x 260 cm vino sis\u00e4\u00e4nk\u00e4ynti. Paras tapa s\u00e4ilytt\u00e4\u00e4&#8230;<\/p>\n","protected":false},"featured_media":15130,"template":"","meta":{"_acf_changed":false,"inline_featured_image":false},"product_brand":[],"product_cat":[579,211],"product_tag":[],"class_list":{"0":"post-15134","1":"product","2":"type-product","3":"status-publish","4":"has-post-thumbnail","6":"product_cat-kellarit","7":"product_cat-piharakennukset","9":"first","10":"instock","11":"taxable","12":"shipping-taxable","13":"purchasable","14":"product-type-simple"},"acf":[],"_links":{"self":[{"href":"https:\/\/abpolar.ee\/fi\/wp-json\/wp\/v2\/product\/15134","targetHints":{"allow":["GET"]}}],"collection":[{"href":"https:\/\/abpolar.ee\/fi\/wp-json\/wp\/v2\/product"}],"about":[{"href":"https:\/\/abpolar.ee\/fi\/wp-json\/wp\/v2\/types\/product"}],"wp:featuredmedia":[{"embeddable":true,"href":"https:\/\/abpolar.ee\/fi\/wp-json\/wp\/v2\/media\/15130"}],"wp:attachment":[{"href":"https:\/\/abpolar.ee\/fi\/wp-json\/wp\/v2\/media?parent=15134"}],"wp:term":[{"taxonomy":"product_brand","embeddable":true,"href":"https:\/\/abpolar.ee\/fi\/wp-json\/wp\/v2\/product_brand?post=15134"},{"taxonomy":"product_cat","embeddable":true,"href":"https:\/\/abpolar.ee\/fi\/wp-json\/wp\/v2\/product_cat?post=15134"},{"taxonomy":"product_tag","embeddable":true,"href":"https:\/\/abpolar.ee\/fi\/wp-json\/wp\/v2\/product_tag?post=15134"}],"curies":[{"name":"wp","href":"https:\/\/api.w.org\/{rel}","templated":true}]}}