{"id":15844,"date":"2023-02-22T15:06:09","date_gmt":"2023-02-22T13:06:09","guid":{"rendered":"https:\/\/abpolar.ee\/?post_type=product&#038;p=15844"},"modified":"2025-09-02T14:33:14","modified_gmt":"2025-09-02T11:33:14","slug":"nelikulmainen-aitatolppa-40x60mm-ral7016-harmaa-seina-2mm","status":"publish","type":"product","link":"https:\/\/abpolar.ee\/fi\/nelikulmainen-aitatolppa-40x60mm-ral7016-harmaa-seina-2mm\/","title":{"rendered":"Nelikulmainen aitatolppa 40x60mm RAL7016 harmaa, sein\u00e4 2mm"},"content":{"rendered":"<h2>Neliskulmainen aitatolppa 40&#215;60 mm RAL7016 harmaa, 2mm sein\u00e4m\u00e4<\/h2>\n<p>Neliskulmainen sinkitty ja jauhemaalattu aitatolppa sopii yhteen etenkin aitaelementtien kanssa. Elementeist\u00e4 kootun aidan asentaminen on helppoa ja nopeaa. Elementtiaita on l\u00e4hes huoltovapaa ja se kest\u00e4\u00e4 hyvin erilaisia s\u00e4\u00e4olosuhteita.<\/p>\n<p>Lis\u00e4ksi elementtiaidan korjaaminen on n\u00e4pp\u00e4r\u00e4\u00e4: mik\u00e4li aita vaurioituu yhdest\u00e4 kohtaa, riitt\u00e4\u00e4 korjaamiseen usein vain yksitt\u00e4isen elementin vaihto uuteen.<\/p>\n<p>Voit yhdist\u00e4\u00e4 tolpan ja aitaelementin v\u00e4rin s\u00e4vy s\u00e4vyyn. Valittavissa on viisi tyylik\u00e4st\u00e4 v\u00e4rivaihtoehtoa, jotta aita varmasti sopii yhteen kotisi kanssa.<\/p>\n<p><strong>Kun haluat rakentaa aidan helposti ja nopeasti, hanki <a href=\"https:\/\/abpolar.ee\/fi\/aitaelementit\/\">aitaelementit<\/a> ja neliskulmainen aitatolppa!<\/strong><\/p>\n<ul>\n<li>Korkeus: valittavissa 2100 mm, 2600 mm tai 3000 mm<\/li>\n<li>Mitat: 40 mm (leveys) x 60 mm (syvyys)<\/li>\n<li>Tolpan sein\u00e4m\u00e4n paksuus: 2 mm<\/li>\n<li>Jauhemaalattu RAL7016 harmaa<\/li>\n<li>Sis\u00e4lt\u00e4\u00e4 tolpan hatun<\/li>\n<\/ul>\n<h3>Asennusohjeet:<\/h3>\n<ul>\n<li>Suosittelemme kiinnitt\u00e4m\u00e4\u00e4n <a href=\"https:\/\/abpolar.ee\/fi\/aitatolpat\/\">aidan tolpat<\/a> maahan betonivalulla.<\/li>\n<li>Tolpat asennetaan elementtiaidan elementtien liitoskohtiin.<\/li>\n<li>Suositeltu asennussyvyys on 50-70 cm, eli suositeltu tolpan korkeus on aidan korkeus + 50 cm.<\/li>\n<li>Elementtiaidat kiinnitet\u00e4\u00e4n tolppaan elementtiaidan U-kiinnikkeill\u00e4.<\/li>\n<\/ul>\n","protected":false},"excerpt":{"rendered":"<p>Neliskulmainen aitatolppa 40&#215;60 mm RAL7016 harmaa, 2mm sein\u00e4m\u00e4 Neliskulmainen sinkitty ja jauhemaalattu aitatolppa sopii yhteen&#8230;<\/p>\n","protected":false},"featured_media":4936,"template":"","meta":{"_acf_changed":false,"inline_featured_image":false},"product_brand":[],"product_cat":[187,200],"product_tag":[],"class_list":{"0":"post-15844","1":"product","2":"type-product","3":"status-publish","4":"has-post-thumbnail","6":"product_cat-aidat-ja-portit","7":"product_cat-aitatolpat","8":"product_shipping_class-pakk-kuni-30kg-fi","10":"first","11":"instock","12":"taxable","13":"shipping-taxable","14":"purchasable","15":"product-type-variable","16":"has-default-attributes"},"acf":[],"_links":{"self":[{"href":"https:\/\/abpolar.ee\/fi\/wp-json\/wp\/v2\/product\/15844","targetHints":{"allow":["GET"]}}],"collection":[{"href":"https:\/\/abpolar.ee\/fi\/wp-json\/wp\/v2\/product"}],"about":[{"href":"https:\/\/abpolar.ee\/fi\/wp-json\/wp\/v2\/types\/product"}],"wp:featuredmedia":[{"embeddable":true,"href":"https:\/\/abpolar.ee\/fi\/wp-json\/wp\/v2\/media\/4936"}],"wp:attachment":[{"href":"https:\/\/abpolar.ee\/fi\/wp-json\/wp\/v2\/media?parent=15844"}],"wp:term":[{"taxonomy":"product_brand","embeddable":true,"href":"https:\/\/abpolar.ee\/fi\/wp-json\/wp\/v2\/product_brand?post=15844"},{"taxonomy":"product_cat","embeddable":true,"href":"https:\/\/abpolar.ee\/fi\/wp-json\/wp\/v2\/product_cat?post=15844"},{"taxonomy":"product_tag","embeddable":true,"href":"https:\/\/abpolar.ee\/fi\/wp-json\/wp\/v2\/product_tag?post=15844"}],"curies":[{"name":"wp","href":"https:\/\/api.w.org\/{rel}","templated":true}]}}