{"id":15848,"date":"2024-11-14T12:01:56","date_gmt":"2024-11-14T10:01:56","guid":{"rendered":"https:\/\/abpolar.ee\/?post_type=product&#038;p=15848"},"modified":"2026-01-28T16:17:49","modified_gmt":"2026-01-28T14:17:49","slug":"verkkoaidan-kayntiportti-ral7016-leveys-15m","status":"publish","type":"product","link":"https:\/\/abpolar.ee\/fi\/verkkoaidan-kayntiportti-ral7016-leveys-15m\/","title":{"rendered":"Verkkoaidan k\u00e4yntiportti RAL7016, leveys 1,5m"},"content":{"rendered":"<h2>Verkkoaidan k\u00e4yntiportti RAL7016 harmaa, leveys 1,5 m<\/h2>\n<p>Py\u00f6reill\u00e4 tolpilla varustettu sinkitty ja jauhemaalattu k\u00e4yntiportti verkkoaidoille. Verkkoaita rajaa pihan, teollisuusalueen tai yrityksen liiketilat ja k\u00e4yntiportti kutsuu kyl\u00e4\u00e4n. Aita lis\u00e4\u00e4 turvallisuutta, yksityisyytt\u00e4 ja pit\u00e4\u00e4 my\u00f6s lemmikit ja pienet lapset aidatulla alueella.<\/p>\n<p>&nbsp;<\/p>\n<h3>Tuotteen ominaisuudet:<\/h3>\n<ul>\n<li>Portin korkeus valittavissa: 1 m, 1,25 m tai 1,5 m<\/li>\n<li>Rungon leveys on 1,5 m<\/li>\n<li><strong>Huom!<\/strong>\u00a0mittaa aidan tolppien v\u00e4li ennen asennusta<\/li>\n<li>Tolpat ovat noin 70 cm korkeammat kuin portti, jotta ne voidaan asentaa maahan kiinni<\/li>\n<li>Portin tolpan halkaisija 60 mm, tolpan sein\u00e4m\u00e4n paksuus 2 mm<\/li>\n<li>Portin rungon halkaisija 40 mm, rungon sein\u00e4m\u00e4n paksuus 1,5 mm<\/li>\n<li>Portin verkon l\u00e4pimitta 4 mm, verkon silm\u00e4koko 50 x 50 mm<\/li>\n<li>Pintak\u00e4sittely: jauhemaalattu RAL7016 harmaalla<\/li>\n<li>Toimitukseen sis\u00e4ltyy: tolpat, portti, saranat, lukko, lukkovastus ja kahva<\/li>\n<\/ul>\n<p><strong>Portin tolppien et\u00e4isyys on mitattava huolellisesti ennen asennusta!<\/strong><\/p>\n<h3>Verkkoaidan rakentamisen esivalmistelut:<\/h3>\n<ul>\n<li>Laske ensin aidattavan alueen koko.<\/li>\n<li>Kuinka paljon tarvitset aitaverkkoa?<\/li>\n<li>Ent\u00e4 kuinka monta tolppaa ja kiinnikett\u00e4 tarvitset?<\/li>\n<li>Huomioi my\u00f6s valitsemasi portin koko.<\/li>\n<li>Suunnittele valmiiksi tolppien kiinnitystapa, esim. betonivalu.<\/li>\n<li>Sen j\u00e4lkeen pyyd\u00e4 meilt\u00e4 tarjous!<\/li>\n<\/ul>\n","protected":false},"excerpt":{"rendered":"<p>Verkkoaidan k\u00e4yntiportti RAL7016 harmaa, leveys 1,5 m Py\u00f6reill\u00e4 tolpilla varustettu sinkitty ja jauhemaalattu k\u00e4yntiportti verkkoaidoille&#8230;.<\/p>\n","protected":false},"featured_media":4401,"template":"","meta":{"_acf_changed":false,"inline_featured_image":false},"product_brand":[],"product_cat":[187,201,329],"product_tag":[],"class_list":{"0":"post-15848","1":"product","2":"type-product","3":"status-publish","4":"has-post-thumbnail","6":"product_cat-aidat-ja-portit","7":"product_cat-kayntiportit","8":"product_cat-portit","10":"first","11":"instock","12":"taxable","13":"shipping-taxable","14":"purchasable","15":"product-type-variable"},"acf":[],"_links":{"self":[{"href":"https:\/\/abpolar.ee\/fi\/wp-json\/wp\/v2\/product\/15848","targetHints":{"allow":["GET"]}}],"collection":[{"href":"https:\/\/abpolar.ee\/fi\/wp-json\/wp\/v2\/product"}],"about":[{"href":"https:\/\/abpolar.ee\/fi\/wp-json\/wp\/v2\/types\/product"}],"wp:featuredmedia":[{"embeddable":true,"href":"https:\/\/abpolar.ee\/fi\/wp-json\/wp\/v2\/media\/4401"}],"wp:attachment":[{"href":"https:\/\/abpolar.ee\/fi\/wp-json\/wp\/v2\/media?parent=15848"}],"wp:term":[{"taxonomy":"product_brand","embeddable":true,"href":"https:\/\/abpolar.ee\/fi\/wp-json\/wp\/v2\/product_brand?post=15848"},{"taxonomy":"product_cat","embeddable":true,"href":"https:\/\/abpolar.ee\/fi\/wp-json\/wp\/v2\/product_cat?post=15848"},{"taxonomy":"product_tag","embeddable":true,"href":"https:\/\/abpolar.ee\/fi\/wp-json\/wp\/v2\/product_tag?post=15848"}],"curies":[{"name":"wp","href":"https:\/\/api.w.org\/{rel}","templated":true}]}}