{"id":15870,"date":"2025-01-15T11:00:29","date_gmt":"2025-01-15T09:00:29","guid":{"rendered":"https:\/\/abpolar.ee\/?post_type=product&#038;p=15870"},"modified":"2026-01-27T15:54:54","modified_gmt":"2026-01-27T13:54:54","slug":"kayntiportin-runko-leveys-1-m-ral6005-vihrea-locinox-lukolla","status":"publish","type":"product","link":"https:\/\/abpolar.ee\/fi\/kayntiportin-runko-leveys-1-m-ral6005-vihrea-locinox-lukolla\/","title":{"rendered":"K\u00e4yntiportin runko, leveys 1 m, RAL6005 vihre\u00e4, Locinox lukolla"},"content":{"rendered":"<div class=\"classic-editor\">\n<h2 class=\"page-title\"><span class=\"base\" data-ui-id=\"page-title-wrapper\">K\u00e4yntiportin runko, leveys 1 m, RAL6005 vihre\u00e4, Locinox lukolla<\/span><\/h2>\n<p>K\u00e4yntiportin runko soveltuu k\u00e4ytett\u00e4v\u00e4ksi niin verkkoaidoissa, lauta-aidoissa kuin muunlaisissa puuaidoissa. Porttirunkoon voidaan kiinnitt\u00e4\u00e4 verkko tai laudoitus.<\/p>\n<p>&nbsp;<\/p>\n<ul>\n<li><strong>Portin korkeus: valittavissa 0,95 m, 1,15 m, 1,45 m, 1,65 m tai 1,95 m<\/strong><\/li>\n<li><strong>Runkon leveys:\u00a0 1 m\u00a0\u00a0<\/strong>-Portin tolppien et\u00e4isyys on mitattava huolellisesti ennen asennusta!<\/li>\n<li><strong>Tolppien korkeus on noin 70 cm korkeampi portista maahan asentamista varten<\/strong><\/li>\n<li><strong>Materiaali: sinkitty ter\u00e4s, jauhemaalattu RAL6005\u00a0 vihre\u00e4ksi<\/strong><\/li>\n<li><strong>Tolpan l\u00e4pimitta: 80 x 80 mm, tolpan sein\u00e4n paksuus 2 mm<\/strong><\/li>\n<li><strong>Portin runkon putken l\u00e4pimitta: 60 x 40 mm, sein\u00e4n paksuus 1,5 mm<\/strong><\/li>\n<li><strong>Tuote sis\u00e4lt\u00e4\u00e4: tolpat, portin raamit, saranat, lukon, kahvan\u00a0<\/strong>(Lukko loxinix, saranat, kahva ovat porttitolpan sis\u00e4ll\u00e4)<\/li>\n<\/ul>\n<p>&nbsp;<\/p>\n<p><strong>Portin tolppien et\u00e4isyys on mitattava huolellisesti ennen asennusta!<\/strong><\/p>\n<p>Asennus:<\/p>\n<ul>\n<li>Sopii verkko-, elementti- tai puuaidan aitaportiksi, raamit tulee vain viimeistell\u00e4 samalla materiaalilla kuin muu aita.<\/li>\n<li>Portin tolpat suositellaan kiinnitett\u00e4v\u00e4ksi betonivalulla maahan<\/li>\n<\/ul>\n<\/div>\n<div class=\"posted_in\">Osasto:\u00a0<a href=\"https:\/\/abpolar.ee\/fi\/kayntiportit\/\" rel=\"tag\">K\u00e4yntiportit<\/a><\/div>\n","protected":false},"excerpt":{"rendered":"<p>K\u00e4yntiportin runko, leveys 1 m, RAL6005 vihre\u00e4, Locinox lukolla K\u00e4yntiportin runko soveltuu k\u00e4ytett\u00e4v\u00e4ksi niin verkkoaidoissa,&#8230;<\/p>\n","protected":false},"featured_media":15954,"template":"","meta":{"_acf_changed":false,"inline_featured_image":false},"product_brand":[],"product_cat":[187,201,329],"product_tag":[],"class_list":{"0":"post-15870","1":"product","2":"type-product","3":"status-publish","4":"has-post-thumbnail","6":"product_cat-aidat-ja-portit","7":"product_cat-kayntiportit","8":"product_cat-portit","10":"first","11":"instock","12":"taxable","13":"shipping-taxable","14":"purchasable","15":"product-type-variable"},"acf":[],"_links":{"self":[{"href":"https:\/\/abpolar.ee\/fi\/wp-json\/wp\/v2\/product\/15870","targetHints":{"allow":["GET"]}}],"collection":[{"href":"https:\/\/abpolar.ee\/fi\/wp-json\/wp\/v2\/product"}],"about":[{"href":"https:\/\/abpolar.ee\/fi\/wp-json\/wp\/v2\/types\/product"}],"wp:featuredmedia":[{"embeddable":true,"href":"https:\/\/abpolar.ee\/fi\/wp-json\/wp\/v2\/media\/15954"}],"wp:attachment":[{"href":"https:\/\/abpolar.ee\/fi\/wp-json\/wp\/v2\/media?parent=15870"}],"wp:term":[{"taxonomy":"product_brand","embeddable":true,"href":"https:\/\/abpolar.ee\/fi\/wp-json\/wp\/v2\/product_brand?post=15870"},{"taxonomy":"product_cat","embeddable":true,"href":"https:\/\/abpolar.ee\/fi\/wp-json\/wp\/v2\/product_cat?post=15870"},{"taxonomy":"product_tag","embeddable":true,"href":"https:\/\/abpolar.ee\/fi\/wp-json\/wp\/v2\/product_tag?post=15870"}],"curies":[{"name":"wp","href":"https:\/\/api.w.org\/{rel}","templated":true}]}}