{"id":15919,"date":"2024-11-14T12:01:57","date_gmt":"2024-11-14T10:01:57","guid":{"rendered":"https:\/\/abpolar.ee\/?post_type=product&#038;p=15919"},"modified":"2026-01-30T11:19:38","modified_gmt":"2026-01-30T09:19:38","slug":"verkkoaidan-ajoportti-leveys-3m-ral7016-harmaa","status":"publish","type":"product","link":"https:\/\/abpolar.ee\/fi\/verkkoaidan-ajoportti-leveys-3m-ral7016-harmaa\/","title":{"rendered":"Verkkoaidan ajoportti, leveys 3m RAL7016 harmaa"},"content":{"rendered":"<h2>Verkkoaidan ajoportti, leveys 3 m RAL7016 harmaa<\/h2>\n<p>Py\u00f6reill\u00e4 tolpilla varustettu sinkitty ja jauhemaalattu ajoportti verkkoaidoille. Verkkoaita rajaa pihan, teollisuusalueen tai yrityksen liiketilat ja ajoportti kutsuu kyl\u00e4\u00e4n. Aita lis\u00e4\u00e4 turvallisuutta, yksityisyytt\u00e4 ja pit\u00e4\u00e4 my\u00f6s lemmikit ja pienet lapset aidatulla alueella.<\/p>\n<p>&nbsp;<\/p>\n<h3>Tuotteen ominaisuudet:<\/h3>\n<ul>\n<li>Portin korkeus valittavissa: 1 m, 1,25 m, 1,5 m, 1,75 m tai 2 m<\/li>\n<li>Portin ajoleveys: ~ 3000 mm, yhden siiven leveys on 1,5 m<\/li>\n<li><strong>Huom!<\/strong>\u00a0mittaa aidan tolppien v\u00e4li ennen asennusta<\/li>\n<li>Tolpat ovat noin 700 mm korkeammat kuin portti, jotta ne voidaan asentaa maahan kiinni<\/li>\n<li>Portin tolpan halkaisija 60 mm, tolpan sein\u00e4m\u00e4n paksuus 2 mm<\/li>\n<li>Portin rungon halkaisija 40 mm ja sein\u00e4m\u00e4n paksuus 1,5 mm<\/li>\n<li>Portin verkon l\u00e4pimitta 4 mm, silm\u00e4koko 50 x 50 mm<\/li>\n<li>Materiaali: sinkitty ter\u00e4s, jauhemaalattu RAL70016 harmaalla<\/li>\n<li>Tuotepakkaus sis\u00e4lt\u00e4\u00e4: tolpat, portin, saranat, lukon ja kahvan<\/li>\n<li><strong>Portin tolppien et\u00e4isyys on mitattava huolellisesti ennen asennusta!<\/strong><\/li>\n<\/ul>\n<h3>Verkkoaidan rakentamisen esivalmistelut:<\/h3>\n<ul>\n<li>Laske ensin aidattavan alueen koko.<\/li>\n<li>Kuinka paljon tarvitset aitaverkkoa?<\/li>\n<li>Ent\u00e4 kuinka monta tolppaa ja kiinnikett\u00e4 tarvitset?<\/li>\n<li>Huomioi my\u00f6s valitsemasi portin koko.<\/li>\n<li>Suunnittele valmiiksi tolppien kiinnitystapa, esim. betonivalu.<\/li>\n<li>Sen j\u00e4lkeen pyyd\u00e4 meilt\u00e4 tarjous!<\/li>\n<\/ul>\n","protected":false},"excerpt":{"rendered":"<p>Verkkoaidan ajoportti, leveys 3 m RAL7016 harmaa Py\u00f6reill\u00e4 tolpilla varustettu sinkitty ja jauhemaalattu ajoportti verkkoaidoille&#8230;.<\/p>\n","protected":false},"featured_media":4539,"template":"","meta":{"_acf_changed":false,"inline_featured_image":false},"product_brand":[],"product_cat":[187,202,329],"product_tag":[],"class_list":{"0":"post-15919","1":"product","2":"type-product","3":"status-publish","4":"has-post-thumbnail","6":"product_cat-aidat-ja-portit","7":"product_cat-ajoportit","8":"product_cat-portit","10":"first","11":"instock","12":"taxable","13":"shipping-taxable","14":"purchasable","15":"product-type-variable"},"acf":[],"_links":{"self":[{"href":"https:\/\/abpolar.ee\/fi\/wp-json\/wp\/v2\/product\/15919","targetHints":{"allow":["GET"]}}],"collection":[{"href":"https:\/\/abpolar.ee\/fi\/wp-json\/wp\/v2\/product"}],"about":[{"href":"https:\/\/abpolar.ee\/fi\/wp-json\/wp\/v2\/types\/product"}],"wp:featuredmedia":[{"embeddable":true,"href":"https:\/\/abpolar.ee\/fi\/wp-json\/wp\/v2\/media\/4539"}],"wp:attachment":[{"href":"https:\/\/abpolar.ee\/fi\/wp-json\/wp\/v2\/media?parent=15919"}],"wp:term":[{"taxonomy":"product_brand","embeddable":true,"href":"https:\/\/abpolar.ee\/fi\/wp-json\/wp\/v2\/product_brand?post=15919"},{"taxonomy":"product_cat","embeddable":true,"href":"https:\/\/abpolar.ee\/fi\/wp-json\/wp\/v2\/product_cat?post=15919"},{"taxonomy":"product_tag","embeddable":true,"href":"https:\/\/abpolar.ee\/fi\/wp-json\/wp\/v2\/product_tag?post=15919"}],"curies":[{"name":"wp","href":"https:\/\/api.w.org\/{rel}","templated":true}]}}