{"id":15939,"date":"2024-08-30T11:00:12","date_gmt":"2024-08-30T08:00:12","guid":{"rendered":"https:\/\/abpolar.ee\/?post_type=product&#038;p=15939"},"modified":"2025-10-06T18:22:57","modified_gmt":"2025-10-06T15:22:57","slug":"verkkoaidan-kiinnike-pyorealle-tolpalle-musta","status":"publish","type":"product","link":"https:\/\/abpolar.ee\/fi\/verkkoaidan-kiinnike-pyorealle-tolpalle-musta\/","title":{"rendered":"Verkkoaidan kiinnike py\u00f6re\u00e4lle tolpalle musta"},"content":{"rendered":"<h2>Verkkoaidan kiinnike py\u00f6re\u00e4\u00e4n tolppaan, musta<\/h2>\n<p>Kiinnike sopii py\u00f6reisiin verkkoaidan tolppiin. Kiinnike ruuvataan kiinni tolppaan. Kiinnikkeen ura pit\u00e4\u00e4 verkkoaidan langat j\u00e4m\u00e4k\u00e4sti paikallaan.<\/p>\n<p>Muista hankkia samalla my\u00f6s tarkoituksiisi sopiva aitaverkko ja aitatolpat.<\/p>\n<p>Kun rakennat verkkoaitaa, hanki sopiva verkkoaidan kiinnike!<\/p>\n<ul>\n<li>Sis\u00e4lt\u00e4\u00e4 muovisen kiinnikkeen ja ruuvin<\/li>\n<li>Suositeltava kiinnikkeiden m\u00e4\u00e4r\u00e4: 1 m verkolle 4 kiinnikett\u00e4 per tolppa, 1,2 m verkolle 5 kiinnikett\u00e4 per tolppa, 1,5 m verkolle 6 kiinnikett\u00e4 per tolppa jne.<\/li>\n<li>V\u00e4ri: musta<\/li>\n<\/ul>\n","protected":false},"excerpt":{"rendered":"<p>Verkkoaidan kiinnike py\u00f6re\u00e4\u00e4n tolppaan, musta Kiinnike sopii py\u00f6reisiin verkkoaidan tolppiin. Kiinnike ruuvataan kiinni tolppaan. Kiinnikkeen&#8230;<\/p>\n","protected":false},"featured_media":14998,"template":"","meta":{"_acf_changed":false,"inline_featured_image":false},"product_brand":[],"product_cat":[140],"product_tag":[],"class_list":{"0":"post-15939","1":"product","2":"type-product","3":"status-publish","4":"has-post-thumbnail","6":"product_cat-aitojen-porttien-tarvikkeet","7":"product_shipping_class-vaike-pakk-fi","9":"first","10":"instock","11":"taxable","12":"shipping-taxable","13":"purchasable","14":"product-type-simple"},"acf":[],"_links":{"self":[{"href":"https:\/\/abpolar.ee\/fi\/wp-json\/wp\/v2\/product\/15939","targetHints":{"allow":["GET"]}}],"collection":[{"href":"https:\/\/abpolar.ee\/fi\/wp-json\/wp\/v2\/product"}],"about":[{"href":"https:\/\/abpolar.ee\/fi\/wp-json\/wp\/v2\/types\/product"}],"wp:featuredmedia":[{"embeddable":true,"href":"https:\/\/abpolar.ee\/fi\/wp-json\/wp\/v2\/media\/14998"}],"wp:attachment":[{"href":"https:\/\/abpolar.ee\/fi\/wp-json\/wp\/v2\/media?parent=15939"}],"wp:term":[{"taxonomy":"product_brand","embeddable":true,"href":"https:\/\/abpolar.ee\/fi\/wp-json\/wp\/v2\/product_brand?post=15939"},{"taxonomy":"product_cat","embeddable":true,"href":"https:\/\/abpolar.ee\/fi\/wp-json\/wp\/v2\/product_cat?post=15939"},{"taxonomy":"product_tag","embeddable":true,"href":"https:\/\/abpolar.ee\/fi\/wp-json\/wp\/v2\/product_tag?post=15939"}],"curies":[{"name":"wp","href":"https:\/\/api.w.org\/{rel}","templated":true}]}}