{"id":15948,"date":"2024-03-07T13:08:48","date_gmt":"2024-03-07T11:08:48","guid":{"rendered":"https:\/\/abpolar.ee\/?post_type=product&#038;p=15948"},"modified":"2025-08-14T18:21:27","modified_gmt":"2025-08-14T15:21:27","slug":"aitanauha-premium-19cm-26m-ral6005-vihrea","status":"publish","type":"product","link":"https:\/\/abpolar.ee\/fi\/aitanauha-premium-19cm-26m-ral6005-vihrea\/","title":{"rendered":"Aitanauha Premium 19cm \/ 26m RAL6005 vihre\u00e4"},"content":{"rendered":"<h2>Aidan suojanauha Premium 19 cm \/ 26 m RAL6005 vihre\u00e4<\/h2>\n<p>Aidan suojanauha tuo yksityisyytt\u00e4 pihaan ja kotiin. Nauha antaa my\u00f6s suojaa huonoilta s\u00e4\u00e4olosuhteilta. Aidan suojanauha soveltuu k\u00e4ytett\u00e4v\u00e4ksi verkko-aidoissa, paneeliaidoissa, parvekkeen kaiteissa ja monissa muissa aidoissa.<\/p>\n<p>Aidan suojanauha on valmistettu korkealaatuisesta, kaksoissuojatusta WDB-muovista, joka kest\u00e4\u00e4 UV-s\u00e4teily\u00e4 menett\u00e4m\u00e4tt\u00e4 alkuper\u00e4ist\u00e4 v\u00e4ri\u00e4\u00e4n. Nauha ei halkeile taivutettaessa, kest\u00e4\u00e4 hyvin alhaisia \u200b\u200bl\u00e4mp\u00f6tiloja eik\u00e4 halkeile kovien pakkasten vaikutuksesta suuren joustavuutensa ansiosta.<\/p>\n<p>Nauhan asentaminen on helppoa eik\u00e4 ammattilaisty\u00f6kaluja tarvita. Asennus onnistuu n\u00e4pp\u00e4r\u00e4sti Premium Line -kiinnikkeill\u00e4 (ei sis\u00e4lly toimitukseen). Nauhaa on saatavilla useassa eri v\u00e4riss\u00e4.<\/p>\n<p><strong>Kun haluat enemm\u00e4n omaa rauhaa, p\u00e4\u00e4llyst\u00e4 aitasi suojanauhalla!<\/strong><\/p>\n<ul>\n<li>Halkaisija: 1,2 mm<\/li>\n<li>Korkeus: 19 cm<\/li>\n<li>Pituus: 26 m<\/li>\n<li>Yhteens\u00e4: 5 m2<\/li>\n<li>Materiaali: polypropeeni<\/li>\n<li>Paino: 700 g \/ m\u00b2<\/li>\n<li>V\u00e4ri: RAL6005 vihre\u00e4<\/li>\n<\/ul>\n","protected":false},"excerpt":{"rendered":"<p>Aidan suojanauha Premium 19 cm \/ 26 m RAL6005 vihre\u00e4 Aidan suojanauha tuo yksityisyytt\u00e4 pihaan&#8230;<\/p>\n","protected":false},"featured_media":13298,"template":"","meta":{"_acf_changed":false,"inline_featured_image":false},"product_brand":[],"product_cat":[187,586],"product_tag":[],"class_list":{"0":"post-15948","1":"product","2":"type-product","3":"status-publish","4":"has-post-thumbnail","6":"product_cat-aidat-ja-portit","7":"product_cat-aitanauhat","8":"product_shipping_class-vaike-pakk-fi","10":"first","11":"instock","12":"taxable","13":"shipping-taxable","14":"purchasable","15":"product-type-simple"},"acf":[],"_links":{"self":[{"href":"https:\/\/abpolar.ee\/fi\/wp-json\/wp\/v2\/product\/15948","targetHints":{"allow":["GET"]}}],"collection":[{"href":"https:\/\/abpolar.ee\/fi\/wp-json\/wp\/v2\/product"}],"about":[{"href":"https:\/\/abpolar.ee\/fi\/wp-json\/wp\/v2\/types\/product"}],"wp:featuredmedia":[{"embeddable":true,"href":"https:\/\/abpolar.ee\/fi\/wp-json\/wp\/v2\/media\/13298"}],"wp:attachment":[{"href":"https:\/\/abpolar.ee\/fi\/wp-json\/wp\/v2\/media?parent=15948"}],"wp:term":[{"taxonomy":"product_brand","embeddable":true,"href":"https:\/\/abpolar.ee\/fi\/wp-json\/wp\/v2\/product_brand?post=15948"},{"taxonomy":"product_cat","embeddable":true,"href":"https:\/\/abpolar.ee\/fi\/wp-json\/wp\/v2\/product_cat?post=15948"},{"taxonomy":"product_tag","embeddable":true,"href":"https:\/\/abpolar.ee\/fi\/wp-json\/wp\/v2\/product_tag?post=15948"}],"curies":[{"name":"wp","href":"https:\/\/api.w.org\/{rel}","templated":true}]}}