{"id":15960,"date":"2024-03-07T14:03:54","date_gmt":"2024-03-07T12:03:54","guid":{"rendered":"https:\/\/abpolar.ee\/?post_type=product&#038;p=15960"},"modified":"2025-01-16T13:38:25","modified_gmt":"2025-01-16T11:38:25","slug":"aitanauha-ab-polar-premium-475cm-50m-ral7016-harmaa","status":"publish","type":"product","link":"https:\/\/abpolar.ee\/fi\/aitanauha-ab-polar-premium-475cm-50m-ral7016-harmaa\/","title":{"rendered":"Aitanauha Ab Polar Premium 4,75cm \/ 50m RAL7016 harmaa"},"content":{"rendered":"<h2>Aitanauha Ab Polar Premium 4,75cm \/ 50m RAL7016 harmaa<\/h2>\n<p>Aitanauha mahdollistaa yksityisyyden luomisen ja suojaa huonoilta s\u00e4\u00e4olosuhteilta. Soveltuu k\u00e4ytett\u00e4v\u00e4ksi verkko-aidoissa, paneeliaidoissa, parvekkeissa ja monissa muissa aidoissa. Aitanauha on valmistettu korkealaatuisesta kaksoissuojatusta WDB -muovista, joka kest\u00e4\u00e4 UV-s\u00e4teily\u00e4 menett\u00e4m\u00e4tt\u00e4 alkuper\u00e4ist\u00e4 v\u00e4ri\u00e4\u00e4n, eiv\u00e4t halkeile taivutettaessa, kest\u00e4v\u00e4t paremmin alhaisia \u200b\u200bl\u00e4mp\u00f6tiloja eiv\u00e4tk\u00e4 halkeile kovien pakkasten vaikutuksesta suuren joustavuuden ansiosta. Helppo asentaa \u2013 ei vaadi ammattity\u00f6kaluja. Asennus Premium Line -kiinnikkeill\u00e4 (ei sis\u00e4lly toimitukseen).<\/p>\n<ul>\n<li><strong>Halkaisija: 1,2 mm<\/strong><\/li>\n<li><strong>Korkeus: 4,75 cm<\/strong><\/li>\n<li><strong>Pituus: 50 m<\/strong><\/li>\n<li><strong>Yhteens\u00e4: 2,4 m2<\/strong><\/li>\n<li><strong>Materiaali: Polypropeeni<\/strong><\/li>\n<li><strong>Paino: 700 g\/m\u00b2<\/strong><\/li>\n<li><strong>V\u00e4ri: RAL7016 harmaa<\/strong><\/li>\n<\/ul>\n","protected":false},"excerpt":{"rendered":"<p>Aitanauha Ab Polar Premium 4,75cm \/ 50m RAL7016 harmaa Aitanauha mahdollistaa yksityisyyden luomisen ja suojaa&#8230;<\/p>\n","protected":false},"featured_media":13321,"template":"","meta":{"_acf_changed":false,"inline_featured_image":false},"product_brand":[],"product_cat":[187,586],"product_tag":[],"class_list":{"0":"post-15960","1":"product","2":"type-product","3":"status-publish","4":"has-post-thumbnail","6":"product_cat-aidat-ja-portit","7":"product_cat-aitanauhat","8":"product_shipping_class-vaike-pakk-fi","10":"first","11":"instock","12":"taxable","13":"shipping-taxable","14":"purchasable","15":"product-type-simple"},"acf":[],"_links":{"self":[{"href":"https:\/\/abpolar.ee\/fi\/wp-json\/wp\/v2\/product\/15960","targetHints":{"allow":["GET"]}}],"collection":[{"href":"https:\/\/abpolar.ee\/fi\/wp-json\/wp\/v2\/product"}],"about":[{"href":"https:\/\/abpolar.ee\/fi\/wp-json\/wp\/v2\/types\/product"}],"wp:featuredmedia":[{"embeddable":true,"href":"https:\/\/abpolar.ee\/fi\/wp-json\/wp\/v2\/media\/13321"}],"wp:attachment":[{"href":"https:\/\/abpolar.ee\/fi\/wp-json\/wp\/v2\/media?parent=15960"}],"wp:term":[{"taxonomy":"product_brand","embeddable":true,"href":"https:\/\/abpolar.ee\/fi\/wp-json\/wp\/v2\/product_brand?post=15960"},{"taxonomy":"product_cat","embeddable":true,"href":"https:\/\/abpolar.ee\/fi\/wp-json\/wp\/v2\/product_cat?post=15960"},{"taxonomy":"product_tag","embeddable":true,"href":"https:\/\/abpolar.ee\/fi\/wp-json\/wp\/v2\/product_tag?post=15960"}],"curies":[{"name":"wp","href":"https:\/\/api.w.org\/{rel}","templated":true}]}}