{"id":15968,"date":"2024-03-07T14:04:00","date_gmt":"2024-03-07T12:04:00","guid":{"rendered":"https:\/\/abpolar.ee\/?post_type=product&#038;p=15968"},"modified":"2025-08-16T20:51:01","modified_gmt":"2025-08-16T17:51:01","slug":"aitanauhan-kiinnike-10-kpl-ral8011-ruskea","status":"publish","type":"product","link":"https:\/\/abpolar.ee\/fi\/aitanauhan-kiinnike-10-kpl-ral8011-ruskea\/","title":{"rendered":"Aitanauhan kiinnike 10 kpl, RAL8011 ruskea"},"content":{"rendered":"<h2>Aidan suojanauhan kiinnike 10 kpl, RAL8011 ruskea<\/h2>\n<p>Aidan suojanauhan kiinnikkeet auttavat kiinnitt\u00e4m\u00e4\u00e4n suojanauhan aitaan. Kiinnikkeet on valmistettu eritt\u00e4in kest\u00e4v\u00e4st\u00e4 PP-muovista joka kest\u00e4\u00e4 hyvin \u00e4\u00e4rimm\u00e4isi\u00e4kin s\u00e4\u00e4olosuhteita. Kiinnikkeet kest\u00e4v\u00e4t my\u00f6s UV-s\u00e4teily\u00e4, joten niiden alkuper\u00e4inen v\u00e4ri s\u00e4ilyy hyvin. Universaali koko: kiinnike sopii 3 mm, 4 mm, 5 mm ja 6 mm nauhalle.<\/p>\n<p>Aidan suojanauha tuo yksityisyytt\u00e4 pihaan ja kotiin. Nauha antaa my\u00f6s suojaa huonoilta s\u00e4\u00e4olosuhteilta. Aidan suojanauha soveltuu k\u00e4ytett\u00e4v\u00e4ksi verkko-aidoissa, paneeliaidoissa, parvekkeen kaiteissa ja monissa muissa aidoissa.<\/p>\n<p>Kun haluat enemm\u00e4n omaa rauhaa, p\u00e4\u00e4llyst\u00e4 aitasi suojanauhalla!<\/p>\n<ul>\n<li>Korkeus: 19 cm<\/li>\n<li>Halkaisija: 2 mm<\/li>\n<li>Materiaali: PP<\/li>\n<li>V\u00e4ri: RAL8011 ruskea<\/li>\n<li>10 kpl setiss\u00e4<\/li>\n<\/ul>\n<p>Tuote on helppo asentaa ja sit\u00e4 voidaan leikata.<\/p>\n<ol>\n<li>Aseta suojanauha aidan lankojen v\u00e4liin.<\/li>\n<li>Leikkaa molemmista p\u00e4ist\u00e4 ylim\u00e4\u00e4r\u00e4inen nauha pois ja kiinnit\u00e4 nauha kiinnikkeeseen.<\/li>\n<li>Kiinnit\u00e4 kiinnike ja nauha aidan lankoihin.<\/li>\n<\/ol>\n","protected":false},"excerpt":{"rendered":"<p>Aidan suojanauhan kiinnike 10 kpl, RAL8011 ruskea Aidan suojanauhan kiinnikkeet auttavat kiinnitt\u00e4m\u00e4\u00e4n suojanauhan aitaan. Kiinnikkeet&#8230;<\/p>\n","protected":false},"featured_media":13330,"template":"","meta":{"_acf_changed":false,"inline_featured_image":false},"product_brand":[],"product_cat":[187,586],"product_tag":[],"class_list":{"0":"post-15968","1":"product","2":"type-product","3":"status-publish","4":"has-post-thumbnail","6":"product_cat-aidat-ja-portit","7":"product_cat-aitanauhat","8":"product_shipping_class-vaike-pakk-fi","10":"first","11":"instock","12":"taxable","13":"shipping-taxable","14":"purchasable","15":"product-type-simple"},"acf":[],"_links":{"self":[{"href":"https:\/\/abpolar.ee\/fi\/wp-json\/wp\/v2\/product\/15968","targetHints":{"allow":["GET"]}}],"collection":[{"href":"https:\/\/abpolar.ee\/fi\/wp-json\/wp\/v2\/product"}],"about":[{"href":"https:\/\/abpolar.ee\/fi\/wp-json\/wp\/v2\/types\/product"}],"wp:featuredmedia":[{"embeddable":true,"href":"https:\/\/abpolar.ee\/fi\/wp-json\/wp\/v2\/media\/13330"}],"wp:attachment":[{"href":"https:\/\/abpolar.ee\/fi\/wp-json\/wp\/v2\/media?parent=15968"}],"wp:term":[{"taxonomy":"product_brand","embeddable":true,"href":"https:\/\/abpolar.ee\/fi\/wp-json\/wp\/v2\/product_brand?post=15968"},{"taxonomy":"product_cat","embeddable":true,"href":"https:\/\/abpolar.ee\/fi\/wp-json\/wp\/v2\/product_cat?post=15968"},{"taxonomy":"product_tag","embeddable":true,"href":"https:\/\/abpolar.ee\/fi\/wp-json\/wp\/v2\/product_tag?post=15968"}],"curies":[{"name":"wp","href":"https:\/\/api.w.org\/{rel}","templated":true}]}}