{"id":15974,"date":"2024-11-06T12:01:36","date_gmt":"2024-11-06T10:01:36","guid":{"rendered":"https:\/\/abpolar.ee\/?post_type=product&#038;p=15974"},"modified":"2026-02-04T12:17:11","modified_gmt":"2026-02-04T10:17:11","slug":"ajoportin-runko-leveys-5-m-ral7016-harmaa","status":"publish","type":"product","link":"https:\/\/abpolar.ee\/fi\/ajoportin-runko-leveys-5-m-ral7016-harmaa\/","title":{"rendered":"Ajoportin runko, leveys 5 m, RAL7016 harmaa"},"content":{"rendered":"<h2>Ajoportin runko, leveys 5 m, RAL7016 harmaa<\/h2>\n<p>Tukeva, ter\u00e4ksest\u00e4 valmistettu sinkitty ja jauhemaalattu ajoportin runko.<\/p>\n<p>Pitk\u00e4ik\u00e4inen ja helposti avattava portti sopii yhteen sek\u00e4 verkko-, metalli- ett\u00e4 puuaidan kanssa, koska se voidaan helposti viimeistell\u00e4 samalla materiaalilla kuin muu aita.<\/p>\n<p>N\u00e4in saat vapaat k\u00e4det ja voit rakentaa juuri sellaisen ajoportin kuin haluat!<\/p>\n<ul>\n<li>Portin korkeus: valittavissa 0,95 m, 1,15 m, 1,45 m, 1,65 m tai 1,95 m<\/li>\n<li>Portin ajoleveys: ~ 5 m, yhden siiven leveys on 2,5 m<\/li>\n<li><strong>Huom!<\/strong>\u00a0mittaa aidan tolppien v\u00e4li ennen asennusta<\/li>\n<li>Tolpat ovat noin 700 mm korkeammat kuin portti, jotta ne voidaan asentaa maahan kiinni<\/li>\n<li>Materiaali: sinkitty ter\u00e4s, jauhemaalattu RAL7016 harmaalla<\/li>\n<li>Tolpan l\u00e4pimitta: 80 x 80 mm, tolpan sein\u00e4m\u00e4n paksuus 2 mm<\/li>\n<li>Portin rungon putken l\u00e4pimitta: 60 x 40 mm, sein\u00e4m\u00e4n paksuus 1,5 mm<\/li>\n<li>Tuote sis\u00e4lt\u00e4\u00e4: tolpat, portin ja saranat.<\/li>\n<\/ul>\n<p><strong>Muista mitata portin tolppien et\u00e4isyys huolellisesti ennen asennusta!<\/strong><\/p>\n<p>Haluatko helpottaa el\u00e4m\u00e4\u00e4si? Hanki portin lis\u00e4ksi <a href=\"https:\/\/abpolar.ee\/fi\/porttiautomatiikka\/\">porttiautomatiikkakoneisto<\/a>, jonka avulla voit avata ajoportin vaivattomasti kaukos\u00e4\u00e4timen avulla, nousematta autosta.<\/p>\n","protected":false},"excerpt":{"rendered":"<p>Ajoportin runko, leveys 5 m, RAL7016 harmaa Tukeva, ter\u00e4ksest\u00e4 valmistettu sinkitty ja jauhemaalattu ajoportin runko&#8230;.<\/p>\n","protected":false},"featured_media":8479,"template":"","meta":{"_acf_changed":false,"inline_featured_image":false},"product_brand":[],"product_cat":[187,202,329],"product_tag":[],"class_list":{"0":"post-15974","1":"product","2":"type-product","3":"status-publish","4":"has-post-thumbnail","6":"product_cat-aidat-ja-portit","7":"product_cat-ajoportit","8":"product_cat-portit","10":"first","11":"instock","12":"taxable","13":"shipping-taxable","14":"purchasable","15":"product-type-variable"},"acf":[],"_links":{"self":[{"href":"https:\/\/abpolar.ee\/fi\/wp-json\/wp\/v2\/product\/15974","targetHints":{"allow":["GET"]}}],"collection":[{"href":"https:\/\/abpolar.ee\/fi\/wp-json\/wp\/v2\/product"}],"about":[{"href":"https:\/\/abpolar.ee\/fi\/wp-json\/wp\/v2\/types\/product"}],"wp:featuredmedia":[{"embeddable":true,"href":"https:\/\/abpolar.ee\/fi\/wp-json\/wp\/v2\/media\/8479"}],"wp:attachment":[{"href":"https:\/\/abpolar.ee\/fi\/wp-json\/wp\/v2\/media?parent=15974"}],"wp:term":[{"taxonomy":"product_brand","embeddable":true,"href":"https:\/\/abpolar.ee\/fi\/wp-json\/wp\/v2\/product_brand?post=15974"},{"taxonomy":"product_cat","embeddable":true,"href":"https:\/\/abpolar.ee\/fi\/wp-json\/wp\/v2\/product_cat?post=15974"},{"taxonomy":"product_tag","embeddable":true,"href":"https:\/\/abpolar.ee\/fi\/wp-json\/wp\/v2\/product_tag?post=15974"}],"curies":[{"name":"wp","href":"https:\/\/api.w.org\/{rel}","templated":true}]}}