{"id":15996,"date":"2025-01-16T16:00:35","date_gmt":"2025-01-16T14:00:35","guid":{"rendered":"https:\/\/abpolar.ee\/?post_type=product&#038;p=15996"},"modified":"2025-01-17T10:02:00","modified_gmt":"2025-01-17T08:02:00","slug":"kasvihuone-57m%c2%b2-turvalasit-harmaa","status":"publish","type":"product","link":"https:\/\/abpolar.ee\/fi\/kasvihuone-57m%c2%b2-turvalasit-harmaa\/","title":{"rendered":"Kasvihuone 5,7m\u00b2 turvalasit, harmaa"},"content":{"rendered":"<h2>Kasvihuone 5,7m\u00b2 turvalasit, harmaa<\/h2>\n<p>Lasinen kasvihuoneessa toteutat villeimm\u00e4tkin puutarhaunelmat taimikasvatuksesta vihannesten viljelyyn.<br \/>\nPerinteisen kasvihuoneen materiaaleina ovat kest\u00e4v\u00e4 ja pitk\u00e4ik\u00e4inen 1,2 mm alumiini sek\u00e4 4mm karkaistu lasi.<br \/>\n<a href=\"https:\/\/abpolar.ee\/fi\/kasvihuoneet\/\" target=\"_blank\" rel=\"noopener\">Kasvihuoneessa<\/a>\u00a0on yksi ovi ja yksi kattoikkuna.<br \/>\nSokkeli ei sis\u00e4lly toimitukseen.<\/p>\n<ul>\n<li>Harjakorkeus (cm): 187<\/li>\n<li>Leveys (cm): 175<\/li>\n<li>Syvyys (cm): 296<\/li>\n<li>Pinta-ala (m\u00b2): 5,2<\/li>\n<li>V\u00e4ri: Harmaa<\/li>\n<li>Materiaali: Turvalasi<\/li>\n<li>Rungon materiaali: Alumiini<\/li>\n<li>Sis\u00e4lt\u00e4\u00e4 sokkelin: Ei<\/li>\n<li>Kattoluukkujen lukum\u00e4\u00e4r\u00e4: 1<\/li>\n<\/ul>\n<p>HUOM! Huomioithan, ett\u00e4 kasvihuoneen katolta on aina poistettava liika lumikuorma. Takuu ei kata lumikuorman ylipainosta johtuvaa katon romahtamista.<\/p>\n","protected":false},"excerpt":{"rendered":"<p>Kasvihuone 5,7m\u00b2 turvalasit, harmaa Lasinen kasvihuoneessa toteutat villeimm\u00e4tkin puutarhaunelmat taimikasvatuksesta vihannesten viljelyyn. Perinteisen kasvihuoneen materiaaleina&#8230;<\/p>\n","protected":false},"featured_media":16096,"template":"","meta":{"_acf_changed":false,"inline_featured_image":false},"product_brand":[],"product_cat":[204,205],"product_tag":[],"class_list":{"0":"post-15996","1":"product","2":"type-product","3":"status-publish","4":"has-post-thumbnail","6":"product_cat-kasvihuoneet","7":"product_cat-lasikasvihuoneet","9":"first","10":"instock","11":"sale","12":"taxable","13":"shipping-taxable","14":"purchasable","15":"product-type-simple"},"acf":[],"_links":{"self":[{"href":"https:\/\/abpolar.ee\/fi\/wp-json\/wp\/v2\/product\/15996","targetHints":{"allow":["GET"]}}],"collection":[{"href":"https:\/\/abpolar.ee\/fi\/wp-json\/wp\/v2\/product"}],"about":[{"href":"https:\/\/abpolar.ee\/fi\/wp-json\/wp\/v2\/types\/product"}],"wp:featuredmedia":[{"embeddable":true,"href":"https:\/\/abpolar.ee\/fi\/wp-json\/wp\/v2\/media\/16096"}],"wp:attachment":[{"href":"https:\/\/abpolar.ee\/fi\/wp-json\/wp\/v2\/media?parent=15996"}],"wp:term":[{"taxonomy":"product_brand","embeddable":true,"href":"https:\/\/abpolar.ee\/fi\/wp-json\/wp\/v2\/product_brand?post=15996"},{"taxonomy":"product_cat","embeddable":true,"href":"https:\/\/abpolar.ee\/fi\/wp-json\/wp\/v2\/product_cat?post=15996"},{"taxonomy":"product_tag","embeddable":true,"href":"https:\/\/abpolar.ee\/fi\/wp-json\/wp\/v2\/product_tag?post=15996"}],"curies":[{"name":"wp","href":"https:\/\/api.w.org\/{rel}","templated":true}]}}