{"id":16779,"date":"2023-04-26T11:20:58","date_gmt":"2023-04-26T08:20:58","guid":{"rendered":"https:\/\/abpolar.ee\/?post_type=product&#038;p=16779"},"modified":"2025-08-30T13:32:15","modified_gmt":"2025-08-30T10:32:15","slug":"liukuportin-runko-kzn-aukko-4m","status":"publish","type":"product","link":"https:\/\/abpolar.ee\/fi\/liukuportin-runko-kzn-aukko-4m\/","title":{"rendered":"Liukuportin runko KZN, aukko 4m"},"content":{"rendered":"<h2>Liukuportin runko KZN, aukko 4 m<\/h2>\n<p>Portin rungot ovat joko sinkittyj\u00e4 tai sinkittyj\u00e4 sek\u00e4 maalattuja. Voit valita mieleisesi v\u00e4rin RAL-s\u00e4vyist\u00e4.<\/p>\n<p>Kest\u00e4v\u00e4 liukuportti sopii yhteen sek\u00e4 verkko-, metalli- ett\u00e4 puuaidan kanssa, koska se voidaan helposti viimeistell\u00e4 samalla materiaalilla kuin muu aita. N\u00e4in saat vapaat k\u00e4det ja voit rakentaa juuri sellaisen liukuportin kuin haluat!<\/p>\n<p>Liukuportti liikkuu aidan suuntaisesti. Liukuportin avautuminen vaatii 1,5 kertaa aukon leveyden verran tilaa avautumissuunnassa.<\/p>\n<p>Haluatko helpottaa el\u00e4m\u00e4\u00e4si? Hanki liukuportin lis\u00e4ksi porttiautomatiikkakoneisto, jonka avulla voit avata portin vaivattomasti kaukos\u00e4\u00e4timen avulla, nousematta autosta.<\/p>\n<p>Liukuportin runko on tilaustuote, toimitusaika on 4-6 viikkoa.<\/p>\n<p>Kiinnostaako hankkia liukuportin runko? Pyyd\u00e4 tarjous!<\/p>\n","protected":false},"excerpt":{"rendered":"<p>Liukuportin runko KZN, aukko 4 m Portin rungot ovat joko sinkittyj\u00e4 tai sinkittyj\u00e4 sek\u00e4 maalattuja&#8230;.<\/p>\n","protected":false},"featured_media":8142,"template":"","meta":{"_acf_changed":false,"inline_featured_image":false},"product_brand":[],"product_cat":[187,202,549,329],"product_tag":[],"class_list":{"0":"post-16779","1":"product","2":"type-product","3":"status-publish","4":"has-post-thumbnail","6":"product_cat-aidat-ja-portit","7":"product_cat-ajoportit","8":"product_cat-liukuportit","9":"product_cat-portit","11":"first","12":"outofstock","13":"taxable","14":"shipping-taxable","15":"product-type-simple"},"acf":[],"_links":{"self":[{"href":"https:\/\/abpolar.ee\/fi\/wp-json\/wp\/v2\/product\/16779","targetHints":{"allow":["GET"]}}],"collection":[{"href":"https:\/\/abpolar.ee\/fi\/wp-json\/wp\/v2\/product"}],"about":[{"href":"https:\/\/abpolar.ee\/fi\/wp-json\/wp\/v2\/types\/product"}],"wp:featuredmedia":[{"embeddable":true,"href":"https:\/\/abpolar.ee\/fi\/wp-json\/wp\/v2\/media\/8142"}],"wp:attachment":[{"href":"https:\/\/abpolar.ee\/fi\/wp-json\/wp\/v2\/media?parent=16779"}],"wp:term":[{"taxonomy":"product_brand","embeddable":true,"href":"https:\/\/abpolar.ee\/fi\/wp-json\/wp\/v2\/product_brand?post=16779"},{"taxonomy":"product_cat","embeddable":true,"href":"https:\/\/abpolar.ee\/fi\/wp-json\/wp\/v2\/product_cat?post=16779"},{"taxonomy":"product_tag","embeddable":true,"href":"https:\/\/abpolar.ee\/fi\/wp-json\/wp\/v2\/product_tag?post=16779"}],"curies":[{"name":"wp","href":"https:\/\/api.w.org\/{rel}","templated":true}]}}