{"id":18415,"date":"2025-07-18T12:00:36","date_gmt":"2025-07-18T09:00:36","guid":{"rendered":"https:\/\/abpolar.ee\/?post_type=product&#038;p=18415"},"modified":"2025-11-11T10:58:27","modified_gmt":"2025-11-11T08:58:27","slug":"metalliaidan-kayntiportti-vertical","status":"publish","type":"product","link":"https:\/\/abpolar.ee\/fi\/metalliaidan-kayntiportti-vertical\/","title":{"rendered":"Metalliaidan k\u00e4yntiportti VERTICAL"},"content":{"rendered":"<h2>Metalliaidan k\u00e4yntiportti VERTICAL<\/h2>\n<p>K\u00e4yntiportin leveys ~1 m. Pinta on pulverimaalattu RAL9005 mustaksi. Portti voidaan avata sek\u00e4 ulos- ett\u00e4 sis\u00e4\u00e4np\u00e4in riippuen siit\u00e4, miten asennat lukon.<\/p>\n<p><strong>Korkeus: 0,95 m<\/strong><br \/>\n<strong>Portin tolpat ovat 80 cm pidemm\u00e4t kuin portti<\/strong><br \/>\n<strong>Jauhemaalattu; RAL9005 musta<\/strong><br \/>\n<strong>Pystyosat 20x80x1mm<\/strong><br \/>\n<strong>Vaakaosa 30x30x2mm<\/strong><br \/>\n<strong>Pystytolppien v\u00e4li 80mm<\/strong><br \/>\n<strong>Portin tolpat 80x80x2mm<\/strong><br \/>\n<strong>Sarja sis\u00e4lt\u00e4\u00e4: tolpat, portin, saranat, lukon, kahvan.<\/strong><\/p>\n<h4>Portin tolppien et\u00e4isyys on mitattava huolellisesti ennen asennusta!<\/h4>\n<h4><\/h4>\n","protected":false},"excerpt":{"rendered":"<p>Metalliaidan k\u00e4yntiportti VERTICAL K\u00e4yntiportin leveys ~1 m. Pinta on pulverimaalattu RAL9005 mustaksi. Portti voidaan avata&#8230;<\/p>\n","protected":false},"featured_media":17639,"template":"","meta":{"_acf_changed":false,"inline_featured_image":false},"product_brand":[],"product_cat":[192],"product_tag":[],"class_list":{"0":"post-18415","1":"product","2":"type-product","3":"status-publish","4":"has-post-thumbnail","6":"product_cat-metalliaidat","8":"first","9":"instock","10":"sale","11":"taxable","12":"shipping-taxable","13":"purchasable","14":"product-type-simple"},"acf":[],"_links":{"self":[{"href":"https:\/\/abpolar.ee\/fi\/wp-json\/wp\/v2\/product\/18415","targetHints":{"allow":["GET"]}}],"collection":[{"href":"https:\/\/abpolar.ee\/fi\/wp-json\/wp\/v2\/product"}],"about":[{"href":"https:\/\/abpolar.ee\/fi\/wp-json\/wp\/v2\/types\/product"}],"wp:featuredmedia":[{"embeddable":true,"href":"https:\/\/abpolar.ee\/fi\/wp-json\/wp\/v2\/media\/17639"}],"wp:attachment":[{"href":"https:\/\/abpolar.ee\/fi\/wp-json\/wp\/v2\/media?parent=18415"}],"wp:term":[{"taxonomy":"product_brand","embeddable":true,"href":"https:\/\/abpolar.ee\/fi\/wp-json\/wp\/v2\/product_brand?post=18415"},{"taxonomy":"product_cat","embeddable":true,"href":"https:\/\/abpolar.ee\/fi\/wp-json\/wp\/v2\/product_cat?post=18415"},{"taxonomy":"product_tag","embeddable":true,"href":"https:\/\/abpolar.ee\/fi\/wp-json\/wp\/v2\/product_tag?post=18415"}],"curies":[{"name":"wp","href":"https:\/\/api.w.org\/{rel}","templated":true}]}}