{"id":18416,"date":"2025-07-18T12:00:36","date_gmt":"2025-07-18T09:00:36","guid":{"rendered":"https:\/\/abpolar.ee\/?post_type=product&#038;p=18416"},"modified":"2025-12-22T09:47:07","modified_gmt":"2025-12-22T07:47:07","slug":"metalliaidan-ajoportti-vertical","status":"publish","type":"product","link":"https:\/\/abpolar.ee\/fi\/metalliaidan-ajoportti-vertical\/","title":{"rendered":"Metalliaidan ajoportti VERTICAL"},"content":{"rendered":"<h2>Metalliaidan ajoportti VERTICAL<\/h2>\n<p>Metalliaidan ajoportti\u00a0\u00a0~4 m. Pinta on sinkitty ja maalattu pulverimaalilla RAL9005 mustaksi. Autoporttisarja sis\u00e4lt\u00e4\u00e4 kaksi siivett\u00e4, toisen siiven leveys on 196 cm. Portti voidaan avata sek\u00e4 ulos- ett\u00e4 sis\u00e4\u00e4np\u00e4in.<\/p>\n<p><strong>Korkeus: 0,95 m<\/strong><br \/>\n<strong>Yhden siiven leveys on 1,96 m<\/strong><br \/>\n<strong>Portin tolpat ovat 80 cm porttia korkeammat<\/strong><br \/>\n<strong>Pulverimaalattu: RAL9005 musta<\/strong><br \/>\n<strong>Pystyosat 20x80x1mm<\/strong><br \/>\n<strong>Vaakaosa 30x30x2mm<\/strong><br \/>\n<strong>Pystytolppien v\u00e4linen et\u00e4isyys on 80 mm<\/strong><br \/>\n<strong>Portin tolpat 80x80x2mm<\/strong><br \/>\n<strong>Sarja sis\u00e4lt\u00e4\u00e4: tolpat, portin, saranat<br \/>\nYhteensopiva porttiautomaation kanssa<\/strong><\/p>\n<h4>Portin tolppien et\u00e4isyys on mitattava huolellisesti ennen asennusta!<\/h4>\n<p>&nbsp;<\/p>\n","protected":false},"excerpt":{"rendered":"<p>Metalliaidan ajoportti VERTICAL Metalliaidan ajoportti\u00a0\u00a0~4 m. Pinta on sinkitty ja maalattu pulverimaalilla RAL9005 mustaksi. Autoporttisarja&#8230;<\/p>\n","protected":false},"featured_media":17630,"template":"","meta":{"_acf_changed":false,"inline_featured_image":false},"product_brand":[],"product_cat":[187,202,192,329],"product_tag":[],"class_list":{"0":"post-18416","1":"product","2":"type-product","3":"status-publish","4":"has-post-thumbnail","6":"product_cat-aidat-ja-portit","7":"product_cat-ajoportit","8":"product_cat-metalliaidat","9":"product_cat-portit","11":"first","12":"instock","13":"sale","14":"taxable","15":"shipping-taxable","16":"purchasable","17":"product-type-simple"},"acf":[],"_links":{"self":[{"href":"https:\/\/abpolar.ee\/fi\/wp-json\/wp\/v2\/product\/18416","targetHints":{"allow":["GET"]}}],"collection":[{"href":"https:\/\/abpolar.ee\/fi\/wp-json\/wp\/v2\/product"}],"about":[{"href":"https:\/\/abpolar.ee\/fi\/wp-json\/wp\/v2\/types\/product"}],"wp:featuredmedia":[{"embeddable":true,"href":"https:\/\/abpolar.ee\/fi\/wp-json\/wp\/v2\/media\/17630"}],"wp:attachment":[{"href":"https:\/\/abpolar.ee\/fi\/wp-json\/wp\/v2\/media?parent=18416"}],"wp:term":[{"taxonomy":"product_brand","embeddable":true,"href":"https:\/\/abpolar.ee\/fi\/wp-json\/wp\/v2\/product_brand?post=18416"},{"taxonomy":"product_cat","embeddable":true,"href":"https:\/\/abpolar.ee\/fi\/wp-json\/wp\/v2\/product_cat?post=18416"},{"taxonomy":"product_tag","embeddable":true,"href":"https:\/\/abpolar.ee\/fi\/wp-json\/wp\/v2\/product_tag?post=18416"}],"curies":[{"name":"wp","href":"https:\/\/api.w.org\/{rel}","templated":true}]}}