{"id":18500,"date":"2023-04-12T17:00:28","date_gmt":"2023-04-12T14:00:28","guid":{"rendered":"https:\/\/abpolar.ee\/?post_type=product&#038;p=18500"},"modified":"2025-11-14T11:25:10","modified_gmt":"2025-11-14T09:25:10","slug":"aitaelementinikiinnike-vihrea-2-ruuvilla","status":"publish","type":"product","link":"https:\/\/abpolar.ee\/fi\/aitaelementinikiinnike-vihrea-2-ruuvilla\/","title":{"rendered":"Aitaelementin kiinnike vihre\u00e4 2-ruuvilla"},"content":{"rendered":"<h2>Aitaelementin kiinnike vihre\u00e4 2-\u00a0ruuvikiinnitys<\/h2>\n<p>T\u00e4m\u00e4n kiinnikkeen avulla voit kiinnitt\u00e4\u00e4 aitapaneelin aitatolppaan.<br \/>\nMukana itsekierteitt\u00e4v\u00e4t ruuvit.<\/p>\n","protected":false},"excerpt":{"rendered":"<p>Aitaelementin kiinnike vihre\u00e4 2-\u00a0ruuvikiinnitys T\u00e4m\u00e4n kiinnikkeen avulla voit kiinnitt\u00e4\u00e4 aitapaneelin aitatolppaan. Mukana itsekierteitt\u00e4v\u00e4t ruuvit.<\/p>\n","protected":false},"featured_media":8704,"template":"","meta":{"_acf_changed":false,"inline_featured_image":false},"product_brand":[],"product_cat":[140],"product_tag":[],"class_list":{"0":"post-18500","1":"product","2":"type-product","3":"status-publish","4":"has-post-thumbnail","6":"product_cat-aitojen-porttien-tarvikkeet","7":"product_shipping_class-vaike-pakk-fi","9":"first","10":"instock","11":"taxable","12":"shipping-taxable","13":"purchasable","14":"product-type-simple"},"acf":[],"_links":{"self":[{"href":"https:\/\/abpolar.ee\/fi\/wp-json\/wp\/v2\/product\/18500","targetHints":{"allow":["GET"]}}],"collection":[{"href":"https:\/\/abpolar.ee\/fi\/wp-json\/wp\/v2\/product"}],"about":[{"href":"https:\/\/abpolar.ee\/fi\/wp-json\/wp\/v2\/types\/product"}],"wp:featuredmedia":[{"embeddable":true,"href":"https:\/\/abpolar.ee\/fi\/wp-json\/wp\/v2\/media\/8704"}],"wp:attachment":[{"href":"https:\/\/abpolar.ee\/fi\/wp-json\/wp\/v2\/media?parent=18500"}],"wp:term":[{"taxonomy":"product_brand","embeddable":true,"href":"https:\/\/abpolar.ee\/fi\/wp-json\/wp\/v2\/product_brand?post=18500"},{"taxonomy":"product_cat","embeddable":true,"href":"https:\/\/abpolar.ee\/fi\/wp-json\/wp\/v2\/product_cat?post=18500"},{"taxonomy":"product_tag","embeddable":true,"href":"https:\/\/abpolar.ee\/fi\/wp-json\/wp\/v2\/product_tag?post=18500"}],"curies":[{"name":"wp","href":"https:\/\/api.w.org\/{rel}","templated":true}]}}