{"id":18501,"date":"2024-08-01T16:01:04","date_gmt":"2024-08-01T13:01:04","guid":{"rendered":"https:\/\/abpolar.ee\/?post_type=product&#038;p=18501"},"modified":"2025-11-14T11:21:32","modified_gmt":"2025-11-14T09:21:32","slug":"aitaelementinikiinnike-vihrea-1-ruuvilla","status":"publish","type":"product","link":"https:\/\/abpolar.ee\/fi\/aitaelementinikiinnike-vihrea-1-ruuvilla\/","title":{"rendered":"Aitaelementin kiinnike vihre\u00e4 1-ruuvilla"},"content":{"rendered":"<h2>Aitaelementin kiinnike vihre\u00e4 1-ruuvikiinnitys<\/h2>\n<p>T\u00e4m\u00e4n kiinnikkeen avulla voit kiinnitt\u00e4\u00e4 aitapaneelin aitatolppaan.<br \/>\nMukana itsekierteitt\u00e4v\u00e4 ruuvi.<\/p>\n","protected":false},"excerpt":{"rendered":"<p>Aitaelementin kiinnike vihre\u00e4 1-ruuvikiinnitys T\u00e4m\u00e4n kiinnikkeen avulla voit kiinnitt\u00e4\u00e4 aitapaneelin aitatolppaan. Mukana itsekierteitt\u00e4v\u00e4 ruuvi.<\/p>\n","protected":false},"featured_media":14892,"template":"","meta":{"_acf_changed":false,"inline_featured_image":false},"product_brand":[],"product_cat":[140],"product_tag":[],"class_list":{"0":"post-18501","1":"product","2":"type-product","3":"status-publish","4":"has-post-thumbnail","6":"product_cat-aitojen-porttien-tarvikkeet","7":"product_shipping_class-vaike-pakk-fi","9":"first","10":"instock","11":"taxable","12":"shipping-taxable","13":"purchasable","14":"product-type-simple"},"acf":[],"_links":{"self":[{"href":"https:\/\/abpolar.ee\/fi\/wp-json\/wp\/v2\/product\/18501","targetHints":{"allow":["GET"]}}],"collection":[{"href":"https:\/\/abpolar.ee\/fi\/wp-json\/wp\/v2\/product"}],"about":[{"href":"https:\/\/abpolar.ee\/fi\/wp-json\/wp\/v2\/types\/product"}],"wp:featuredmedia":[{"embeddable":true,"href":"https:\/\/abpolar.ee\/fi\/wp-json\/wp\/v2\/media\/14892"}],"wp:attachment":[{"href":"https:\/\/abpolar.ee\/fi\/wp-json\/wp\/v2\/media?parent=18501"}],"wp:term":[{"taxonomy":"product_brand","embeddable":true,"href":"https:\/\/abpolar.ee\/fi\/wp-json\/wp\/v2\/product_brand?post=18501"},{"taxonomy":"product_cat","embeddable":true,"href":"https:\/\/abpolar.ee\/fi\/wp-json\/wp\/v2\/product_cat?post=18501"},{"taxonomy":"product_tag","embeddable":true,"href":"https:\/\/abpolar.ee\/fi\/wp-json\/wp\/v2\/product_tag?post=18501"}],"curies":[{"name":"wp","href":"https:\/\/api.w.org\/{rel}","templated":true}]}}