{"id":18682,"date":"2025-12-22T14:00:33","date_gmt":"2025-12-22T12:00:33","guid":{"rendered":"https:\/\/abpolar.ee\/?post_type=product&#038;p=18682"},"modified":"2025-12-22T14:28:54","modified_gmt":"2025-12-22T12:28:54","slug":"kayntiportin-runko-leveys-1-m-sinkitty-locinox-lukolla","status":"publish","type":"product","link":"https:\/\/abpolar.ee\/fi\/kayntiportin-runko-leveys-1-m-sinkitty-locinox-lukolla\/","title":{"rendered":"K\u00e4yntiportin runko, leveys 1 m, sinkitty Locinox lukolla"},"content":{"rendered":"<h2>K\u00e4yntiportin runko, leveys 1 m, sinkitty Locinox lukolla<\/h2>\n<p>K\u00e4yntiportin runko soveltuu k\u00e4ytett\u00e4v\u00e4ksi niin verkkoaidoissa, lauta-aidoissa kuin muunlaisissa puuaidoissa. Porttirunkoon voidaan kiinnitt\u00e4\u00e4 verkko tai laudoitus.<\/p>\n<p>&nbsp;<\/p>\n<ul>\n<li><strong>Portin korkeus: valittavissa 095 m, 1,15 m, 1,45 m, 1,65 m tai 1,95 m<\/strong><\/li>\n<li><strong>Tolppien v\u00e4linen leveys: noin 1 m\u00a0<\/strong>-Portin tolppien et\u00e4isyys on mitattava huolellisesti ennen asennusta!<\/li>\n<li><strong>Tolppien korkeus on noin 70 cm korkeampi portista maahan asentamista varten<\/strong><\/li>\n<li><strong>Materiaali: sinkitty ter\u00e4s<\/strong><\/li>\n<li><strong>Tolpan l\u00e4pimitta: 80 x 80 mm, tolpan sein\u00e4n paksuus 2 mm<\/strong><\/li>\n<li><strong>Portin runkon putken l\u00e4pimitta: 60 x 40 mm, sein\u00e4n paksuus 1,5 mm<\/strong><\/li>\n<li><strong>Lukittava: Kyll\u00e4<\/strong><\/li>\n<li><strong>Tuote sis\u00e4lt\u00e4\u00e4: tolpat, portin raamit, saranat, lukon, kahvan\u00a0<\/strong>(Lukko loxinix, saranat, kahva ovat porttitolpan sis\u00e4ll\u00e4)<\/li>\n<\/ul>\n<p>&nbsp;<\/p>\n<p><strong>Portin tolppien et\u00e4isyys on mitattava huolellisesti ennen asennusta!<\/strong><\/p>\n","protected":false},"excerpt":{"rendered":"<p>K\u00e4yntiportin runko, leveys 1 m, sinkitty Locinox lukolla K\u00e4yntiportin runko soveltuu k\u00e4ytett\u00e4v\u00e4ksi niin verkkoaidoissa, lauta-aidoissa&#8230;<\/p>\n","protected":false},"featured_media":4760,"template":"","meta":{"_acf_changed":false,"inline_featured_image":false},"product_brand":[],"product_cat":[201],"product_tag":[],"class_list":{"0":"post-18682","1":"product","2":"type-product","3":"status-publish","4":"has-post-thumbnail","6":"product_cat-kayntiportit","8":"first","9":"instock","10":"taxable","11":"shipping-taxable","12":"purchasable","13":"product-type-variable"},"acf":[],"_links":{"self":[{"href":"https:\/\/abpolar.ee\/fi\/wp-json\/wp\/v2\/product\/18682","targetHints":{"allow":["GET"]}}],"collection":[{"href":"https:\/\/abpolar.ee\/fi\/wp-json\/wp\/v2\/product"}],"about":[{"href":"https:\/\/abpolar.ee\/fi\/wp-json\/wp\/v2\/types\/product"}],"wp:featuredmedia":[{"embeddable":true,"href":"https:\/\/abpolar.ee\/fi\/wp-json\/wp\/v2\/media\/4760"}],"wp:attachment":[{"href":"https:\/\/abpolar.ee\/fi\/wp-json\/wp\/v2\/media?parent=18682"}],"wp:term":[{"taxonomy":"product_brand","embeddable":true,"href":"https:\/\/abpolar.ee\/fi\/wp-json\/wp\/v2\/product_brand?post=18682"},{"taxonomy":"product_cat","embeddable":true,"href":"https:\/\/abpolar.ee\/fi\/wp-json\/wp\/v2\/product_cat?post=18682"},{"taxonomy":"product_tag","embeddable":true,"href":"https:\/\/abpolar.ee\/fi\/wp-json\/wp\/v2\/product_tag?post=18682"}],"curies":[{"name":"wp","href":"https:\/\/api.w.org\/{rel}","templated":true}]}}