{"id":18722,"date":"2026-01-06T14:00:46","date_gmt":"2026-01-06T12:00:46","guid":{"rendered":"https:\/\/abpolar.ee\/?post_type=product&#038;p=18722"},"modified":"2026-01-06T14:46:28","modified_gmt":"2026-01-06T12:46:28","slug":"ajoportin-sinkitty-runko-leveys-4-m-2","status":"publish","type":"product","link":"https:\/\/abpolar.ee\/fi\/ajoportin-sinkitty-runko-leveys-4-m-2\/","title":{"rendered":"Ajoportin sinkitty runko, leveys 4 m"},"content":{"rendered":"<h2>Ajoportin sinkitty runko, leveys 4 m<\/h2>\n<p>Tukeva, ter\u00e4ksest\u00e4 valmistettu sinkitty ajoportin runko.<\/p>\n<p>Pitk\u00e4ik\u00e4inen ja helposti avattava portti sopii yhteen sek\u00e4 verkko-, metalli- ett\u00e4 puuaidan kanssa, koska se voidaan helposti viimeistell\u00e4 samalla materiaalilla kuin muu aita.<\/p>\n<p>N\u00e4in saat vapaat k\u00e4det ja voit rakentaa juuri sellaisen ajoportin kuin haluat!<\/p>\n<ul>\n<li>Portin korkeus: valittavissa 0,95 m, 1,15 m, 1,45 m, 1,65 m, 1,95 m<\/li>\n<li>Portin ajoleveys: ~ 4 m, yhden siiven leveys on 2 m<\/li>\n<li>Tolpat ovat noin 700 mm korkeammat kuin portti, jotta ne voidaan asentaa maahan kiinni<\/li>\n<li>Pintak\u00e4sittely: kuumasinkitty<\/li>\n<li>Tolpan l\u00e4pimitta: 80 x 80 mm, tolpan sein\u00e4m\u00e4n paksuus 3 mm<\/li>\n<li>Portin rungon putken l\u00e4pimitta: 60 x 40 mm, sein\u00e4m\u00e4n paksuus 1,5 mm<\/li>\n<li>Tuote sis\u00e4lt\u00e4\u00e4: tolpat, portin, saranat<\/li>\n<\/ul>\n<p>Osta maasalpa, jos ei asenna porttiautomaatiota.<\/p>\n<p><strong>Muista mitata portin tolppien et\u00e4isyys huolellisesti ennen asennusta!<\/strong><\/p>\n<p>Haluatko helpottaa el\u00e4m\u00e4\u00e4si? Hanki portin lis\u00e4ksi\u00a0<a href=\"https:\/\/abpolar.ee\/fi\/porttiautomatiikka\/\">porttiautomatiikkakoneisto<\/a>, jonka avulla voit avata ajoportin vaivattomasti kaukos\u00e4\u00e4timen avulla, nousematta autosta.<\/p>\n","protected":false},"excerpt":{"rendered":"<p>Ajoportin sinkitty runko, leveys 4 m Tukeva, ter\u00e4ksest\u00e4 valmistettu sinkitty ajoportin runko. Pitk\u00e4ik\u00e4inen ja helposti&#8230;<\/p>\n","protected":false},"featured_media":8479,"template":"","meta":{"_acf_changed":false,"inline_featured_image":false},"product_brand":[],"product_cat":[202],"product_tag":[],"class_list":{"0":"post-18722","1":"product","2":"type-product","3":"status-publish","4":"has-post-thumbnail","6":"product_cat-ajoportit","8":"first","9":"instock","10":"taxable","11":"shipping-taxable","12":"purchasable","13":"product-type-variable"},"acf":[],"_links":{"self":[{"href":"https:\/\/abpolar.ee\/fi\/wp-json\/wp\/v2\/product\/18722","targetHints":{"allow":["GET"]}}],"collection":[{"href":"https:\/\/abpolar.ee\/fi\/wp-json\/wp\/v2\/product"}],"about":[{"href":"https:\/\/abpolar.ee\/fi\/wp-json\/wp\/v2\/types\/product"}],"wp:featuredmedia":[{"embeddable":true,"href":"https:\/\/abpolar.ee\/fi\/wp-json\/wp\/v2\/media\/8479"}],"wp:attachment":[{"href":"https:\/\/abpolar.ee\/fi\/wp-json\/wp\/v2\/media?parent=18722"}],"wp:term":[{"taxonomy":"product_brand","embeddable":true,"href":"https:\/\/abpolar.ee\/fi\/wp-json\/wp\/v2\/product_brand?post=18722"},{"taxonomy":"product_cat","embeddable":true,"href":"https:\/\/abpolar.ee\/fi\/wp-json\/wp\/v2\/product_cat?post=18722"},{"taxonomy":"product_tag","embeddable":true,"href":"https:\/\/abpolar.ee\/fi\/wp-json\/wp\/v2\/product_tag?post=18722"}],"curies":[{"name":"wp","href":"https:\/\/api.w.org\/{rel}","templated":true}]}}