{"id":18737,"date":"2025-09-11T11:55:57","date_gmt":"2025-09-11T08:55:57","guid":{"rendered":"https:\/\/abpolar.ee\/?post_type=product&#038;p=18737"},"modified":"2026-01-06T15:17:17","modified_gmt":"2026-01-06T13:17:17","slug":"nelikulmainen-aitatolppa-60x60mm-ral9005-musta","status":"publish","type":"product","link":"https:\/\/abpolar.ee\/fi\/nelikulmainen-aitatolppa-60x60mm-ral9005-musta\/","title":{"rendered":"Nelikulmainen aitatolppa 60x60mm RAL9005 musta"},"content":{"rendered":"<h2>Nelikulmainen aitatolppa 60x60mm RAL9005 musta<\/h2>\n<div class=\"classic-editor\">\n<p>Tukeva neliskulmainen jauhemaalattu aitatolppa erityisesti puuaitojen rakennukseen. Puinen aita sopii erinomaisesti esimerkiksi n\u00e4k\u00f6suojaksi, oman pihan rajaamiseen ja suojaamiseen. Puinen aita sopii hyvin my\u00f6s el\u00e4inten aitaukseksi.<\/p>\n<p>Puuaita on maalaisromanttisen ja maanl\u00e4heisen kodin paras aitavalinta. Kun haluat rakentaa puuaidan, hanki lis\u00e4ksi neliskulmainen, sinkitty aitatolppa!<\/p>\n<ul>\n<li>Korkeus: valittavissa 2000 tai 2500 mm<\/li>\n<li>Mitat: 60 mm x 60 mm<\/li>\n<li>Tolpan sein\u00e4m\u00e4n paksuus:\u00a0 2 mm<\/li>\n<li>Jauhemaalattu RAL9005 musta<\/li>\n<li>Sis\u00e4lt\u00e4\u00e4 tolpan hatun<\/li>\n<\/ul>\n<p><strong>Asennusohjeet:<\/strong><\/p>\n<ul>\n<li>Suosittelemme kiinnitt\u00e4m\u00e4\u00e4n aidan tolpat maahan betonivalulla.<\/li>\n<li>Tolpat asennetaan 2,5 \u2013 3 metrin v\u00e4lein.<\/li>\n<li>Suositeltu asennussyvyys on 50-70 cm, eli suositeltu tolpan korkeus on aidan korkeus + 50 cm.<\/li>\n<\/ul>\n<\/div>\n<p>Osastot:\u00a0<a href=\"https:\/\/abpolar.ee\/fi\/aidat-ja-portit\/\" rel=\"tag\">Aidat ja portit<\/a>,\u00a0<a href=\"https:\/\/abpolar.ee\/fi\/aitatolpat\/\" rel=\"tag\">Aitatolpat<\/a><\/p>\n","protected":false},"excerpt":{"rendered":"<p>Nelikulmainen aitatolppa 60x60mm RAL9005 musta Tukeva neliskulmainen jauhemaalattu aitatolppa erityisesti puuaitojen rakennukseen. Puinen aita sopii&#8230;<\/p>\n","protected":false},"featured_media":4945,"template":"","meta":{"_acf_changed":false,"inline_featured_image":false},"product_brand":[],"product_cat":[200],"product_tag":[],"class_list":{"0":"post-18737","1":"product","2":"type-product","3":"status-publish","4":"has-post-thumbnail","6":"product_cat-aitatolpat","7":"product_shipping_class-pakk-kuni-30kg-fi","9":"first","10":"instock","11":"taxable","12":"shipping-taxable","13":"purchasable","14":"product-type-variable"},"acf":[],"_links":{"self":[{"href":"https:\/\/abpolar.ee\/fi\/wp-json\/wp\/v2\/product\/18737","targetHints":{"allow":["GET"]}}],"collection":[{"href":"https:\/\/abpolar.ee\/fi\/wp-json\/wp\/v2\/product"}],"about":[{"href":"https:\/\/abpolar.ee\/fi\/wp-json\/wp\/v2\/types\/product"}],"wp:featuredmedia":[{"embeddable":true,"href":"https:\/\/abpolar.ee\/fi\/wp-json\/wp\/v2\/media\/4945"}],"wp:attachment":[{"href":"https:\/\/abpolar.ee\/fi\/wp-json\/wp\/v2\/media?parent=18737"}],"wp:term":[{"taxonomy":"product_brand","embeddable":true,"href":"https:\/\/abpolar.ee\/fi\/wp-json\/wp\/v2\/product_brand?post=18737"},{"taxonomy":"product_cat","embeddable":true,"href":"https:\/\/abpolar.ee\/fi\/wp-json\/wp\/v2\/product_cat?post=18737"},{"taxonomy":"product_tag","embeddable":true,"href":"https:\/\/abpolar.ee\/fi\/wp-json\/wp\/v2\/product_tag?post=18737"}],"curies":[{"name":"wp","href":"https:\/\/api.w.org\/{rel}","templated":true}]}}