{"id":18744,"date":"2025-09-11T12:00:38","date_gmt":"2025-09-11T09:00:38","guid":{"rendered":"https:\/\/abpolar.ee\/?post_type=product&#038;p=18744"},"modified":"2026-01-06T15:27:19","modified_gmt":"2026-01-06T13:27:19","slug":"nelikulmainen-aitatolppa-100x100mm-ral7016-harmaa","status":"publish","type":"product","link":"https:\/\/abpolar.ee\/fi\/nelikulmainen-aitatolppa-100x100mm-ral7016-harmaa\/","title":{"rendered":"Nelikulmainen aitatolppa 100x100mm RAL7016 harmaa"},"content":{"rendered":"<h2>Nelikulmainen aitatolppa 100x100mm RAL7016 harmaa<\/h2>\n<p>Nelikulmainen aitatolppa on valmistettu galvanoidusta neli\u00f6putkesta ja pulverimaalattu sopii niin puuaidan tolpaksi.<\/p>\n<ul>\n<li><strong>Korkeus: valittavissa 2500<\/strong><\/li>\n<li><strong>Mitat: 100 mm x 100 mm\u00a0<\/strong><\/li>\n<li><strong>Tolpan sein\u00e4n paksuus: 3 mm<\/strong><\/li>\n<li><strong>Jauhemaalattu RAL7016 harmaa<\/strong><\/li>\n<li><strong>Sis\u00e4lt\u00e4\u00e4 tolpan hatun<\/strong><\/li>\n<\/ul>\n<p>&nbsp;<\/p>\n<p>Suositeltu asennus:<\/p>\n<ul>\n<li>Aidan tolpat suositellaan kiinnitett\u00e4v\u00e4ksi betonivalulla<\/li>\n<li>Tolpat asennetaan 2,5 \u2013 3 m v\u00e4lein, elementtiaidalle elementtien liitoskohtiin<\/li>\n<li>Suositeltu asennussyvyys 50-70 cm, eli aidan korkeus +50 cm on suositeltu tolpan korkeus<\/li>\n<\/ul>\n","protected":false},"excerpt":{"rendered":"<p>Nelikulmainen aitatolppa 100x100mm RAL7016 harmaa Nelikulmainen aitatolppa on valmistettu galvanoidusta neli\u00f6putkesta ja pulverimaalattu sopii niin&#8230;<\/p>\n","protected":false},"featured_media":4957,"template":"","meta":{"_acf_changed":false,"inline_featured_image":false},"product_brand":[],"product_cat":[200],"product_tag":[],"class_list":{"0":"post-18744","1":"product","2":"type-product","3":"status-publish","4":"has-post-thumbnail","6":"product_cat-aitatolpat","7":"product_shipping_class-pakk-kuni-30kg-fi","9":"first","10":"instock","11":"taxable","12":"shipping-taxable","13":"purchasable","14":"product-type-simple"},"acf":[],"_links":{"self":[{"href":"https:\/\/abpolar.ee\/fi\/wp-json\/wp\/v2\/product\/18744","targetHints":{"allow":["GET"]}}],"collection":[{"href":"https:\/\/abpolar.ee\/fi\/wp-json\/wp\/v2\/product"}],"about":[{"href":"https:\/\/abpolar.ee\/fi\/wp-json\/wp\/v2\/types\/product"}],"wp:featuredmedia":[{"embeddable":true,"href":"https:\/\/abpolar.ee\/fi\/wp-json\/wp\/v2\/media\/4957"}],"wp:attachment":[{"href":"https:\/\/abpolar.ee\/fi\/wp-json\/wp\/v2\/media?parent=18744"}],"wp:term":[{"taxonomy":"product_brand","embeddable":true,"href":"https:\/\/abpolar.ee\/fi\/wp-json\/wp\/v2\/product_brand?post=18744"},{"taxonomy":"product_cat","embeddable":true,"href":"https:\/\/abpolar.ee\/fi\/wp-json\/wp\/v2\/product_cat?post=18744"},{"taxonomy":"product_tag","embeddable":true,"href":"https:\/\/abpolar.ee\/fi\/wp-json\/wp\/v2\/product_tag?post=18744"}],"curies":[{"name":"wp","href":"https:\/\/api.w.org\/{rel}","templated":true}]}}