{"id":18747,"date":"2025-05-02T10:00:05","date_gmt":"2025-05-02T07:00:05","guid":{"rendered":"https:\/\/abpolar.ee\/?post_type=product&#038;p=18747"},"modified":"2026-01-06T15:32:23","modified_gmt":"2026-01-06T13:32:23","slug":"paneelikiinnike-40x60mm-tolppaan-muovi-vihrea","status":"publish","type":"product","link":"https:\/\/abpolar.ee\/fi\/paneelikiinnike-40x60mm-tolppaan-muovi-vihrea\/","title":{"rendered":"Paneelikiinnike 40x60mm tolppaan (muovi) vihre\u00e4"},"content":{"rendered":"<h2>Paneelikiinnike 40x60mm tolppaan (muovi) vihre\u00e4<\/h2>\n<p>K\u00e4ytet\u00e4\u00e4n hitsattujen paneelien kiinnitt\u00e4miseen tolppaan.<\/p>\n","protected":false},"excerpt":{"rendered":"<p>Paneelikiinnike 40x60mm tolppaan (muovi) vihre\u00e4 K\u00e4ytet\u00e4\u00e4n hitsattujen paneelien kiinnitt\u00e4miseen tolppaan.<\/p>\n","protected":false},"featured_media":17061,"template":"","meta":{"_acf_changed":false,"inline_featured_image":false},"product_brand":[],"product_cat":[140],"product_tag":[],"class_list":{"0":"post-18747","1":"product","2":"type-product","3":"status-publish","4":"has-post-thumbnail","6":"product_cat-aitojen-porttien-tarvikkeet","7":"product_shipping_class-vaike-pakk-fi","9":"first","10":"instock","11":"taxable","12":"shipping-taxable","13":"purchasable","14":"product-type-simple"},"acf":[],"_links":{"self":[{"href":"https:\/\/abpolar.ee\/fi\/wp-json\/wp\/v2\/product\/18747","targetHints":{"allow":["GET"]}}],"collection":[{"href":"https:\/\/abpolar.ee\/fi\/wp-json\/wp\/v2\/product"}],"about":[{"href":"https:\/\/abpolar.ee\/fi\/wp-json\/wp\/v2\/types\/product"}],"wp:featuredmedia":[{"embeddable":true,"href":"https:\/\/abpolar.ee\/fi\/wp-json\/wp\/v2\/media\/17061"}],"wp:attachment":[{"href":"https:\/\/abpolar.ee\/fi\/wp-json\/wp\/v2\/media?parent=18747"}],"wp:term":[{"taxonomy":"product_brand","embeddable":true,"href":"https:\/\/abpolar.ee\/fi\/wp-json\/wp\/v2\/product_brand?post=18747"},{"taxonomy":"product_cat","embeddable":true,"href":"https:\/\/abpolar.ee\/fi\/wp-json\/wp\/v2\/product_cat?post=18747"},{"taxonomy":"product_tag","embeddable":true,"href":"https:\/\/abpolar.ee\/fi\/wp-json\/wp\/v2\/product_tag?post=18747"}],"curies":[{"name":"wp","href":"https:\/\/api.w.org\/{rel}","templated":true}]}}