{"id":18749,"date":"2024-08-07T13:01:04","date_gmt":"2024-08-07T10:01:04","guid":{"rendered":"https:\/\/abpolar.ee\/?post_type=product&#038;p=18749"},"modified":"2026-01-06T15:39:22","modified_gmt":"2026-01-06T13:39:22","slug":"varjostuskangas-15x25m-90-140-m2-vihrea","status":"publish","type":"product","link":"https:\/\/abpolar.ee\/fi\/varjostuskangas-15x25m-90-140-m2-vihrea\/","title":{"rendered":"Varjostuskangas 1,5x25m, 90%, 140\/m2, vihre\u00e4"},"content":{"rendered":"<h2>Varjostuskangas 1,5x25m, 90%, 140\/m2, vihre\u00e4<\/h2>\n<p>Varjostuskangasta voidaan k\u00e4ytt\u00e4\u00e4 monin tavoin, miss\u00e4 tahansa haluammekin saavuttaa yksityisyytt\u00e4, varjostusta, suojaa tuulelta ja ep\u00e4puhtauksilta tai kasvipeitteen\u00e4 tai puskurina, joka suojaa tuulelta ja kylm\u00e4lt\u00e4 est\u00e4m\u00e4tt\u00e4 auringonvalon p\u00e4\u00e4sy\u00e4.<\/p>\n<p>90% varjostus tarjoaa riitt\u00e4v\u00e4n visuaalisen eristyksen s\u00e4ilytt\u00e4en samalla osittaisen valonl\u00e4p\u00e4isykyvyn. T\u00e4m\u00e4n ansiosta varjostuskankaat toimivat t\u00e4ydellisesti paitsi puutarhapaneeleihin asennettuna, my\u00f6s terasseille ja parvekkeille.<\/p>\n<p>UV-suojan ansiosta kuidut eiv\u00e4t heikkene eik\u00e4 kangas menet\u00e4 ominaisuuksiaan ajan my\u00f6t\u00e4, ja materiaalin vedenkest\u00e4vyys tekee niist\u00e4 eritt\u00e4in helppohoitoisia.<\/p>\n<p>kiinteist\u00f6jen, puutarhojen, parvekkeiden ja terassien suojaaminen,<br \/>\nkasvillisuuden peitt\u00e4minen, kukkapenkit ja kukkapenkit,<br \/>\nterassien, vajan ja huvimajan kattaminen, auringonvalon rajoittaminen,<br \/>\nroskatalojen, kompostilaatikoiden jne. esteettinen peitt\u00e4minen,<br \/>\nrakennusty\u00f6maiden suojaaminen,<br \/>\nurheilutilojen turvallisuus,<br \/>\npys\u00e4k\u00f6intipaikkojen peitt\u00e4minen,<br \/>\nja monet muut.<br \/>\nTEKNISET TIEDOT:<br \/>\nkorkeus: 1,5 m<br \/>\npituus: 25 m<br \/>\nv\u00e4ri vihre\u00e4<br \/>\nvarustettu kiinnityslenkeill\u00e4<br \/>\nvarjostusaste: 90 %<br \/>\npaino: 140 g\/m\u00b2<br \/>\nUV-suoja<\/p>\n","protected":false},"excerpt":{"rendered":"<p>Varjostuskangas 1,5x25m, 90%, 140\/m2, vihre\u00e4 Varjostuskangasta voidaan k\u00e4ytt\u00e4\u00e4 monin tavoin, miss\u00e4 tahansa haluammekin saavuttaa yksityisyytt\u00e4,&#8230;<\/p>\n","protected":false},"featured_media":14831,"template":"","meta":{"_acf_changed":false,"inline_featured_image":false},"product_brand":[],"product_cat":[189],"product_tag":[],"class_list":{"0":"post-18749","1":"product","2":"type-product","3":"status-publish","4":"has-post-thumbnail","6":"product_cat-puutarhatuotteet","7":"product_shipping_class-pakk-kuni-30kg-fi","9":"first","10":"instock","11":"taxable","12":"shipping-taxable","13":"purchasable","14":"product-type-simple"},"acf":[],"_links":{"self":[{"href":"https:\/\/abpolar.ee\/fi\/wp-json\/wp\/v2\/product\/18749","targetHints":{"allow":["GET"]}}],"collection":[{"href":"https:\/\/abpolar.ee\/fi\/wp-json\/wp\/v2\/product"}],"about":[{"href":"https:\/\/abpolar.ee\/fi\/wp-json\/wp\/v2\/types\/product"}],"wp:featuredmedia":[{"embeddable":true,"href":"https:\/\/abpolar.ee\/fi\/wp-json\/wp\/v2\/media\/14831"}],"wp:attachment":[{"href":"https:\/\/abpolar.ee\/fi\/wp-json\/wp\/v2\/media?parent=18749"}],"wp:term":[{"taxonomy":"product_brand","embeddable":true,"href":"https:\/\/abpolar.ee\/fi\/wp-json\/wp\/v2\/product_brand?post=18749"},{"taxonomy":"product_cat","embeddable":true,"href":"https:\/\/abpolar.ee\/fi\/wp-json\/wp\/v2\/product_cat?post=18749"},{"taxonomy":"product_tag","embeddable":true,"href":"https:\/\/abpolar.ee\/fi\/wp-json\/wp\/v2\/product_tag?post=18749"}],"curies":[{"name":"wp","href":"https:\/\/api.w.org\/{rel}","templated":true}]}}