{"id":18751,"date":"2025-02-13T10:00:34","date_gmt":"2025-02-13T08:00:34","guid":{"rendered":"https:\/\/abpolar.ee\/?post_type=product&#038;p=18751"},"modified":"2026-01-06T16:12:10","modified_gmt":"2026-01-06T14:12:10","slug":"locinox-lukkokehys-portin-runkolle-vihrea","status":"publish","type":"product","link":"https:\/\/abpolar.ee\/fi\/locinox-lukkokehys-portin-runkolle-vihrea\/","title":{"rendered":"Locinox-lukkokehys portin runkolle, VIHRE\u00c4"},"content":{"rendered":"<h2>Locinox-lukkokehys portin runkolle, VIHRE\u00c4<\/h2>\n<p>T\u00e4m\u00e4 tuote sopii vihre\u00e4\u00e4n portin runkolle. Vaaditaan, jos asennat puulaudan portille.<\/p>\n<p>Tuotteen v\u00e4ri RAL6005 vihre\u00e4<\/p>\n","protected":false},"excerpt":{"rendered":"<p>Locinox-lukkokehys portin runkolle, VIHRE\u00c4 T\u00e4m\u00e4 tuote sopii vihre\u00e4\u00e4n portin runkolle. Vaaditaan, jos asennat puulaudan portille&#8230;.<\/p>\n","protected":false},"featured_media":16333,"template":"","meta":{"_acf_changed":false,"inline_featured_image":false},"product_brand":[],"product_cat":[140],"product_tag":[],"class_list":{"0":"post-18751","1":"product","2":"type-product","3":"status-publish","4":"has-post-thumbnail","6":"product_cat-aitojen-porttien-tarvikkeet","7":"product_shipping_class-vaike-pakk-fi","9":"first","10":"instock","11":"taxable","12":"shipping-taxable","13":"purchasable","14":"product-type-simple"},"acf":[],"_links":{"self":[{"href":"https:\/\/abpolar.ee\/fi\/wp-json\/wp\/v2\/product\/18751","targetHints":{"allow":["GET"]}}],"collection":[{"href":"https:\/\/abpolar.ee\/fi\/wp-json\/wp\/v2\/product"}],"about":[{"href":"https:\/\/abpolar.ee\/fi\/wp-json\/wp\/v2\/types\/product"}],"wp:featuredmedia":[{"embeddable":true,"href":"https:\/\/abpolar.ee\/fi\/wp-json\/wp\/v2\/media\/16333"}],"wp:attachment":[{"href":"https:\/\/abpolar.ee\/fi\/wp-json\/wp\/v2\/media?parent=18751"}],"wp:term":[{"taxonomy":"product_brand","embeddable":true,"href":"https:\/\/abpolar.ee\/fi\/wp-json\/wp\/v2\/product_brand?post=18751"},{"taxonomy":"product_cat","embeddable":true,"href":"https:\/\/abpolar.ee\/fi\/wp-json\/wp\/v2\/product_cat?post=18751"},{"taxonomy":"product_tag","embeddable":true,"href":"https:\/\/abpolar.ee\/fi\/wp-json\/wp\/v2\/product_tag?post=18751"}],"curies":[{"name":"wp","href":"https:\/\/api.w.org\/{rel}","templated":true}]}}