{"id":18753,"date":"2024-03-07T14:00:21","date_gmt":"2024-03-07T12:00:21","guid":{"rendered":"https:\/\/abpolar.ee\/?post_type=product&#038;p=18753"},"modified":"2026-01-06T16:18:03","modified_gmt":"2026-01-06T14:18:03","slug":"puutarhareunus-4cm-10m-sis-20kpl-kiinnityspiikkeja","status":"publish","type":"product","link":"https:\/\/abpolar.ee\/fi\/puutarhareunus-4cm-10m-sis-20kpl-kiinnityspiikkeja\/","title":{"rendered":"Puutarhareunus 4cm, 10m, sis. 20kpl kiinnityspiikkej\u00e4"},"content":{"rendered":"<h2>Puutarhareunus 4cm, 10m, sis. 20kpl kiinnityspiikkej\u00e4<\/h2>\n<div class=\"description-main\">\n<p>Puutarhareunus on suunniteltu est\u00e4m\u00e4\u00e4n juuria, rikkaruohoja ja maa-ainetta h\u00e4iritsem\u00e4st\u00e4 nurmikon ja kukkapenkin muotoa, kun se suojaa nurmikkosi reunoja.<\/p>\n<p>T\u00e4m\u00e4 joustava puutarhareunus on valmistettu kierr\u00e4tetyst\u00e4 polyeteenist\u00e4, joka mahdollistaa sen muotoilun kaikenlaisiin muotoihin. nurmikon reunus kest\u00e4\u00e4 iskut ja l\u00e4mp\u00f6tilan vaihtelut ja lis\u00e4ksi siin\u00e4 on sile\u00e4 puoli ja kuvioitu puoli.<\/p>\n<p>Toimitukseen sis\u00e4ltyy 20 kpl kiinnittyspiikkej\u00e4.<\/p>\n<\/div>\n<div class=\"product-card-attributes\">\n<h4 class=\"product-card-attributes__title\">Pituus: 10 m<br \/>\nKorkeus: 4 cm<br \/>\nMateriaali: kierr\u00e4tetty PE<br \/>\nKiinnitys: nauloilla<br \/>\nNaulojen lukum\u00e4\u00e4r\u00e4: 20 kpl<br \/>\nNaulojen pituus: 18 cm<br \/>\nV\u00e4ri: musta RAL 9005<\/h4>\n<p>&nbsp;<\/p>\n<\/div>\n","protected":false},"excerpt":{"rendered":"<p>Puutarhareunus 4cm, 10m, sis. 20kpl kiinnityspiikkej\u00e4 Puutarhareunus on suunniteltu est\u00e4m\u00e4\u00e4n juuria, rikkaruohoja ja maa-ainetta h\u00e4iritsem\u00e4st\u00e4&#8230;<\/p>\n","protected":false},"featured_media":13345,"template":"","meta":{"_acf_changed":false,"inline_featured_image":false},"product_brand":[],"product_cat":[247,189],"product_tag":[],"class_list":{"0":"post-18753","1":"product","2":"type-product","3":"status-publish","4":"has-post-thumbnail","6":"product_cat-nurmikon-reunukset","7":"product_cat-puutarhatuotteet","8":"product_shipping_class-vaike-pakk-fi","10":"first","11":"instock","12":"taxable","13":"shipping-taxable","14":"purchasable","15":"product-type-simple"},"acf":[],"_links":{"self":[{"href":"https:\/\/abpolar.ee\/fi\/wp-json\/wp\/v2\/product\/18753","targetHints":{"allow":["GET"]}}],"collection":[{"href":"https:\/\/abpolar.ee\/fi\/wp-json\/wp\/v2\/product"}],"about":[{"href":"https:\/\/abpolar.ee\/fi\/wp-json\/wp\/v2\/types\/product"}],"wp:featuredmedia":[{"embeddable":true,"href":"https:\/\/abpolar.ee\/fi\/wp-json\/wp\/v2\/media\/13345"}],"wp:attachment":[{"href":"https:\/\/abpolar.ee\/fi\/wp-json\/wp\/v2\/media?parent=18753"}],"wp:term":[{"taxonomy":"product_brand","embeddable":true,"href":"https:\/\/abpolar.ee\/fi\/wp-json\/wp\/v2\/product_brand?post=18753"},{"taxonomy":"product_cat","embeddable":true,"href":"https:\/\/abpolar.ee\/fi\/wp-json\/wp\/v2\/product_cat?post=18753"},{"taxonomy":"product_tag","embeddable":true,"href":"https:\/\/abpolar.ee\/fi\/wp-json\/wp\/v2\/product_tag?post=18753"}],"curies":[{"name":"wp","href":"https:\/\/api.w.org\/{rel}","templated":true}]}}