{"id":18755,"date":"2024-03-01T13:05:46","date_gmt":"2024-03-01T11:05:46","guid":{"rendered":"https:\/\/abpolar.ee\/?post_type=product&#038;p=18755"},"modified":"2026-01-06T16:20:56","modified_gmt":"2026-01-06T14:20:56","slug":"kasvihuoneen-klassik-perusrunko-25x4m","status":"publish","type":"product","link":"https:\/\/abpolar.ee\/fi\/kasvihuoneen-klassik-perusrunko-25x4m\/","title":{"rendered":"Kasvihuoneen KLASSIK perusrunko 2,5x4m"},"content":{"rendered":"<h2>Kasvihuoneen KLASSIK perusrunko 2,5x4m<\/h2>\n<p>Perusrunko on valmistettu sinkityst\u00e4 ter\u00e4sprofiilista 89\u00d740 mm. T-muotoiset jalat on valmistettu sinkityst\u00e4 ter\u00e4sprofiilista 40\u00d740 mm.<br \/>\nSopii kasvihuoneeseen Klassik 2,5\u00d74m.<\/p>\n<p>\u2022 Runko on t\u00e4ysin irrotettava<br \/>\n\u2022 6 ankkuria (T-muotoinen)<br \/>\n\u2022 ruuvit<\/p>\n","protected":false},"excerpt":{"rendered":"<p>Kasvihuoneen KLASSIK perusrunko 2,5x4m Perusrunko on valmistettu sinkityst\u00e4 ter\u00e4sprofiilista 89\u00d740 mm. T-muotoiset jalat on valmistettu&#8230;<\/p>\n","protected":false},"featured_media":13183,"template":"","meta":{"_acf_changed":false,"inline_featured_image":false},"product_brand":[],"product_cat":[210,204,207],"product_tag":[],"class_list":{"0":"post-18755","1":"product","2":"type-product","3":"status-publish","4":"has-post-thumbnail","6":"product_cat-harjakattoiset-kasvihuoneet","7":"product_cat-kasvihuoneet","8":"product_cat-kasvihuoneiden-lisatarvikkeet","9":"product_shipping_class-pakk-kuni-30kg-fi","11":"first","12":"instock","13":"taxable","14":"shipping-taxable","15":"purchasable","16":"product-type-simple"},"acf":[],"_links":{"self":[{"href":"https:\/\/abpolar.ee\/fi\/wp-json\/wp\/v2\/product\/18755","targetHints":{"allow":["GET"]}}],"collection":[{"href":"https:\/\/abpolar.ee\/fi\/wp-json\/wp\/v2\/product"}],"about":[{"href":"https:\/\/abpolar.ee\/fi\/wp-json\/wp\/v2\/types\/product"}],"wp:featuredmedia":[{"embeddable":true,"href":"https:\/\/abpolar.ee\/fi\/wp-json\/wp\/v2\/media\/13183"}],"wp:attachment":[{"href":"https:\/\/abpolar.ee\/fi\/wp-json\/wp\/v2\/media?parent=18755"}],"wp:term":[{"taxonomy":"product_brand","embeddable":true,"href":"https:\/\/abpolar.ee\/fi\/wp-json\/wp\/v2\/product_brand?post=18755"},{"taxonomy":"product_cat","embeddable":true,"href":"https:\/\/abpolar.ee\/fi\/wp-json\/wp\/v2\/product_cat?post=18755"},{"taxonomy":"product_tag","embeddable":true,"href":"https:\/\/abpolar.ee\/fi\/wp-json\/wp\/v2\/product_tag?post=18755"}],"curies":[{"name":"wp","href":"https:\/\/api.w.org\/{rel}","templated":true}]}}