{"id":4882,"date":"2022-11-17T16:09:31","date_gmt":"2022-11-17T14:09:31","guid":{"rendered":"https:\/\/abpolar-ee.vserver.zonevs.eu\/?post_type=product&#038;p=4882"},"modified":"2024-03-12T14:33:04","modified_gmt":"2024-03-12T12:33:04","slug":"riipputuoli-pehmusteilla","status":"publish","type":"product","link":"https:\/\/abpolar.ee\/fi\/riipputuoli-pehmusteilla\/","title":{"rendered":"Riipputuoli pehmusteilla"},"content":{"rendered":"<h2>Riipputuoli pehmusteilla<\/h2>\n<p>Upea puuvillainen riipputuoli, jonka voi ripustaa terassille tai huoneeseen.<br \/>\nT\u00e4ss\u00e4 on ihana k\u00f6ll\u00f6tell\u00e4 ja nauttia kes\u00e4st\u00e4.<\/p>\n<p>&nbsp;<\/p>\n<ul>\n<li data-v-b4b16f92=\"\"><strong>V\u00e4ri: luonnonvaalea<\/strong><\/li>\n<li data-v-b4b16f92=\"\"><strong>Toimitukseen sis\u00e4ltyy kaksi tyyny\u00e4: 60&#215;60 cm ja 40&#215;40 cm<\/strong><\/li>\n<li data-v-b4b16f92=\"\"><strong>Riipputuolin alaosassa on koristehapsut<\/strong><\/li>\n<li data-v-b4b16f92=\"\"><strong>Mitta: \u00d880cm,\u00a0 istuinosa \u00d860cm<\/strong><\/li>\n<li><strong>Runko: metalli, puuvilla<\/strong><\/li>\n<li><strong>Kantavuus 100kg<\/strong><\/li>\n<\/ul>\n","protected":false},"excerpt":{"rendered":"<p>Riipputuoli pehmusteilla Upea puuvillainen riipputuoli, jonka voi ripustaa terassille tai huoneeseen. T\u00e4ss\u00e4 on ihana k\u00f6ll\u00f6tell\u00e4&#8230;<\/p>\n","protected":false},"featured_media":2859,"template":"","meta":{"_acf_changed":false,"inline_featured_image":false},"product_brand":[],"product_cat":[218,188,561],"product_tag":[],"class_list":{"0":"post-4882","1":"product","2":"type-product","3":"status-publish","4":"has-post-thumbnail","6":"product_cat-pihakeinut","7":"product_cat-puutarhakalusteet","8":"product_cat-riipputuolit","10":"first","11":"instock","12":"sale","13":"taxable","14":"shipping-taxable","15":"purchasable","16":"product-type-simple"},"acf":[],"_links":{"self":[{"href":"https:\/\/abpolar.ee\/fi\/wp-json\/wp\/v2\/product\/4882","targetHints":{"allow":["GET"]}}],"collection":[{"href":"https:\/\/abpolar.ee\/fi\/wp-json\/wp\/v2\/product"}],"about":[{"href":"https:\/\/abpolar.ee\/fi\/wp-json\/wp\/v2\/types\/product"}],"wp:featuredmedia":[{"embeddable":true,"href":"https:\/\/abpolar.ee\/fi\/wp-json\/wp\/v2\/media\/2859"}],"wp:attachment":[{"href":"https:\/\/abpolar.ee\/fi\/wp-json\/wp\/v2\/media?parent=4882"}],"wp:term":[{"taxonomy":"product_brand","embeddable":true,"href":"https:\/\/abpolar.ee\/fi\/wp-json\/wp\/v2\/product_brand?post=4882"},{"taxonomy":"product_cat","embeddable":true,"href":"https:\/\/abpolar.ee\/fi\/wp-json\/wp\/v2\/product_cat?post=4882"},{"taxonomy":"product_tag","embeddable":true,"href":"https:\/\/abpolar.ee\/fi\/wp-json\/wp\/v2\/product_tag?post=4882"}],"curies":[{"name":"wp","href":"https:\/\/api.w.org\/{rel}","templated":true}]}}