{"id":5006,"date":"2022-11-17T16:09:48","date_gmt":"2022-11-17T14:09:48","guid":{"rendered":"https:\/\/abpolar-ee.vserver.zonevs.eu\/?post_type=product&#038;p=5006"},"modified":"2023-02-28T11:21:55","modified_gmt":"2023-02-28T09:21:55","slug":"sitruspuserrin-kasikayttoinen-harmaa","status":"publish","type":"product","link":"https:\/\/abpolar.ee\/fi\/sitruspuserrin-kasikayttoinen-harmaa\/","title":{"rendered":"Sitruspuserrin k\u00e4sik\u00e4ytt\u00f6inen harmaa"},"content":{"rendered":"<h2 class=\"page-title\"><span class=\"base\" data-ui-id=\"page-title-wrapper\">Sitruspuserrin k\u00e4sik\u00e4ytt\u00f6inen harmaa<\/span><\/h2>\n<p>T\u00e4m\u00e4 kest\u00e4v\u00e4 k\u00e4sik\u00e4ytt\u00f6inen mehupuristin erottaa mehun nopeasti, tehokkaasti ja helposti appelsiinista, sitruunasta, limetist\u00e4 ja greipist\u00e4.<br \/>\nMehustin on tehokas my\u00f6s muiden pehmeiden hedelmien mehustamiseen, kuten esim.<br \/>\nvesimeloni, mansikat, kiivit, tomaatit, viiniryp\u00e4leet, granaattiomena ym.<br \/>\nKaikki olennaiset osat on valmistettu ruostumattomasta ter\u00e4ksest\u00e4.<\/p>\n<h4>TUOTTEEN MITAT:<\/h4>\n<ul>\n<li>Korkeus (mm): 410<\/li>\n<li>Leveys (mm): 200<\/li>\n<li>\n<h4>TUOTTEEN OMINAISUUDET:<\/h4>\n<ul>\n<li>V\u00e4ri: Harmaa<\/li>\n<\/ul>\n<h4>PAKKAUKSEN MITAT JA PAINO:<\/h4>\n<ul>\n<li>Rahtipaino (kg): 7,00<\/li>\n<\/ul>\n<\/li>\n<\/ul>\n","protected":false},"excerpt":{"rendered":"<p>Sitruspuserrin k\u00e4sik\u00e4ytt\u00f6inen harmaa T\u00e4m\u00e4 kest\u00e4v\u00e4 k\u00e4sik\u00e4ytt\u00f6inen mehupuristin erottaa mehun nopeasti, tehokkaasti ja helposti appelsiinista, sitruunasta,&#8230;<\/p>\n","protected":false},"featured_media":3089,"template":"","meta":{"_acf_changed":false,"inline_featured_image":false},"product_brand":[],"product_cat":[235,234],"product_tag":[],"class_list":{"0":"post-5006","1":"product","2":"type-product","3":"status-publish","4":"has-post-thumbnail","6":"product_cat-mehupuristimet","7":"product_cat-sitruspuristimet","8":"product_shipping_class-vaike-pakk-fi","10":"first","11":"outofstock","12":"taxable","13":"shipping-taxable","14":"purchasable","15":"product-type-simple"},"acf":[],"_links":{"self":[{"href":"https:\/\/abpolar.ee\/fi\/wp-json\/wp\/v2\/product\/5006","targetHints":{"allow":["GET"]}}],"collection":[{"href":"https:\/\/abpolar.ee\/fi\/wp-json\/wp\/v2\/product"}],"about":[{"href":"https:\/\/abpolar.ee\/fi\/wp-json\/wp\/v2\/types\/product"}],"wp:featuredmedia":[{"embeddable":true,"href":"https:\/\/abpolar.ee\/fi\/wp-json\/wp\/v2\/media\/3089"}],"wp:attachment":[{"href":"https:\/\/abpolar.ee\/fi\/wp-json\/wp\/v2\/media?parent=5006"}],"wp:term":[{"taxonomy":"product_brand","embeddable":true,"href":"https:\/\/abpolar.ee\/fi\/wp-json\/wp\/v2\/product_brand?post=5006"},{"taxonomy":"product_cat","embeddable":true,"href":"https:\/\/abpolar.ee\/fi\/wp-json\/wp\/v2\/product_cat?post=5006"},{"taxonomy":"product_tag","embeddable":true,"href":"https:\/\/abpolar.ee\/fi\/wp-json\/wp\/v2\/product_tag?post=5006"}],"curies":[{"name":"wp","href":"https:\/\/api.w.org\/{rel}","templated":true}]}}