{"id":5013,"date":"2022-11-17T16:09:32","date_gmt":"2022-11-17T14:09:32","guid":{"rendered":"https:\/\/abpolar-ee.vserver.zonevs.eu\/tooted\/aiatarvete-kapp-terrassile-87x40x95cm-vaike\/"},"modified":"2025-08-14T18:10:11","modified_gmt":"2025-08-14T15:10:11","slug":"puutarhatarvikkeiden-kaappi-terassiin-87x40x95cm","status":"publish","type":"product","link":"https:\/\/abpolar.ee\/fi\/puutarhatarvikkeiden-kaappi-terassiin-87x40x95cm\/","title":{"rendered":"Puutarhatarvikkeiden kaappi terassiin 87x40x95cm"},"content":{"rendered":"<h2>Puutarhakaappi 87x40x95cm<\/h2>\n<p>Puutarhakaappi sopii esimerkiksi terassille, kes\u00e4keitti\u00f6\u00f6n tai kasvihuoneeseen. Puutarhanhoitoon, ruoanlaittoon tai pihapeleihin liittyv\u00e4t tarvikkeet pysyv\u00e4t hyv\u00e4ss\u00e4 j\u00e4rjestyksess\u00e4, kun niill\u00e4 on oma paikka puutarhakaapissa.<\/p>\n<p>Kaapissa on kaksi ovea, s\u00e4\u00e4nkest\u00e4v\u00e4 katto, yksi puuhylly ja metallivetimet.<\/p>\n<p>Onko aika laittaa piha ja puutarha j\u00e4rjestykseen? Tilaa puutarhakaappi!<\/p>\n<ul>\n<li>Korkeus (cm): 95<br \/>\nLeveys (cm): 86,5<br \/>\nSyvyys (cm): 40<br \/>\nMateriaali: kyll\u00e4stetty puu<br \/>\nValmiiksi koottu: ei<\/li>\n<\/ul>\n","protected":false},"excerpt":{"rendered":"<p>Puutarhakaappi 87x40x95cm Puutarhakaappi sopii esimerkiksi terassille, kes\u00e4keitti\u00f6\u00f6n tai kasvihuoneeseen. Puutarhanhoitoon, ruoanlaittoon tai pihapeleihin liittyv\u00e4t tarvikkeet&#8230;<\/p>\n","protected":false},"featured_media":2949,"template":"","meta":{"_acf_changed":false,"inline_featured_image":false},"product_brand":[],"product_cat":[220,188],"product_tag":[],"class_list":{"0":"post-5013","1":"product","2":"type-product","3":"status-publish","4":"has-post-thumbnail","6":"product_cat-piha","7":"product_cat-puutarhakalusteet","8":"product_shipping_class-pakk-kuni-30kg-fi","10":"first","11":"instock","12":"taxable","13":"shipping-taxable","14":"purchasable","15":"product-type-simple"},"acf":[],"_links":{"self":[{"href":"https:\/\/abpolar.ee\/fi\/wp-json\/wp\/v2\/product\/5013","targetHints":{"allow":["GET"]}}],"collection":[{"href":"https:\/\/abpolar.ee\/fi\/wp-json\/wp\/v2\/product"}],"about":[{"href":"https:\/\/abpolar.ee\/fi\/wp-json\/wp\/v2\/types\/product"}],"wp:featuredmedia":[{"embeddable":true,"href":"https:\/\/abpolar.ee\/fi\/wp-json\/wp\/v2\/media\/2949"}],"wp:attachment":[{"href":"https:\/\/abpolar.ee\/fi\/wp-json\/wp\/v2\/media?parent=5013"}],"wp:term":[{"taxonomy":"product_brand","embeddable":true,"href":"https:\/\/abpolar.ee\/fi\/wp-json\/wp\/v2\/product_brand?post=5013"},{"taxonomy":"product_cat","embeddable":true,"href":"https:\/\/abpolar.ee\/fi\/wp-json\/wp\/v2\/product_cat?post=5013"},{"taxonomy":"product_tag","embeddable":true,"href":"https:\/\/abpolar.ee\/fi\/wp-json\/wp\/v2\/product_tag?post=5013"}],"curies":[{"name":"wp","href":"https:\/\/api.w.org\/{rel}","templated":true}]}}