{"id":5015,"date":"2022-11-17T16:09:32","date_gmt":"2022-11-17T14:09:32","guid":{"rendered":"https:\/\/abpolar-ee.vserver.zonevs.eu\/?post_type=product&#038;p=5015"},"modified":"2023-02-28T11:03:36","modified_gmt":"2023-02-28T09:03:36","slug":"puutarhatarvikkeiden-kaappi-terassiin","status":"publish","type":"product","link":"https:\/\/abpolar.ee\/fi\/puutarhatarvikkeiden-kaappi-terassiin\/","title":{"rendered":"Puutarhatarvikkeiden kaappi terassiin 87x46x160cm"},"content":{"rendered":"<h2>Puutarhatarvikkeiden kaappi terassiin 87x46x160cm<\/h2>\n<p>Kaappi sopii terassille tai kes\u00e4keitti\u00f6\u00f6n.<br \/>\nS\u00e4\u00e4nkest\u00e4v\u00e4 katto, kaksi hylly\u00e4, metallivetimet<\/p>\n<p>&nbsp;<\/p>\n<ul>\n<li>Korkeus (cm): 160<\/li>\n<li>Leveys (cm): 86,5<\/li>\n<li>Syvyys (cm): 46,5<\/li>\n<li>Materiaali: Puu<\/li>\n<li>Valmiiksi koottu: Ei<\/li>\n<\/ul>\n","protected":false},"excerpt":{"rendered":"<p>Puutarhatarvikkeiden kaappi terassiin 87x46x160cm Kaappi sopii terassille tai kes\u00e4keitti\u00f6\u00f6n. S\u00e4\u00e4nkest\u00e4v\u00e4 katto, kaksi hylly\u00e4, metallivetimet &nbsp;&#8230;<\/p>\n","protected":false},"featured_media":2952,"template":"","meta":{"_acf_changed":false,"inline_featured_image":false},"product_brand":[],"product_cat":[220,188],"product_tag":[],"class_list":{"0":"post-5015","1":"product","2":"type-product","3":"status-publish","4":"has-post-thumbnail","6":"product_cat-piha","7":"product_cat-puutarhakalusteet","8":"product_shipping_class-pakk-kuni-30kg-fi","10":"first","11":"instock","12":"taxable","13":"shipping-taxable","14":"purchasable","15":"product-type-simple"},"acf":[],"_links":{"self":[{"href":"https:\/\/abpolar.ee\/fi\/wp-json\/wp\/v2\/product\/5015","targetHints":{"allow":["GET"]}}],"collection":[{"href":"https:\/\/abpolar.ee\/fi\/wp-json\/wp\/v2\/product"}],"about":[{"href":"https:\/\/abpolar.ee\/fi\/wp-json\/wp\/v2\/types\/product"}],"wp:featuredmedia":[{"embeddable":true,"href":"https:\/\/abpolar.ee\/fi\/wp-json\/wp\/v2\/media\/2952"}],"wp:attachment":[{"href":"https:\/\/abpolar.ee\/fi\/wp-json\/wp\/v2\/media?parent=5015"}],"wp:term":[{"taxonomy":"product_brand","embeddable":true,"href":"https:\/\/abpolar.ee\/fi\/wp-json\/wp\/v2\/product_brand?post=5015"},{"taxonomy":"product_cat","embeddable":true,"href":"https:\/\/abpolar.ee\/fi\/wp-json\/wp\/v2\/product_cat?post=5015"},{"taxonomy":"product_tag","embeddable":true,"href":"https:\/\/abpolar.ee\/fi\/wp-json\/wp\/v2\/product_tag?post=5015"}],"curies":[{"name":"wp","href":"https:\/\/api.w.org\/{rel}","templated":true}]}}