{"id":5020,"date":"2022-11-17T16:09:40","date_gmt":"2022-11-17T14:09:40","guid":{"rendered":"https:\/\/abpolar-ee.vserver.zonevs.eu\/?post_type=product&#038;p=5020"},"modified":"2023-02-28T14:27:23","modified_gmt":"2023-02-28T12:27:23","slug":"pihakeinu-3-istuttava","status":"publish","type":"product","link":"https:\/\/abpolar.ee\/fi\/pihakeinu-3-istuttava\/","title":{"rendered":"Pihakeinu 3-istuttava"},"content":{"rendered":"<h2 class=\"text-xl font-bold leading-6\">Pihakeinu 3-istuttava<\/h2>\n<p>Kolmen istuttava puutarhakeinu katoksella.<br \/>\nKeinun runko on valmistettu mustaksi maalatusta ter\u00e4ksest\u00e4<\/p>\n<ul class=\"list-disc ml-2 mr-3\" data-v-b4b16f92=\"\">\n<li data-v-b4b16f92=\"\"><strong>Istuin ja selk\u00e4noja on valmistettu vedenpit\u00e4v\u00e4st\u00e4 polyesterikankaasta, v\u00e4ri: musta<\/strong><\/li>\n<li data-v-b4b16f92=\"\"><strong>Kallistettava katos on verhoiltu s\u00e4\u00e4nkest\u00e4v\u00e4ll\u00e4 polyesterikankaalla<\/strong><\/li>\n<li data-v-b4b16f92=\"\"><strong>Mitat: 170x110x153cm<\/strong><\/li>\n<li><strong>Valmiiksi koottu: Ei<\/strong><\/li>\n<li><strong>Kantavuus 100kg<\/strong><\/li>\n<\/ul>\n","protected":false},"excerpt":{"rendered":"<p>Pihakeinu 3-istuttava Kolmen istuttava puutarhakeinu katoksella. Keinun runko on valmistettu mustaksi maalatusta ter\u00e4ksest\u00e4 Istuin ja&#8230;<\/p>\n","protected":false},"featured_media":2919,"template":"","meta":{"_acf_changed":false,"inline_featured_image":false},"product_brand":[],"product_cat":[220,218],"product_tag":[],"class_list":{"0":"post-5020","1":"product","2":"type-product","3":"status-publish","4":"has-post-thumbnail","6":"product_cat-piha","7":"product_cat-pihakeinut","8":"product_shipping_class-pakk-kuni-30kg-fi","10":"first","11":"instock","12":"sale","13":"taxable","14":"shipping-taxable","15":"purchasable","16":"product-type-simple"},"acf":[],"_links":{"self":[{"href":"https:\/\/abpolar.ee\/fi\/wp-json\/wp\/v2\/product\/5020","targetHints":{"allow":["GET"]}}],"collection":[{"href":"https:\/\/abpolar.ee\/fi\/wp-json\/wp\/v2\/product"}],"about":[{"href":"https:\/\/abpolar.ee\/fi\/wp-json\/wp\/v2\/types\/product"}],"wp:featuredmedia":[{"embeddable":true,"href":"https:\/\/abpolar.ee\/fi\/wp-json\/wp\/v2\/media\/2919"}],"wp:attachment":[{"href":"https:\/\/abpolar.ee\/fi\/wp-json\/wp\/v2\/media?parent=5020"}],"wp:term":[{"taxonomy":"product_brand","embeddable":true,"href":"https:\/\/abpolar.ee\/fi\/wp-json\/wp\/v2\/product_brand?post=5020"},{"taxonomy":"product_cat","embeddable":true,"href":"https:\/\/abpolar.ee\/fi\/wp-json\/wp\/v2\/product_cat?post=5020"},{"taxonomy":"product_tag","embeddable":true,"href":"https:\/\/abpolar.ee\/fi\/wp-json\/wp\/v2\/product_tag?post=5020"}],"curies":[{"name":"wp","href":"https:\/\/api.w.org\/{rel}","templated":true}]}}