{"id":5025,"date":"2022-11-17T16:09:29","date_gmt":"2022-11-17T14:09:29","guid":{"rendered":"https:\/\/abpolar-ee.vserver.zonevs.eu\/?post_type=product&#038;p=5025"},"modified":"2023-02-28T14:09:01","modified_gmt":"2023-02-28T12:09:01","slug":"hiekkalaatikko-kaivinkone-pyorilla","status":"publish","type":"product","link":"https:\/\/abpolar.ee\/fi\/hiekkalaatikko-kaivinkone-pyorilla\/","title":{"rendered":"Hiekkalaatikko kaivinkone py\u00f6rill\u00e4"},"content":{"rendered":"<h2 class=\"text-xl font-bold leading-6\">Hiekkalaatikko kaivinkone py\u00f6rill\u00e4<\/h2>\n<p>360\u00b0 k\u00e4\u00e4ntyv\u00e4n kaivinkoneen parissa lapsesi viihtyy hiekkalaatikossa pitemp\u00e4\u00e4n. Kaivinkone tarjoaa lapsille tuntikausiksi mukavaa tekemist\u00e4 vahvistaen samalla koordinaatiotaitojaan. Istuin on kovaa muovia ja kahvat pehme\u00e4\u00e4 kumia. Tukeva kaivinkone on valmistettu metallista. Maksimikuormitus 50 kg.<\/p>\n<p>&nbsp;<\/p>\n<ul class=\"list-disc ml-2 mr-3\" data-v-b4b16f92=\"\">\n<li data-v-b4b16f92=\"\"><strong>Kaivinkone hiekkalaatikkoon on valmistettu metalliputkista<\/strong><\/li>\n<li data-v-b4b16f92=\"\"><strong>Mitat: 120\/124x41x62\/86 cm<\/strong><\/li>\n<li data-v-b4b16f92=\"\"><strong>Istuimen mitat: 25&#215;19,5&#215;11 cm<\/strong><\/li>\n<li data-v-b4b16f92=\"\"><strong>Kauhan mitat: 12,5x10x12 cm<\/strong><\/li>\n<li data-v-b4b16f92=\"\"><strong>4 muovipy\u00f6r\u00e4\u00e4<\/strong><\/li>\n<li data-v-b4b16f92=\"\"><strong>V\u00e4ri: sininen, punainen, keltainen, maalattu jauhemaalilla<\/strong><\/li>\n<li data-v-b4b16f92=\"\"><strong>Kuormitus enint\u00e4\u00e4n: 50 kg<\/strong><\/li>\n<\/ul>\n","protected":false},"excerpt":{"rendered":"<p>Hiekkalaatikko kaivinkone py\u00f6rill\u00e4 360\u00b0 k\u00e4\u00e4ntyv\u00e4n kaivinkoneen parissa lapsesi viihtyy hiekkalaatikossa pitemp\u00e4\u00e4n. Kaivinkone tarjoaa lapsille tuntikausiksi&#8230;<\/p>\n","protected":false},"featured_media":3000,"template":"","meta":{"_acf_changed":false,"inline_featured_image":false},"product_brand":[],"product_cat":[231],"product_tag":[],"class_list":{"0":"post-5025","1":"product","2":"type-product","3":"status-publish","4":"has-post-thumbnail","6":"product_cat-lasten-piha","7":"product_shipping_class-vaike-pakk-fi","9":"first","10":"instock","11":"taxable","12":"shipping-taxable","13":"purchasable","14":"product-type-simple"},"acf":[],"_links":{"self":[{"href":"https:\/\/abpolar.ee\/fi\/wp-json\/wp\/v2\/product\/5025","targetHints":{"allow":["GET"]}}],"collection":[{"href":"https:\/\/abpolar.ee\/fi\/wp-json\/wp\/v2\/product"}],"about":[{"href":"https:\/\/abpolar.ee\/fi\/wp-json\/wp\/v2\/types\/product"}],"wp:featuredmedia":[{"embeddable":true,"href":"https:\/\/abpolar.ee\/fi\/wp-json\/wp\/v2\/media\/3000"}],"wp:attachment":[{"href":"https:\/\/abpolar.ee\/fi\/wp-json\/wp\/v2\/media?parent=5025"}],"wp:term":[{"taxonomy":"product_brand","embeddable":true,"href":"https:\/\/abpolar.ee\/fi\/wp-json\/wp\/v2\/product_brand?post=5025"},{"taxonomy":"product_cat","embeddable":true,"href":"https:\/\/abpolar.ee\/fi\/wp-json\/wp\/v2\/product_cat?post=5025"},{"taxonomy":"product_tag","embeddable":true,"href":"https:\/\/abpolar.ee\/fi\/wp-json\/wp\/v2\/product_tag?post=5025"}],"curies":[{"name":"wp","href":"https:\/\/api.w.org\/{rel}","templated":true}]}}