{"id":5029,"date":"2022-11-11T14:32:34","date_gmt":"2022-11-11T12:32:34","guid":{"rendered":"https:\/\/abpolar-ee.vserver.zonevs.eu\/?post_type=product&#038;p=5029"},"modified":"2023-02-28T14:25:50","modified_gmt":"2023-02-28T12:25:50","slug":"keinuhevonen-yksisarvinen-aanilla-pinkki","status":"publish","type":"product","link":"https:\/\/abpolar.ee\/fi\/keinuhevonen-yksisarvinen-aanilla-pinkki\/","title":{"rendered":"Keinuhevonen-yksisarvinen, \u00e4\u00e4nill\u00e4, pinkki"},"content":{"rendered":"<h2><strong>Keinuhevonen-yksisarvinen, \u00e4\u00e4nill\u00e4, pinkki<\/strong><\/h2>\n<p>Suloinen pinkki keinuhevonen-yksisarvinen \u00e4\u00e4nill\u00e4.<\/p>\n<h4>TUOTTEEN MITAT:<\/h4>\n<ul>\n<li>Korkeus (cm): 58<\/li>\n<li>Leveys (cm): 53<\/li>\n<\/ul>\n<h4>TUOTTEEN OMINAISUUDET:<\/h4>\n<ul>\n<li>V\u00e4ri: Punainen<\/li>\n<li>V\u00e4rin tarkenne: pinkki<\/li>\n<li>Materiaali: Polyesteri, Puu<\/li>\n<li>Max. kuorma (kg): 45<\/li>\n<li>Istuinkorkeus: 22 cm<\/li>\n<li>Mukana 3 kpl LR44-paristoja<\/li>\n<\/ul>\n<p>&nbsp;<\/p>\n","protected":false},"excerpt":{"rendered":"<p>Keinuhevonen-yksisarvinen, \u00e4\u00e4nill\u00e4, pinkki Suloinen pinkki keinuhevonen-yksisarvinen \u00e4\u00e4nill\u00e4. TUOTTEEN MITAT: Korkeus (cm): 58 Leveys (cm): 53&#8230;<\/p>\n","protected":false},"featured_media":2610,"template":"","meta":{"_acf_changed":false,"inline_featured_image":false},"product_brand":[],"product_cat":[231],"product_tag":[],"class_list":{"0":"post-5029","1":"product","2":"type-product","3":"status-publish","4":"has-post-thumbnail","6":"product_cat-lasten-piha","7":"product_shipping_class-vaike-pakk-fi","9":"first","10":"outofstock","11":"taxable","12":"shipping-taxable","13":"purchasable","14":"product-type-simple"},"acf":[],"_links":{"self":[{"href":"https:\/\/abpolar.ee\/fi\/wp-json\/wp\/v2\/product\/5029","targetHints":{"allow":["GET"]}}],"collection":[{"href":"https:\/\/abpolar.ee\/fi\/wp-json\/wp\/v2\/product"}],"about":[{"href":"https:\/\/abpolar.ee\/fi\/wp-json\/wp\/v2\/types\/product"}],"wp:featuredmedia":[{"embeddable":true,"href":"https:\/\/abpolar.ee\/fi\/wp-json\/wp\/v2\/media\/2610"}],"wp:attachment":[{"href":"https:\/\/abpolar.ee\/fi\/wp-json\/wp\/v2\/media?parent=5029"}],"wp:term":[{"taxonomy":"product_brand","embeddable":true,"href":"https:\/\/abpolar.ee\/fi\/wp-json\/wp\/v2\/product_brand?post=5029"},{"taxonomy":"product_cat","embeddable":true,"href":"https:\/\/abpolar.ee\/fi\/wp-json\/wp\/v2\/product_cat?post=5029"},{"taxonomy":"product_tag","embeddable":true,"href":"https:\/\/abpolar.ee\/fi\/wp-json\/wp\/v2\/product_tag?post=5029"}],"curies":[{"name":"wp","href":"https:\/\/api.w.org\/{rel}","templated":true}]}}