{"id":5030,"date":"2022-11-17T16:08:29","date_gmt":"2022-11-17T14:08:29","guid":{"rendered":"https:\/\/abpolar-ee.vserver.zonevs.eu\/?post_type=product&#038;p=5030"},"modified":"2025-06-02T15:18:58","modified_gmt":"2025-06-02T12:18:58","slug":"lasten-kotikarryt","status":"publish","type":"product","link":"https:\/\/abpolar.ee\/fi\/lasten-kotikarryt\/","title":{"rendered":"Lasten kotik\u00e4rryt"},"content":{"rendered":"<h2 class=\"text-xl font-bold leading-6\">Lasten kotik\u00e4rryt<\/h2>\n<p>&nbsp;<\/p>\n<ul class=\"list-disc ml-2 mr-3\" data-v-b4b16f92=\"\">\n<li data-v-b4b16f92=\"\"><strong>Lasten kotik\u00e4rry on valmistettu maalatusta ter\u00e4ksest\u00e4<\/strong><\/li>\n<li data-v-b4b16f92=\"\"><strong>Tilavuus: 5 L<\/strong><\/li>\n<li data-v-b4b16f92=\"\"><strong>Kantavuus: 5 kg<\/strong><\/li>\n<li data-v-b4b16f92=\"\"><strong>V\u00e4ri: punainen\/ keltainen<\/strong><\/li>\n<li data-v-b4b16f92=\"\"><strong>Mitat: 36x38x7 cm<\/strong><\/li>\n<li data-v-b4b16f92=\"\"><strong>Paino: 3,5 kg<\/strong><\/li>\n<\/ul>\n","protected":false},"excerpt":{"rendered":"<p>Lasten kotik\u00e4rryt &nbsp; Lasten kotik\u00e4rry on valmistettu maalatusta ter\u00e4ksest\u00e4 Tilavuus: 5 L Kantavuus: 5 kg&#8230;<\/p>\n","protected":false},"featured_media":2994,"template":"","meta":{"_acf_changed":false,"inline_featured_image":false},"product_brand":[],"product_cat":[231],"product_tag":[],"class_list":{"0":"post-5030","1":"product","2":"type-product","3":"status-publish","4":"has-post-thumbnail","6":"product_cat-lasten-piha","7":"product_shipping_class-vaike-pakk-fi","9":"first","10":"instock","11":"sale","12":"taxable","13":"shipping-taxable","14":"purchasable","15":"product-type-simple"},"acf":[],"_links":{"self":[{"href":"https:\/\/abpolar.ee\/fi\/wp-json\/wp\/v2\/product\/5030","targetHints":{"allow":["GET"]}}],"collection":[{"href":"https:\/\/abpolar.ee\/fi\/wp-json\/wp\/v2\/product"}],"about":[{"href":"https:\/\/abpolar.ee\/fi\/wp-json\/wp\/v2\/types\/product"}],"wp:featuredmedia":[{"embeddable":true,"href":"https:\/\/abpolar.ee\/fi\/wp-json\/wp\/v2\/media\/2994"}],"wp:attachment":[{"href":"https:\/\/abpolar.ee\/fi\/wp-json\/wp\/v2\/media?parent=5030"}],"wp:term":[{"taxonomy":"product_brand","embeddable":true,"href":"https:\/\/abpolar.ee\/fi\/wp-json\/wp\/v2\/product_brand?post=5030"},{"taxonomy":"product_cat","embeddable":true,"href":"https:\/\/abpolar.ee\/fi\/wp-json\/wp\/v2\/product_cat?post=5030"},{"taxonomy":"product_tag","embeddable":true,"href":"https:\/\/abpolar.ee\/fi\/wp-json\/wp\/v2\/product_tag?post=5030"}],"curies":[{"name":"wp","href":"https:\/\/api.w.org\/{rel}","templated":true}]}}